{"id":4203,"date":"2023-09-19T13:58:33","date_gmt":"2023-09-19T13:58:36","guid":{"rendered":"https:\/\/www.mwall.eu\/?post_type=product&#038;p=4203"},"modified":"2024-03-01T12:40:48","modified_gmt":"2024-03-01T12:40:48","slug":"m-wall-corner","status":"publish","type":"product","link":"https:\/\/www.mwall.eu\/de\/product\/m-wall-corner\/","title":{"rendered":"M-Wall Corner"},"content":{"rendered":"<div class=\"wpb-content-wrapper\"><p>[vc_row][vc_column][vc_column_text]<\/p>\n<h2>Entdecken Sie die neue M-Wall Corner Kollektion<\/h2>\n<p>F\u00fcr diejenigen, die nach hochwertigen, schl\u00fcsselfertigen L\u00f6sungen f\u00fcr Wand- und Eckenschutz suchen, ist die M-Wall Corner Kollektion eine Innovation, auf die man gespannt sein kann. Die Serie, bestehend aus vier einzigartigen Modellen, kombiniert Funktionalit\u00e4t, Langlebigkeit und \u00c4sthetik.[\/vc_column_text][\/vc_column][\/vc_row][vc_row][vc_column width=&#8220;1\/2&#8243;][vc_column_text]<\/p>\n<h2>CS-01<\/h2>\n<p>Diese 90-Grad-Ecke ist eine kraftvolle, homogene L\u00f6sung f\u00fcr Ihre Wand. Der M-Wall CS01, gefertigt aus 2 mm dickem PVC, bietet die M\u00f6glichkeit, auf verschiedene H\u00f6hen angepasst zu werden. Mit einem subtilen Design und einer abgeschr\u00e4gten Fase ist diese Ecke nicht nur \u00e4sthetisch ansprechend, sondern auch praktisch. In L\u00e4ngen von 1.500 mm oder 3.000 mm lieferbar und in Einheiten von 10 St\u00fcck verpackt, sorgt der M-Wall CS01 f\u00fcr eine nahtlose Integration in jeden Raum.[\/vc_column_text][\/vc_column][vc_column width=&#8220;1\/2&#8243;][vc_column_text]<\/p>\n<h2>CS-02<\/h2>\n<p>Mit einem starken Aluminiumkern und einer Abdeckkappe aus homogenem PVC ist der M-Wall CS-02 eine robuste Wahl f\u00fcr jedes Interieur. Wie der CS01 ist auch diese 90-Grad-Ecke in L\u00e4ngen von 1.500 mm oder 3.000 mm erh\u00e4ltlich. Und f\u00fcr ein verfeinertes Finish kommt der CS-02 mit einer separaten Abdeckkappe mit abgerundeten Seiten.[\/vc_column_text][\/vc_column][\/vc_row][vc_row][vc_column width=&#8220;1\/2&#8243;][vc_column_text]<\/p>\n<h2>HD-01<\/h2>\n<p>F\u00fcr R\u00e4ume, die zus\u00e4tzlichen Schutz ben\u00f6tigen, bietet der M-Wall HD-01 eine verst\u00e4rkte, sto\u00dffeste L\u00f6sung. Hergestellt aus dem langlebigen EPDM, verf\u00fcgt diese Ecke auch \u00fcber zwei auff\u00e4llige, gelbe reflektierende Streifen f\u00fcr zus\u00e4tzliche Sicherheit. Auch wie die anderen Modelle bietet es Flexibilit\u00e4t in der L\u00e4nge, von 1.500 mm bis 3.000 mm.[\/vc_column_text][\/vc_column][vc_column width=&#8220;1\/2&#8243;][vc_column_text]<\/p>\n<h2>HD-Schiene<\/h2>\n<p>Die M-Wall HD-Schiene geht \u00fcber blo\u00dfen Eckenschutz hinaus. Diese Sto\u00dfleiste, ebenfalls aus sto\u00dffestem EPDM gefertigt, ist ideal f\u00fcr R\u00e4ume, die zus\u00e4tzlichen Schutz ben\u00f6tigen. Mit zwei gelben reflektierenden Streifen und einer gro\u00dfz\u00fcgigen Dicke von 20 mm kombiniert die HD-Schiene Sicherheit und Design.[\/vc_column_text][\/vc_column][\/vc_row][vc_row][vc_column][vc_column_text]<\/p>\n<h2>Zus\u00e4tzliche Vorteile<\/h2>\n<ul>\n<li>Schl\u00fcsselfertig: Diese Modelle sind mit Blick auf Komfort konzipiert. Sie sind einfach zu montieren und an Ihren Raum anzupassen.<\/li>\n<li>Nachhaltig: Jedes Modell ist vollst\u00e4ndig recycelbar.<\/li>\n<li>\u00c4sthetisch: Subtile Designs mit Augenmerk auf Details wie abgeschr\u00e4gte Kanten und Abdeckkappen.<\/li>\n<\/ul>\n<p>Mehr Informationen ben\u00f6tigt? Tauchen Sie tiefer in die technischen Details unserer M-Wall Corner Kollektion ein. Laden Sie unsere umfassende Brosch\u00fcre f\u00fcr alle Modelle und Farboptionen herunter. Technische Zeichnungen stehen ebenfalls zum Download zur Verf\u00fcgung.[\/vc_column_text][\/vc_column][\/vc_row]<\/p>\n<\/div>","protected":false},"excerpt":{"rendered":"<p><span style=\"font-weight: 400;\">M-Wall Corner ist die neueste innovative Erg\u00e4nzung des M-Wall-Sortiments, speziell entwickelt als <strong>schl\u00fcsselfertige Eckensch\u00fctzer<\/strong> f\u00fcr optimalen Schutz und \u00c4sthetik. Diese aus hochwertigen Materialien wie PVC und EPDM gefertigten Eckensch\u00fctzer bieten perfekten Schutz gegen St\u00f6\u00dfe.<\/span><\/p>\n<p>Jedes Modell innerhalb von M-Wall Corner ist sorgf\u00e4ltig entworfen, um spezifischen Anforderungen gerecht zu werden, sei es in Bezug auf Funktionalit\u00e4t, Langlebigkeit oder \u00e4sthetisches Finish. W\u00e4hlen Sie aus vier verschiedenen Modellen und personalisieren Sie Ihren Raum mit verschiedenen Farboptionen. Entscheiden Sie sich f\u00fcr die perfekte Balance zwischen Funktionalit\u00e4t und Stil mit M-Wall Corner.<\/p>\n<p>Modell CS01 und CS02 sind in den Farben Grau und Off-White erh\u00e4ltlich. <strong>Weitere Farben sind auf Anfrage verf\u00fcgbar.<\/strong><\/p>\n","protected":false},"featured_media":4999,"template":"","meta":[],"product_brand":[],"product_cat":[206],"product_tag":[],"class_list":{"0":"post-4203","1":"product","2":"type-product","3":"status-publish","4":"has-post-thumbnail","6":"product_cat-producten-de","8":"first","9":"instock","10":"sold-individually","11":"shipping-taxable","12":"purchasable","13":"product-type-variable"},"yoast_head":"<!-- This site is optimized with the Yoast SEO plugin v27.3 - https:\/\/yoast.com\/product\/yoast-seo-wordpress\/ -->\n<title>M-Wall Corner | Fertiger Eckenschutz<\/title>\n<meta name=\"description\" content=\"M-Wall Corner bietet eine Mischung aus Funktionalit\u00e4t und Design im Eckenschutz. In mehreren Farben und Gr\u00f6\u00dfen erh\u00e4ltlich. Bestellen Sie ein Muster!\" \/>\n<meta name=\"robots\" content=\"index, follow, max-snippet:-1, max-image-preview:large, max-video-preview:-1\" \/>\n<link rel=\"canonical\" href=\"https:\/\/www.mwall.eu\/de\/product\/m-wall-corner\/\" \/>\n<meta property=\"og:locale\" content=\"de_DE\" \/>\n<meta property=\"og:type\" content=\"article\" \/>\n<meta property=\"og:title\" content=\"M-Wall Corner | Fertiger Eckenschutz\" \/>\n<meta property=\"og:description\" content=\"M-Wall Corner bietet eine Mischung aus Funktionalit\u00e4t und Design im Eckenschutz. In mehreren Farben und Gr\u00f6\u00dfen erh\u00e4ltlich. Bestellen Sie ein Muster!\" \/>\n<meta property=\"og:url\" content=\"https:\/\/www.mwall.eu\/de\/product\/m-wall-corner\/\" \/>\n<meta property=\"og:site_name\" content=\"M-Wall\" \/>\n<meta property=\"article:modified_time\" content=\"2024-03-01T12:40:48+00:00\" \/>\n<meta property=\"og:image\" content=\"https:\/\/www.mwall.eu\/wp-content\/uploads\/2023\/09\/IMG_8606-scaled.webp\" \/>\n\t<meta property=\"og:image:width\" content=\"1920\" \/>\n\t<meta property=\"og:image:height\" content=\"2560\" \/>\n\t<meta property=\"og:image:type\" content=\"image\/webp\" \/>\n<meta name=\"twitter:card\" content=\"summary_large_image\" \/>\n<meta name=\"twitter:label1\" content=\"Gesch\u00e4tzte Lesezeit\" \/>\n\t<meta name=\"twitter:data1\" content=\"2\u00a0Minuten\" \/>\n<script type=\"application\/ld+json\" class=\"yoast-schema-graph\">{\"@context\":\"https:\\\/\\\/schema.org\",\"@graph\":[{\"@type\":\"WebPage\",\"@id\":\"https:\\\/\\\/www.mwall.eu\\\/de\\\/product\\\/m-wall-corner\\\/\",\"url\":\"https:\\\/\\\/www.mwall.eu\\\/de\\\/product\\\/m-wall-corner\\\/\",\"name\":\"M-Wall Corner | Fertiger Eckenschutz\",\"isPartOf\":{\"@id\":\"https:\\\/\\\/www.mwall.eu\\\/#website\"},\"primaryImageOfPage\":{\"@id\":\"https:\\\/\\\/www.mwall.eu\\\/de\\\/product\\\/m-wall-corner\\\/#primaryimage\"},\"image\":{\"@id\":\"https:\\\/\\\/www.mwall.eu\\\/de\\\/product\\\/m-wall-corner\\\/#primaryimage\"},\"thumbnailUrl\":\"https:\\\/\\\/www.mwall.eu\\\/wp-content\\\/uploads\\\/2023\\\/09\\\/HR-Rumc-Pgebouw-longziekten_0194-scaled.jpg\",\"datePublished\":\"2023-09-19T13:58:36+00:00\",\"dateModified\":\"2024-03-01T12:40:48+00:00\",\"description\":\"M-Wall Corner bietet eine Mischung aus Funktionalit\u00e4t und Design im Eckenschutz. In mehreren Farben und Gr\u00f6\u00dfen erh\u00e4ltlich. Bestellen Sie ein Muster!\",\"breadcrumb\":{\"@id\":\"https:\\\/\\\/www.mwall.eu\\\/de\\\/product\\\/m-wall-corner\\\/#breadcrumb\"},\"inLanguage\":\"de\",\"potentialAction\":[{\"@type\":\"ReadAction\",\"target\":[\"https:\\\/\\\/www.mwall.eu\\\/de\\\/product\\\/m-wall-corner\\\/\"]}]},{\"@type\":\"ImageObject\",\"inLanguage\":\"de\",\"@id\":\"https:\\\/\\\/www.mwall.eu\\\/de\\\/product\\\/m-wall-corner\\\/#primaryimage\",\"url\":\"https:\\\/\\\/www.mwall.eu\\\/wp-content\\\/uploads\\\/2023\\\/09\\\/HR-Rumc-Pgebouw-longziekten_0194-scaled.jpg\",\"contentUrl\":\"https:\\\/\\\/www.mwall.eu\\\/wp-content\\\/uploads\\\/2023\\\/09\\\/HR-Rumc-Pgebouw-longziekten_0194-scaled.jpg\",\"width\":2560,\"height\":1708},{\"@type\":\"BreadcrumbList\",\"@id\":\"https:\\\/\\\/www.mwall.eu\\\/de\\\/product\\\/m-wall-corner\\\/#breadcrumb\",\"itemListElement\":[{\"@type\":\"ListItem\",\"position\":1,\"name\":\"Home\",\"item\":\"https:\\\/\\\/www.mwall.eu\\\/de\\\/\"},{\"@type\":\"ListItem\",\"position\":2,\"name\":\"Shop\",\"item\":\"https:\\\/\\\/www.mwall.eu\\\/de\\\/shop\\\/\"},{\"@type\":\"ListItem\",\"position\":3,\"name\":\"M-Wall Corner\"}]},{\"@type\":\"WebSite\",\"@id\":\"https:\\\/\\\/www.mwall.eu\\\/#website\",\"url\":\"https:\\\/\\\/www.mwall.eu\\\/\",\"name\":\"M-Wall\",\"description\":\"\",\"potentialAction\":[{\"@type\":\"SearchAction\",\"target\":{\"@type\":\"EntryPoint\",\"urlTemplate\":\"https:\\\/\\\/www.mwall.eu\\\/?s={search_term_string}\"},\"query-input\":{\"@type\":\"PropertyValueSpecification\",\"valueRequired\":true,\"valueName\":\"search_term_string\"}}],\"inLanguage\":\"de\"}]}<\/script>\n<!-- \/ Yoast SEO plugin. -->","yoast_head_json":{"title":"M-Wall Corner | Fertiger Eckenschutz","description":"M-Wall Corner bietet eine Mischung aus Funktionalit\u00e4t und Design im Eckenschutz. In mehreren Farben und Gr\u00f6\u00dfen erh\u00e4ltlich. Bestellen Sie ein Muster!","robots":{"index":"index","follow":"follow","max-snippet":"max-snippet:-1","max-image-preview":"max-image-preview:large","max-video-preview":"max-video-preview:-1"},"canonical":"https:\/\/www.mwall.eu\/de\/product\/m-wall-corner\/","og_locale":"de_DE","og_type":"article","og_title":"M-Wall Corner | Fertiger Eckenschutz","og_description":"M-Wall Corner bietet eine Mischung aus Funktionalit\u00e4t und Design im Eckenschutz. In mehreren Farben und Gr\u00f6\u00dfen erh\u00e4ltlich. Bestellen Sie ein Muster!","og_url":"https:\/\/www.mwall.eu\/de\/product\/m-wall-corner\/","og_site_name":"M-Wall","article_modified_time":"2024-03-01T12:40:48+00:00","og_image":[{"width":1920,"height":2560,"url":"https:\/\/www.mwall.eu\/wp-content\/uploads\/2023\/09\/IMG_8606-scaled.webp","type":"image\/webp"}],"twitter_card":"summary_large_image","twitter_misc":{"Gesch\u00e4tzte Lesezeit":"2\u00a0Minuten"},"schema":{"@context":"https:\/\/schema.org","@graph":[{"@type":"WebPage","@id":"https:\/\/www.mwall.eu\/de\/product\/m-wall-corner\/","url":"https:\/\/www.mwall.eu\/de\/product\/m-wall-corner\/","name":"M-Wall Corner | Fertiger Eckenschutz","isPartOf":{"@id":"https:\/\/www.mwall.eu\/#website"},"primaryImageOfPage":{"@id":"https:\/\/www.mwall.eu\/de\/product\/m-wall-corner\/#primaryimage"},"image":{"@id":"https:\/\/www.mwall.eu\/de\/product\/m-wall-corner\/#primaryimage"},"thumbnailUrl":"https:\/\/www.mwall.eu\/wp-content\/uploads\/2023\/09\/HR-Rumc-Pgebouw-longziekten_0194-scaled.jpg","datePublished":"2023-09-19T13:58:36+00:00","dateModified":"2024-03-01T12:40:48+00:00","description":"M-Wall Corner bietet eine Mischung aus Funktionalit\u00e4t und Design im Eckenschutz. In mehreren Farben und Gr\u00f6\u00dfen erh\u00e4ltlich. Bestellen Sie ein Muster!","breadcrumb":{"@id":"https:\/\/www.mwall.eu\/de\/product\/m-wall-corner\/#breadcrumb"},"inLanguage":"de","potentialAction":[{"@type":"ReadAction","target":["https:\/\/www.mwall.eu\/de\/product\/m-wall-corner\/"]}]},{"@type":"ImageObject","inLanguage":"de","@id":"https:\/\/www.mwall.eu\/de\/product\/m-wall-corner\/#primaryimage","url":"https:\/\/www.mwall.eu\/wp-content\/uploads\/2023\/09\/HR-Rumc-Pgebouw-longziekten_0194-scaled.jpg","contentUrl":"https:\/\/www.mwall.eu\/wp-content\/uploads\/2023\/09\/HR-Rumc-Pgebouw-longziekten_0194-scaled.jpg","width":2560,"height":1708},{"@type":"BreadcrumbList","@id":"https:\/\/www.mwall.eu\/de\/product\/m-wall-corner\/#breadcrumb","itemListElement":[{"@type":"ListItem","position":1,"name":"Home","item":"https:\/\/www.mwall.eu\/de\/"},{"@type":"ListItem","position":2,"name":"Shop","item":"https:\/\/www.mwall.eu\/de\/shop\/"},{"@type":"ListItem","position":3,"name":"M-Wall Corner"}]},{"@type":"WebSite","@id":"https:\/\/www.mwall.eu\/#website","url":"https:\/\/www.mwall.eu\/","name":"M-Wall","description":"","potentialAction":[{"@type":"SearchAction","target":{"@type":"EntryPoint","urlTemplate":"https:\/\/www.mwall.eu\/?s={search_term_string}"},"query-input":{"@type":"PropertyValueSpecification","valueRequired":true,"valueName":"search_term_string"}}],"inLanguage":"de"}]}},"_links":{"self":[{"href":"https:\/\/www.mwall.eu\/de\/wp-json\/wp\/v2\/product\/4203","targetHints":{"allow":["GET"]}}],"collection":[{"href":"https:\/\/www.mwall.eu\/de\/wp-json\/wp\/v2\/product"}],"about":[{"href":"https:\/\/www.mwall.eu\/de\/wp-json\/wp\/v2\/types\/product"}],"wp:featuredmedia":[{"embeddable":true,"href":"https:\/\/www.mwall.eu\/de\/wp-json\/wp\/v2\/media\/4999"}],"wp:attachment":[{"href":"https:\/\/www.mwall.eu\/de\/wp-json\/wp\/v2\/media?parent=4203"}],"wp:term":[{"taxonomy":"product_brand","embeddable":true,"href":"https:\/\/www.mwall.eu\/de\/wp-json\/wp\/v2\/product_brand?post=4203"},{"taxonomy":"product_cat","embeddable":true,"href":"https:\/\/www.mwall.eu\/de\/wp-json\/wp\/v2\/product_cat?post=4203"},{"taxonomy":"product_tag","embeddable":true,"href":"https:\/\/www.mwall.eu\/de\/wp-json\/wp\/v2\/product_tag?post=4203"}],"curies":[{"name":"wp","href":"https:\/\/api.w.org\/{rel}","templated":true}]}}