{"id":2287,"date":"2021-05-21T08:19:55","date_gmt":"2021-12-10T14:09:55","guid":{"rendered":"https:\/\/www.mwall.eu\/product\/m-wall-protect\/"},"modified":"2025-10-07T10:25:16","modified_gmt":"2025-10-07T10:25:16","slug":"m-wall-protect","status":"publish","type":"product","link":"https:\/\/www.mwall.eu\/de\/product\/m-wall-protect\/","title":{"rendered":"M-Wall Protect"},"content":{"rendered":"<div class=\"wpb-content-wrapper\"><p>[vc_row][vc_column][vc_column_text]<\/p>\n<h2>\u00dcber M-Wall Protect<\/h2>\n<p>Dieser Wandschutz entspricht der neuesten europ\u00e4ischen Brandschutzklassifizierung B-s1,d0 und den strengen Anforderungen der HACCP-Normen. Auf diese Weise tr\u00e4gt die M-Wall Protect zur Arbeitshygiene, Sicherheit und Lebensmittelsicherheit bei. Ein absolutes Muss in der Lebensmittelindustrie und anderen Sektoren.<\/p>\n<p>Die M-Wall Protect ist zu 100 % recycelbar und eignet sich aufgrund ihrer hohen Brandklasse auch f\u00fcr den Einsatz in Evakuierungsbereichen in \u00f6ffentlichen Geb\u00e4uden wie Flugh\u00e4fen, Krankenh\u00e4usern, Bildungseinrichtungen, Museen und Hotels. F\u00fcr den Einsatz in Reinr\u00e4umen und zertifizierten Bereichen k\u00f6nnen verschiedene Details durch thermische Behandlung detailliert werden, wodurch eine durchgehende Oberfl\u00e4che entsteht.<\/p>\n<h2>Vorteile von M-Wall Protect<\/h2>\n<p>Die Standardgr\u00f6\u00dfe eines vollen Bogens betr\u00e4gt 3.000 x 1.250 mm. Dank dieser Abmessungen ist es m\u00f6glich, die M-Wall Protect auf Bodenh\u00f6he zu installieren. Selbstverst\u00e4ndlich k\u00f6nnen die Wandpaneele in jeder gew\u00fcnschten Gr\u00f6\u00dfe angefertigt werden, so dass sie auch als Verkleidung oder Prallschutz verwendet werden k\u00f6nnen.<\/p>\n<ul>\n<li>Einzigartige PET-G-Zusammensetzung<\/li>\n<li>H\u00f6chste Brandklasse, B-s1,d0<\/li>\n<li>Keine l\u00e4stigen Kratzer und St\u00f6\u00dfe mehr<\/li>\n<li>Verringerung von Wartungsarbeiten und -kosten<\/li>\n<li>Thermisches Biegen von Ecken und S\u00e4ulen m\u00f6glich<\/li>\n<li>Nicht gl\u00e4nzend aufgrund der feinen Oberfl\u00e4chenstruktur<\/li>\n<li>Leicht zu reinigen<\/li>\n<li>Hohe chemische Best\u00e4ndigkeit<\/li>\n<li>Lieferung mit Montage m\u00f6glich<\/li>\n<\/ul>\n<p>[\/vc_column_text][\/vc_column][\/vc_row]<\/p>\n<\/div>","protected":false},"excerpt":{"rendered":"<p>[vc_row][vc_column][vc_column_text] \u00dcber M-Wall Protect Dieser Wandschutz entspricht der neuesten europ\u00e4ischen Brandschutzklassifizierung B-s1,d0 und den strengen Anforderungen der HACCP-Normen. Auf diese Weise tr\u00e4gt die M-Wall Protect zur Arbeitshygiene, Sicherheit und Lebensmittelsicherheit bei. Ein absolutes Muss in der Lebensmittelindustrie und anderen Sektoren. Die M-Wall Protect ist zu 100 % recycelbar und eignet sich aufgrund ihrer hohen Brandklasse [&hellip;]<\/p>\n","protected":false},"featured_media":3996,"template":"","meta":[],"product_brand":[],"product_cat":[206],"product_tag":[],"class_list":{"0":"post-2287","1":"product","2":"type-product","3":"status-publish","4":"has-post-thumbnail","6":"product_cat-producten-de","8":"first","9":"instock","10":"sold-individually","11":"shipping-taxable","12":"purchasable","13":"product-type-variable"},"yoast_head":"<!-- This site is optimized with the Yoast SEO plugin v27.3 - https:\/\/yoast.com\/product\/yoast-seo-wordpress\/ -->\n<title>M-Wall Protect | Hochwertiger Wandschutz<\/title>\n<meta name=\"description\" content=\"M-Wall Protect | Hochwertiger Wandschutz, der die HACCP-Normen erf\u00fcllt, mit hoher chemischer Best\u00e4ndigkeit, die leicht zu pflegen ist!\" \/>\n<meta name=\"robots\" content=\"index, follow, max-snippet:-1, max-image-preview:large, max-video-preview:-1\" \/>\n<link rel=\"canonical\" href=\"https:\/\/www.mwall.eu\/de\/product\/m-wall-protect\/\" \/>\n<meta property=\"og:locale\" content=\"de_DE\" \/>\n<meta property=\"og:type\" content=\"article\" \/>\n<meta property=\"og:title\" content=\"M-Wall Protect | Hochwertiger Wandschutz\" \/>\n<meta property=\"og:description\" content=\"M-Wall Protect | Hochwertiger Wandschutz, der die HACCP-Normen erf\u00fcllt, mit hoher chemischer Best\u00e4ndigkeit, die leicht zu pflegen ist!\" \/>\n<meta property=\"og:url\" content=\"https:\/\/www.mwall.eu\/de\/product\/m-wall-protect\/\" \/>\n<meta property=\"og:site_name\" content=\"M-Wall\" \/>\n<meta property=\"article:modified_time\" content=\"2025-10-07T10:25:16+00:00\" \/>\n<meta property=\"og:image\" content=\"https:\/\/www.mwall.eu\/wp-content\/uploads\/2023\/06\/M-Wall-Protect-Banner.webp\" \/>\n\t<meta property=\"og:image:width\" content=\"995\" \/>\n\t<meta property=\"og:image:height\" content=\"445\" \/>\n\t<meta property=\"og:image:type\" content=\"image\/webp\" \/>\n<meta name=\"twitter:card\" content=\"summary_large_image\" \/>\n<meta name=\"twitter:label1\" content=\"Gesch\u00e4tzte Lesezeit\" \/>\n\t<meta name=\"twitter:data1\" content=\"2\u00a0Minuten\" \/>\n<script type=\"application\/ld+json\" class=\"yoast-schema-graph\">{\"@context\":\"https:\\\/\\\/schema.org\",\"@graph\":[{\"@type\":\"WebPage\",\"@id\":\"https:\\\/\\\/www.mwall.eu\\\/de\\\/product\\\/m-wall-protect\\\/\",\"url\":\"https:\\\/\\\/www.mwall.eu\\\/de\\\/product\\\/m-wall-protect\\\/\",\"name\":\"M-Wall Protect | Hochwertiger Wandschutz\",\"isPartOf\":{\"@id\":\"https:\\\/\\\/www.mwall.eu\\\/#website\"},\"primaryImageOfPage\":{\"@id\":\"https:\\\/\\\/www.mwall.eu\\\/de\\\/product\\\/m-wall-protect\\\/#primaryimage\"},\"image\":{\"@id\":\"https:\\\/\\\/www.mwall.eu\\\/de\\\/product\\\/m-wall-protect\\\/#primaryimage\"},\"thumbnailUrl\":\"https:\\\/\\\/www.mwall.eu\\\/wp-content\\\/uploads\\\/2023\\\/06\\\/M-Wall-Protect-Banner.webp\",\"datePublished\":\"2021-12-10T14:09:55+00:00\",\"dateModified\":\"2025-10-07T10:25:16+00:00\",\"description\":\"M-Wall Protect | Hochwertiger Wandschutz, der die HACCP-Normen erf\u00fcllt, mit hoher chemischer Best\u00e4ndigkeit, die leicht zu pflegen ist!\",\"breadcrumb\":{\"@id\":\"https:\\\/\\\/www.mwall.eu\\\/de\\\/product\\\/m-wall-protect\\\/#breadcrumb\"},\"inLanguage\":\"de\",\"potentialAction\":[{\"@type\":\"ReadAction\",\"target\":[\"https:\\\/\\\/www.mwall.eu\\\/de\\\/product\\\/m-wall-protect\\\/\"]}]},{\"@type\":\"ImageObject\",\"inLanguage\":\"de\",\"@id\":\"https:\\\/\\\/www.mwall.eu\\\/de\\\/product\\\/m-wall-protect\\\/#primaryimage\",\"url\":\"https:\\\/\\\/www.mwall.eu\\\/wp-content\\\/uploads\\\/2023\\\/06\\\/M-Wall-Protect-Banner.webp\",\"contentUrl\":\"https:\\\/\\\/www.mwall.eu\\\/wp-content\\\/uploads\\\/2023\\\/06\\\/M-Wall-Protect-Banner.webp\",\"width\":995,\"height\":445,\"caption\":\"M-Wall Protect - Banner\"},{\"@type\":\"BreadcrumbList\",\"@id\":\"https:\\\/\\\/www.mwall.eu\\\/de\\\/product\\\/m-wall-protect\\\/#breadcrumb\",\"itemListElement\":[{\"@type\":\"ListItem\",\"position\":1,\"name\":\"Home\",\"item\":\"https:\\\/\\\/www.mwall.eu\\\/de\\\/\"},{\"@type\":\"ListItem\",\"position\":2,\"name\":\"Shop\",\"item\":\"https:\\\/\\\/www.mwall.eu\\\/de\\\/shop\\\/\"},{\"@type\":\"ListItem\",\"position\":3,\"name\":\"M-Wall Protect\"}]},{\"@type\":\"WebSite\",\"@id\":\"https:\\\/\\\/www.mwall.eu\\\/#website\",\"url\":\"https:\\\/\\\/www.mwall.eu\\\/\",\"name\":\"M-Wall\",\"description\":\"\",\"potentialAction\":[{\"@type\":\"SearchAction\",\"target\":{\"@type\":\"EntryPoint\",\"urlTemplate\":\"https:\\\/\\\/www.mwall.eu\\\/?s={search_term_string}\"},\"query-input\":{\"@type\":\"PropertyValueSpecification\",\"valueRequired\":true,\"valueName\":\"search_term_string\"}}],\"inLanguage\":\"de\"}]}<\/script>\n<!-- \/ Yoast SEO plugin. -->","yoast_head_json":{"title":"M-Wall Protect | Hochwertiger Wandschutz","description":"M-Wall Protect | Hochwertiger Wandschutz, der die HACCP-Normen erf\u00fcllt, mit hoher chemischer Best\u00e4ndigkeit, die leicht zu pflegen ist!","robots":{"index":"index","follow":"follow","max-snippet":"max-snippet:-1","max-image-preview":"max-image-preview:large","max-video-preview":"max-video-preview:-1"},"canonical":"https:\/\/www.mwall.eu\/de\/product\/m-wall-protect\/","og_locale":"de_DE","og_type":"article","og_title":"M-Wall Protect | Hochwertiger Wandschutz","og_description":"M-Wall Protect | Hochwertiger Wandschutz, der die HACCP-Normen erf\u00fcllt, mit hoher chemischer Best\u00e4ndigkeit, die leicht zu pflegen ist!","og_url":"https:\/\/www.mwall.eu\/de\/product\/m-wall-protect\/","og_site_name":"M-Wall","article_modified_time":"2025-10-07T10:25:16+00:00","og_image":[{"width":995,"height":445,"url":"https:\/\/www.mwall.eu\/wp-content\/uploads\/2023\/06\/M-Wall-Protect-Banner.webp","type":"image\/webp"}],"twitter_card":"summary_large_image","twitter_misc":{"Gesch\u00e4tzte Lesezeit":"2\u00a0Minuten"},"schema":{"@context":"https:\/\/schema.org","@graph":[{"@type":"WebPage","@id":"https:\/\/www.mwall.eu\/de\/product\/m-wall-protect\/","url":"https:\/\/www.mwall.eu\/de\/product\/m-wall-protect\/","name":"M-Wall Protect | Hochwertiger Wandschutz","isPartOf":{"@id":"https:\/\/www.mwall.eu\/#website"},"primaryImageOfPage":{"@id":"https:\/\/www.mwall.eu\/de\/product\/m-wall-protect\/#primaryimage"},"image":{"@id":"https:\/\/www.mwall.eu\/de\/product\/m-wall-protect\/#primaryimage"},"thumbnailUrl":"https:\/\/www.mwall.eu\/wp-content\/uploads\/2023\/06\/M-Wall-Protect-Banner.webp","datePublished":"2021-12-10T14:09:55+00:00","dateModified":"2025-10-07T10:25:16+00:00","description":"M-Wall Protect | Hochwertiger Wandschutz, der die HACCP-Normen erf\u00fcllt, mit hoher chemischer Best\u00e4ndigkeit, die leicht zu pflegen ist!","breadcrumb":{"@id":"https:\/\/www.mwall.eu\/de\/product\/m-wall-protect\/#breadcrumb"},"inLanguage":"de","potentialAction":[{"@type":"ReadAction","target":["https:\/\/www.mwall.eu\/de\/product\/m-wall-protect\/"]}]},{"@type":"ImageObject","inLanguage":"de","@id":"https:\/\/www.mwall.eu\/de\/product\/m-wall-protect\/#primaryimage","url":"https:\/\/www.mwall.eu\/wp-content\/uploads\/2023\/06\/M-Wall-Protect-Banner.webp","contentUrl":"https:\/\/www.mwall.eu\/wp-content\/uploads\/2023\/06\/M-Wall-Protect-Banner.webp","width":995,"height":445,"caption":"M-Wall Protect - Banner"},{"@type":"BreadcrumbList","@id":"https:\/\/www.mwall.eu\/de\/product\/m-wall-protect\/#breadcrumb","itemListElement":[{"@type":"ListItem","position":1,"name":"Home","item":"https:\/\/www.mwall.eu\/de\/"},{"@type":"ListItem","position":2,"name":"Shop","item":"https:\/\/www.mwall.eu\/de\/shop\/"},{"@type":"ListItem","position":3,"name":"M-Wall Protect"}]},{"@type":"WebSite","@id":"https:\/\/www.mwall.eu\/#website","url":"https:\/\/www.mwall.eu\/","name":"M-Wall","description":"","potentialAction":[{"@type":"SearchAction","target":{"@type":"EntryPoint","urlTemplate":"https:\/\/www.mwall.eu\/?s={search_term_string}"},"query-input":{"@type":"PropertyValueSpecification","valueRequired":true,"valueName":"search_term_string"}}],"inLanguage":"de"}]}},"_links":{"self":[{"href":"https:\/\/www.mwall.eu\/de\/wp-json\/wp\/v2\/product\/2287","targetHints":{"allow":["GET"]}}],"collection":[{"href":"https:\/\/www.mwall.eu\/de\/wp-json\/wp\/v2\/product"}],"about":[{"href":"https:\/\/www.mwall.eu\/de\/wp-json\/wp\/v2\/types\/product"}],"wp:featuredmedia":[{"embeddable":true,"href":"https:\/\/www.mwall.eu\/de\/wp-json\/wp\/v2\/media\/3996"}],"wp:attachment":[{"href":"https:\/\/www.mwall.eu\/de\/wp-json\/wp\/v2\/media?parent=2287"}],"wp:term":[{"taxonomy":"product_brand","embeddable":true,"href":"https:\/\/www.mwall.eu\/de\/wp-json\/wp\/v2\/product_brand?post=2287"},{"taxonomy":"product_cat","embeddable":true,"href":"https:\/\/www.mwall.eu\/de\/wp-json\/wp\/v2\/product_cat?post=2287"},{"taxonomy":"product_tag","embeddable":true,"href":"https:\/\/www.mwall.eu\/de\/wp-json\/wp\/v2\/product_tag?post=2287"}],"curies":[{"name":"wp","href":"https:\/\/api.w.org\/{rel}","templated":true}]}}