{"id":2286,"date":"2021-05-21T08:20:07","date_gmt":"2021-12-10T14:07:19","guid":{"rendered":"https:\/\/www.mwall.eu\/product\/m-wall-basic\/"},"modified":"2025-10-07T10:24:26","modified_gmt":"2025-10-07T10:24:26","slug":"m-wall-basic","status":"publish","type":"product","link":"https:\/\/www.mwall.eu\/de\/product\/m-wall-basic\/","title":{"rendered":"M-Wall Basic"},"content":{"rendered":"<div class=\"wpb-content-wrapper\"><p>[vc_row][vc_column][vc_column_text css=&#8220;&#8220;]<\/p>\n<h2>\u00dcber M-Wall Basic<\/h2>\n<p>Aufgrund seiner einzigartigen Produktzusammensetzung ist M-Wall Basic Wandschutz trotz seiner Dicke von 1,5 mm sehr sto\u00dffest und sch\u00fctzt die Wandkonstruktion vor \u00e4u\u00dferen Sch\u00e4den. Die nichtgl\u00e4nzende, seidenmatte Oberfl\u00e4che sorgt f\u00fcr ein nat\u00fcrliches Aussehen. Aufgrund der hohen Dichte der PC\/ABS-Mischung ist M-Wall Basic antibakteriell, leicht zu reinigen und resistent gegen verschiedene chemische L\u00f6sungen und Reinigungsmittel.<\/p>\n<p>M-Wall Basic ist einfach als Wand-, Eck- oder T\u00fcrschutz zu installieren. Eine kosteng\u00fcnstige L\u00f6sung f\u00fcr Bereiche mit erh\u00f6htem Schadensrisiko in Krankenh\u00e4usern, Pflegeeinrichtungen, Bildungseinrichtungen, Reinr\u00e4umen, Flugh\u00e4fen, Vertriebszentren und Lagerbereichen.<\/p>\n<h2>Vorteile von unser Basic Wandschutz:<\/h2>\n<ul>\n<li>H\u00f6chste Brandschutzzertifizierung B-s1,d0<\/li>\n<li>Homogenes PC\/ABS-Gemisch<\/li>\n<li>Antibakteriell<\/li>\n<li>Keine l\u00e4stigen Kratzer und St\u00f6\u00dfe mehr<\/li>\n<li>Thermisches Biegen von Ecken und S\u00e4ulen m\u00f6glich<\/li>\n<li>Nicht gl\u00e4nzend aufgrund der feinen Oberfl\u00e4chenstruktur<\/li>\n<li>Leicht zu reinigen<\/li>\n<li>Hohe chemische Best\u00e4ndigkeit<\/li>\n<li>Lieferung mit Montage m\u00f6glich<\/li>\n<\/ul>\n<p>[\/vc_column_text][\/vc_column][\/vc_row]<\/p>\n<\/div>","protected":false},"excerpt":{"rendered":"<p><span style=\"font-weight: 400;\">M-Wall Basic ist ein innovativer und wirtschaftlicher Wandschutz, der aus einer homogenen PC\/ABS-Mischung besteht. Die PC\/ABS-Formulierung ist chlorid- und bromidfrei, erf\u00fcllt die strenge Brandklassifizierung EN 13501 und erreicht die Zertifizierung B-s1-d0.<\/span><\/p>\n","protected":false},"featured_media":635,"template":"","meta":[],"product_brand":[],"product_cat":[206],"product_tag":[],"class_list":{"0":"post-2286","1":"product","2":"type-product","3":"status-publish","4":"has-post-thumbnail","6":"product_cat-producten-de","8":"first","9":"instock","10":"sold-individually","11":"shipping-taxable","12":"purchasable","13":"product-type-variable"},"yoast_head":"<!-- This site is optimized with the Yoast SEO plugin v27.3 - https:\/\/yoast.com\/product\/yoast-seo-wordpress\/ -->\n<title>M-Wall Basic | Basic Wandschutz<\/title>\n<meta name=\"description\" content=\"M-Wall Basic | Unsere Wandschutz ist eine kosteng\u00fcnstige Wandl\u00f6sung, die sich ideal f\u00fcr kritische Bereiche eignet.\" \/>\n<meta name=\"robots\" content=\"index, follow, max-snippet:-1, max-image-preview:large, max-video-preview:-1\" \/>\n<link rel=\"canonical\" href=\"https:\/\/www.mwall.eu\/de\/product\/m-wall-basic\/\" \/>\n<meta property=\"og:locale\" content=\"de_DE\" \/>\n<meta property=\"og:type\" content=\"article\" \/>\n<meta property=\"og:title\" content=\"M-Wall Basic | Basic Wandschutz\" \/>\n<meta property=\"og:description\" content=\"M-Wall Basic | Unsere Wandschutz ist eine kosteng\u00fcnstige Wandl\u00f6sung, die sich ideal f\u00fcr kritische Bereiche eignet.\" \/>\n<meta property=\"og:url\" content=\"https:\/\/www.mwall.eu\/de\/product\/m-wall-basic\/\" \/>\n<meta property=\"og:site_name\" content=\"M-Wall\" \/>\n<meta property=\"article:modified_time\" content=\"2025-10-07T10:24:26+00:00\" \/>\n<meta property=\"og:image\" content=\"https:\/\/www.mwall.eu\/wp-content\/uploads\/2021\/05\/banner-copy-1589364276.jpg\" \/>\n\t<meta property=\"og:image:width\" content=\"995\" \/>\n\t<meta property=\"og:image:height\" content=\"445\" \/>\n\t<meta property=\"og:image:type\" content=\"image\/jpeg\" \/>\n<meta name=\"twitter:card\" content=\"summary_large_image\" \/>\n<meta name=\"twitter:label1\" content=\"Gesch\u00e4tzte Lesezeit\" \/>\n\t<meta name=\"twitter:data1\" content=\"1\u00a0Minute\" \/>\n<script type=\"application\/ld+json\" class=\"yoast-schema-graph\">{\"@context\":\"https:\\\/\\\/schema.org\",\"@graph\":[{\"@type\":\"WebPage\",\"@id\":\"https:\\\/\\\/www.mwall.eu\\\/de\\\/product\\\/m-wall-basic\\\/\",\"url\":\"https:\\\/\\\/www.mwall.eu\\\/de\\\/product\\\/m-wall-basic\\\/\",\"name\":\"M-Wall Basic | Basic Wandschutz\",\"isPartOf\":{\"@id\":\"https:\\\/\\\/www.mwall.eu\\\/#website\"},\"primaryImageOfPage\":{\"@id\":\"https:\\\/\\\/www.mwall.eu\\\/de\\\/product\\\/m-wall-basic\\\/#primaryimage\"},\"image\":{\"@id\":\"https:\\\/\\\/www.mwall.eu\\\/de\\\/product\\\/m-wall-basic\\\/#primaryimage\"},\"thumbnailUrl\":\"https:\\\/\\\/www.mwall.eu\\\/wp-content\\\/uploads\\\/2021\\\/05\\\/banner-copy-1589364276.jpg\",\"datePublished\":\"2021-12-10T14:07:19+00:00\",\"dateModified\":\"2025-10-07T10:24:26+00:00\",\"description\":\"M-Wall Basic | Unsere Wandschutz ist eine kosteng\u00fcnstige Wandl\u00f6sung, die sich ideal f\u00fcr kritische Bereiche eignet.\",\"breadcrumb\":{\"@id\":\"https:\\\/\\\/www.mwall.eu\\\/de\\\/product\\\/m-wall-basic\\\/#breadcrumb\"},\"inLanguage\":\"de\",\"potentialAction\":[{\"@type\":\"ReadAction\",\"target\":[\"https:\\\/\\\/www.mwall.eu\\\/de\\\/product\\\/m-wall-basic\\\/\"]}]},{\"@type\":\"ImageObject\",\"inLanguage\":\"de\",\"@id\":\"https:\\\/\\\/www.mwall.eu\\\/de\\\/product\\\/m-wall-basic\\\/#primaryimage\",\"url\":\"https:\\\/\\\/www.mwall.eu\\\/wp-content\\\/uploads\\\/2021\\\/05\\\/banner-copy-1589364276.jpg\",\"contentUrl\":\"https:\\\/\\\/www.mwall.eu\\\/wp-content\\\/uploads\\\/2021\\\/05\\\/banner-copy-1589364276.jpg\",\"width\":995,\"height\":445},{\"@type\":\"BreadcrumbList\",\"@id\":\"https:\\\/\\\/www.mwall.eu\\\/de\\\/product\\\/m-wall-basic\\\/#breadcrumb\",\"itemListElement\":[{\"@type\":\"ListItem\",\"position\":1,\"name\":\"Home\",\"item\":\"https:\\\/\\\/www.mwall.eu\\\/de\\\/\"},{\"@type\":\"ListItem\",\"position\":2,\"name\":\"Shop\",\"item\":\"https:\\\/\\\/www.mwall.eu\\\/de\\\/shop\\\/\"},{\"@type\":\"ListItem\",\"position\":3,\"name\":\"M-Wall Basic\"}]},{\"@type\":\"WebSite\",\"@id\":\"https:\\\/\\\/www.mwall.eu\\\/#website\",\"url\":\"https:\\\/\\\/www.mwall.eu\\\/\",\"name\":\"M-Wall\",\"description\":\"\",\"potentialAction\":[{\"@type\":\"SearchAction\",\"target\":{\"@type\":\"EntryPoint\",\"urlTemplate\":\"https:\\\/\\\/www.mwall.eu\\\/?s={search_term_string}\"},\"query-input\":{\"@type\":\"PropertyValueSpecification\",\"valueRequired\":true,\"valueName\":\"search_term_string\"}}],\"inLanguage\":\"de\"}]}<\/script>\n<!-- \/ Yoast SEO plugin. -->","yoast_head_json":{"title":"M-Wall Basic | Basic Wandschutz","description":"M-Wall Basic | Unsere Wandschutz ist eine kosteng\u00fcnstige Wandl\u00f6sung, die sich ideal f\u00fcr kritische Bereiche eignet.","robots":{"index":"index","follow":"follow","max-snippet":"max-snippet:-1","max-image-preview":"max-image-preview:large","max-video-preview":"max-video-preview:-1"},"canonical":"https:\/\/www.mwall.eu\/de\/product\/m-wall-basic\/","og_locale":"de_DE","og_type":"article","og_title":"M-Wall Basic | Basic Wandschutz","og_description":"M-Wall Basic | Unsere Wandschutz ist eine kosteng\u00fcnstige Wandl\u00f6sung, die sich ideal f\u00fcr kritische Bereiche eignet.","og_url":"https:\/\/www.mwall.eu\/de\/product\/m-wall-basic\/","og_site_name":"M-Wall","article_modified_time":"2025-10-07T10:24:26+00:00","og_image":[{"width":995,"height":445,"url":"https:\/\/www.mwall.eu\/wp-content\/uploads\/2021\/05\/banner-copy-1589364276.jpg","type":"image\/jpeg"}],"twitter_card":"summary_large_image","twitter_misc":{"Gesch\u00e4tzte Lesezeit":"1\u00a0Minute"},"schema":{"@context":"https:\/\/schema.org","@graph":[{"@type":"WebPage","@id":"https:\/\/www.mwall.eu\/de\/product\/m-wall-basic\/","url":"https:\/\/www.mwall.eu\/de\/product\/m-wall-basic\/","name":"M-Wall Basic | Basic Wandschutz","isPartOf":{"@id":"https:\/\/www.mwall.eu\/#website"},"primaryImageOfPage":{"@id":"https:\/\/www.mwall.eu\/de\/product\/m-wall-basic\/#primaryimage"},"image":{"@id":"https:\/\/www.mwall.eu\/de\/product\/m-wall-basic\/#primaryimage"},"thumbnailUrl":"https:\/\/www.mwall.eu\/wp-content\/uploads\/2021\/05\/banner-copy-1589364276.jpg","datePublished":"2021-12-10T14:07:19+00:00","dateModified":"2025-10-07T10:24:26+00:00","description":"M-Wall Basic | Unsere Wandschutz ist eine kosteng\u00fcnstige Wandl\u00f6sung, die sich ideal f\u00fcr kritische Bereiche eignet.","breadcrumb":{"@id":"https:\/\/www.mwall.eu\/de\/product\/m-wall-basic\/#breadcrumb"},"inLanguage":"de","potentialAction":[{"@type":"ReadAction","target":["https:\/\/www.mwall.eu\/de\/product\/m-wall-basic\/"]}]},{"@type":"ImageObject","inLanguage":"de","@id":"https:\/\/www.mwall.eu\/de\/product\/m-wall-basic\/#primaryimage","url":"https:\/\/www.mwall.eu\/wp-content\/uploads\/2021\/05\/banner-copy-1589364276.jpg","contentUrl":"https:\/\/www.mwall.eu\/wp-content\/uploads\/2021\/05\/banner-copy-1589364276.jpg","width":995,"height":445},{"@type":"BreadcrumbList","@id":"https:\/\/www.mwall.eu\/de\/product\/m-wall-basic\/#breadcrumb","itemListElement":[{"@type":"ListItem","position":1,"name":"Home","item":"https:\/\/www.mwall.eu\/de\/"},{"@type":"ListItem","position":2,"name":"Shop","item":"https:\/\/www.mwall.eu\/de\/shop\/"},{"@type":"ListItem","position":3,"name":"M-Wall Basic"}]},{"@type":"WebSite","@id":"https:\/\/www.mwall.eu\/#website","url":"https:\/\/www.mwall.eu\/","name":"M-Wall","description":"","potentialAction":[{"@type":"SearchAction","target":{"@type":"EntryPoint","urlTemplate":"https:\/\/www.mwall.eu\/?s={search_term_string}"},"query-input":{"@type":"PropertyValueSpecification","valueRequired":true,"valueName":"search_term_string"}}],"inLanguage":"de"}]}},"_links":{"self":[{"href":"https:\/\/www.mwall.eu\/de\/wp-json\/wp\/v2\/product\/2286","targetHints":{"allow":["GET"]}}],"collection":[{"href":"https:\/\/www.mwall.eu\/de\/wp-json\/wp\/v2\/product"}],"about":[{"href":"https:\/\/www.mwall.eu\/de\/wp-json\/wp\/v2\/types\/product"}],"wp:featuredmedia":[{"embeddable":true,"href":"https:\/\/www.mwall.eu\/de\/wp-json\/wp\/v2\/media\/635"}],"wp:attachment":[{"href":"https:\/\/www.mwall.eu\/de\/wp-json\/wp\/v2\/media?parent=2286"}],"wp:term":[{"taxonomy":"product_brand","embeddable":true,"href":"https:\/\/www.mwall.eu\/de\/wp-json\/wp\/v2\/product_brand?post=2286"},{"taxonomy":"product_cat","embeddable":true,"href":"https:\/\/www.mwall.eu\/de\/wp-json\/wp\/v2\/product_cat?post=2286"},{"taxonomy":"product_tag","embeddable":true,"href":"https:\/\/www.mwall.eu\/de\/wp-json\/wp\/v2\/product_tag?post=2286"}],"curies":[{"name":"wp","href":"https:\/\/api.w.org\/{rel}","templated":true}]}}