{"id":4920,"date":"2024-10-16T09:13:23","date_gmt":"2024-10-16T09:13:23","guid":{"rendered":"https:\/\/www.mwall.eu\/?page_id=4920"},"modified":"2025-10-13T08:35:36","modified_gmt":"2025-10-13T08:35:36","slug":"hygienische-wandgestaltung","status":"publish","type":"page","link":"https:\/\/www.mwall.eu\/de\/hygienische-wandgestaltung\/","title":{"rendered":"Hygiene"},"content":{"rendered":"<div class=\"wpb-content-wrapper\"><p>[vc_row full_width=&#8220;stretch_row&#8220; css=&#8220;.vc_custom_1633524845155{padding-top: 130px !important;padding-bottom: 130px !important;background-image: url(https:\/\/www.mwall.eu\/wp-content\/uploads\/2021\/10\/Nieuwe-OK-Nij-Smellinghe-HR-13-scaled.jpg?id=1514) !important; background-position: center; background-repeat: no-repeat !important;background-size: cover !important; background-position: center;}&#8220;][vc_column][vc_custom_heading text=&#8220;HYGIENISCHER WANDSCHUTZ&#8220; font_container=&#8220;tag:h1|font_size:42px|text_align:left|color:%2300416a&#8220; use_theme_fonts=&#8220;yes&#8220; css=&#8220;&#8220; el_class=&#8220;font-bold&#8220;][vc_empty_space height=&#8220;8px&#8220;][vc_column_text css=&#8220;&#8220; el_class=&#8220;width-60&#8243;]<\/p>\n<p style=\"color: #00416a;\">Bei M-Wall sind Sie an der richtigen Adresse, wenn es um einen praktischen und kosteneffizienten Wandschutz geht, welcher zu einer hygienischen, sicheren und dauerhaft sch\u00f6nen Umgebung beitr\u00e4gt. Ob Sie nach L\u00f6sungen f\u00fcr hygienischen Wandschutz oder hygienische Wandverkleidung suchen, M-Wall verf\u00fcgt \u00fcber die richtigen, umweltfreundliche, Produkte und das Fachwissen und um Ihre spezifischen Prokjekt Anforderungen zu beantworten.<\/p>\n<p>[\/vc_column_text][vc_empty_space height=&#8220;8px&#8220;][vc_btn title=&#8220;Beispiele ansehen&#8220; style=&#8220;custom&#8220; custom_background=&#8220;#00a3ae&#8220; custom_text=&#8220;#ffffff&#8220; shape=&#8220;square&#8220; css=&#8220;&#8220; el_class=&#8220;text-uppercase&#8220; link=&#8220;url:https%3A%2F%2Fwww.mwall.eu%2Fde%2Fbeispielhafte-uebersicht%2F|title:Overzicht%20stalen&#8220;][\/vc_column][\/vc_row][vc_row][vc_column][vc_empty_space height=&#8220;64px&#8220; el_class=&#8220;d-none d-sm-block&#8220;][\/vc_column][\/vc_row][vc_row][vc_column][vc_custom_heading text=&#8220;M-Wall Hygienic&#8220; font_container=&#8220;tag:h2|font_size:28px|text_align:center&#8220; use_theme_fonts=&#8220;yes&#8220; css=&#8220;&#8220;][vc_empty_space height=&#8220;16px&#8220;][vc_column_text css=&#8220;&#8220;]Der <a href=\"https:\/\/www.mwall.eu\/de\/product\/m-wall-hygienic\/\">M-Wall Hygienic<\/a> eignet sich f\u00fcr den Einsatz in Operationss\u00e4len und Nebenr\u00e4umen, Laboren und Apotheken, Zentralsterilisationen und anderen klassifizierten Bereichen. Dieser hygienische Wandbelag ist aktiv antibakteriell, verf\u00fcgt \u00fcber eine extrem hohe Chemikalienbest\u00e4ndigkeit und ist mit der Brandklasse B-s2,d0 sehr sicher. Kurzum: Mit der M-Wall Hygienic entscheiden Sie sich f\u00fcr einen hochwertigen, hygienischen Wandabschluss, der Hygiene, Sicherheit und Nachhaltigkeit garantiert.[\/vc_column_text][vc_btn title=&#8220;Brosch\u00fcre herunterladen&#8220; style=&#8220;custom&#8220; custom_background=&#8220;#00a3ae&#8220; custom_text=&#8220;#ffffff&#8220; shape=&#8220;square&#8220; align=&#8220;center&#8220; css=&#8220;&#8220; el_class=&#8220;text-uppercase&#8220; link=&#8220;url:https%3A%2F%2Fwww.mwall.eu%2Fwp-content%2Fuploads%2F2024%2F04%2FM-Wall-Brochure-2024-English.pdf&#8220;][\/vc_column][\/vc_row][vc_row][vc_column][vc_empty_space height=&#8220;64px&#8220;][\/vc_column][\/vc_row][vc_row full_width=&#8220;stretch_row&#8220; gap=&#8220;15&#8243; equal_height=&#8220;yes&#8220; content_placement=&#8220;middle&#8220; css=&#8220;.vc_custom_1698747651997{background-color: #f2f2f2 !important;}&#8220;][vc_column width=&#8220;2\/3&#8243;][vc_custom_heading text=&#8220;Hygienew\u00e4nde sch\u00fctzen vor \u00e4u\u00dferen Einfl\u00fcssen&#8220; font_container=&#8220;tag:h2|font_size:28px|text_align:left&#8220; use_theme_fonts=&#8220;yes&#8220; css=&#8220;&#8220;][vc_empty_space height=&#8220;16px&#8220;][vc_column_text css=&#8220;&#8220;]Operationss\u00e4le, Reinr\u00e4ume und andere kritische Bereiche in Krankenh\u00e4usern, Laboren oder Apotheken m\u00fcssen einiges aushalten. Sie sind t\u00e4glich aggressiven Chemikalien ausgesetzt und erleiden regelm\u00e4\u00dfig Kratz- und Sto\u00dfsch\u00e4den durch fahrende Karren, Rollst\u00fchle oder anderen Verkehr. Dadurch entsteht schnell ein unordentlicher und unsicherer Eindruck, den Sie unbedingt vermeiden m\u00f6chten.<\/p>\n<p>Daher sind hygienische W\u00e4nde in diesen Umgebungen unerl\u00e4sslich. Die W\u00e4nde m\u00fcssen gegen Chemikalien und andere potenziell sch\u00e4dliche Faktoren best\u00e4ndig sein. Mit unserem <span style=\"text-decoration: underline;\"><a href=\"https:\/\/www.mwall.eu\/de\/product\/m-wall-protect\/\">Wandschutz<\/a><\/span> bleibt Ihr Raum nicht nur sauber und sicher, sondern auch \u00e4sthetisch ansprechend.<\/p>\n<p>Eine <span style=\"text-decoration: underline;\"><a href=\"https:\/\/www.mwall.eu\/de\/product\/m-wall-hygienic\/\">hygienische Wandveredelung<\/a><\/span> hilft Ihnen, solche R\u00e4ume, in denen hohe Hygieneanforderungen gelten, m\u00f6glichst sicher einzurichten und vor \u00e4u\u00dferen Einfl\u00fcssen zu sch\u00fctzen. Durch die Verwendung hygienischer Wandverkleidungen lassen sich Ihre W\u00e4nde leichter reinigen und die allgemeine Hygiene in Ihrer Einrichtung verbessern. Dar\u00fcber hinaus tr\u00e4gt eine hygienische Wandveredelung zur Nachhaltigkeit Ihrer R\u00e4umlichkeiten bei, da sie die W\u00e4nde vor Besch\u00e4digungen sch\u00fctzt.[\/vc_column_text][vc_btn title=&#8220;Produkte ansehen&#8220; style=&#8220;custom&#8220; custom_background=&#8220;#00a3ae&#8220; custom_text=&#8220;#ffffff&#8220; shape=&#8220;square&#8220; align=&#8220;center&#8220; css=&#8220;&#8220; el_class=&#8220;text-uppercase&#8220; link=&#8220;url:https%3A%2F%2Fwww.mwall.eu%2Fde%2Fproduct%2Fm-wall-hygienic%2F&#8220;][\/vc_column][vc_column width=&#8220;1\/3&#8243;][vc_single_image image=&#8220;1201&#8243; img_size=&#8220;full&#8220; onclick=&#8220;link_image&#8220; css=&#8220;&#8220;][\/vc_column][\/vc_row][vc_row][vc_column][vc_empty_space height=&#8220;64px&#8220;][\/vc_column][\/vc_row][vc_row][vc_column][vc_custom_heading text=&#8220;Vorteile der hygienischen Wandveredelung M-Wall&#8220; font_container=&#8220;tag:h2|font_size:28px|text_align:left&#8220; use_theme_fonts=&#8220;yes&#8220; css=&#8220;&#8220;][vc_empty_space height=&#8220;16px&#8220;][vc_column_text css=&#8220;&#8220;]<\/p>\n<ul>\n<li>Aktiv antibakteriell: t\u00f6tet 99,99 % der E-Coli und MRSA innerhalb von 24 Stunden ab und verhindert die Ausbreitung sch\u00e4dlicher Bakterien.<\/li>\n<li>Hohe Chemikalienbest\u00e4ndigkeit: Best\u00e4ndig gegen aggressive Chemikalien, was die Haltbarkeit verl\u00e4ngert.<\/li>\n<li>Pflegeleicht: Leicht zu reinigen, spart Zeit und M\u00fche.<\/li>\n<\/ul>\n<p>Auf diese Weise bietet M-Wall eine sichere, nachhaltige und hygienische Umgebung.[\/vc_column_text][vc_column_text]I am text block. Click edit button to change this text. Lorem ipsum dolor sit amet, consectetur adipiscing elit. Ut elit tellus, luctus nec ullamcorper mattis, pulvinar dapibus leo.[\/vc_column_text][vc_column_text css=&#8220;&#8220;]\n<div class=\"swiper mySwiper\">\n\t<div class=\"swiper-wrapper\">\n\t\t\t\t\t<div class=\"swiper-slide\">\n\t\t\t\t<img decoding=\"async\" width=\"631\" height=\"331\" src=\"https:\/\/www.mwall.eu\/wp-content\/uploads\/2023\/11\/test.jpg\" class=\"attachment-full size-full\" alt=\"\" srcset=\"https:\/\/www.mwall.eu\/wp-content\/uploads\/2023\/11\/test.jpg 631w, https:\/\/www.mwall.eu\/wp-content\/uploads\/2023\/11\/test-300x157.jpg 300w, https:\/\/www.mwall.eu\/wp-content\/uploads\/2023\/11\/test-600x315.jpg 600w\" sizes=\"(max-width: 631px) 100vw, 631px\" \/>\t\t\t<\/div>\n\t\t\t\t\t<div class=\"swiper-slide\">\n\t\t\t\t<img decoding=\"async\" width=\"1920\" height=\"2560\" src=\"https:\/\/www.mwall.eu\/wp-content\/uploads\/2023\/09\/CS-01grijshoek-scaled.webp\" class=\"attachment-full size-full\" alt=\"CS01 - Grijs\" srcset=\"https:\/\/www.mwall.eu\/wp-content\/uploads\/2023\/09\/CS-01grijshoek-scaled.webp 1920w, https:\/\/www.mwall.eu\/wp-content\/uploads\/2023\/09\/CS-01grijshoek-225x300.webp 225w, https:\/\/www.mwall.eu\/wp-content\/uploads\/2023\/09\/CS-01grijshoek-768x1024.webp 768w, https:\/\/www.mwall.eu\/wp-content\/uploads\/2023\/09\/CS-01grijshoek-1152x1536.webp 1152w, https:\/\/www.mwall.eu\/wp-content\/uploads\/2023\/09\/CS-01grijshoek-1536x2048.webp 1536w, https:\/\/www.mwall.eu\/wp-content\/uploads\/2023\/09\/CS-01grijshoek-600x800.webp 600w\" sizes=\"(max-width: 1920px) 100vw, 1920px\" \/>\t\t\t<\/div>\n\t\t\t\t\t<div class=\"swiper-slide\">\n\t\t\t\t<img decoding=\"async\" width=\"1600\" height=\"1068\" src=\"https:\/\/www.mwall.eu\/wp-content\/uploads\/2021\/09\/2020DSC6367-e1632300101982.jpg\" class=\"attachment-full size-full\" alt=\"\" \/>\t\t\t<\/div>\n\t\t\t<\/div>\n\t<div class=\"swiper-pagination\"><\/div>\n\n    <div class=\"swiper-button-prev\"><\/div>\n \t<div class=\"swiper-button-next\"><\/div>\n<\/div>[\/vc_column_text][\/vc_column][\/vc_row][vc_row][vc_column][vc_empty_space height=&#8220;64px&#8220;][\/vc_column][\/vc_row][vc_row full_width=&#8220;stretch_row&#8220; css=&#8220;.vc_custom_1699350187206{background: #01a3ae url(https:\/\/www.mwall.eu\/wp-content\/uploads\/2023\/11\/check-bg.jpg?id=4367) !important;background-position: center !important;background-repeat: no-repeat !important;background-size: cover !important;}&#8220; el_class=&#8220;background-check&#8220;][vc_column][vc_row_inner equal_height=&#8220;yes&#8220;][vc_column_inner width=&#8220;1\/4&#8243;][vc_icon type=&#8220;material&#8220; icon_material=&#8220;vc-material vc-material-check&#8220; color=&#8220;custom&#8220; background_style=&#8220;rounded&#8220; background_color=&#8220;custom&#8220; size=&#8220;sm&#8220; align=&#8220;center&#8220; css_animation=&#8220;lightSpeedIn&#8220; custom_background_color=&#8220;#ffffff&#8220; custom_color=&#8220;#024b77&#8243;][vc_custom_heading text=&#8220;Geeignet f\u00fcr verschiedene Arten von R\u00e4umen&#8220; font_container=&#8220;tag:h2|font_size:24px|text_align:center|color:%23ffffff&#8220; use_theme_fonts=&#8220;yes&#8220; css=&#8220;&#8220;][\/vc_column_inner][vc_column_inner width=&#8220;1\/4&#8243;][vc_icon type=&#8220;material&#8220; icon_material=&#8220;vc-material vc-material-check&#8220; color=&#8220;custom&#8220; background_style=&#8220;rounded&#8220; background_color=&#8220;custom&#8220; size=&#8220;sm&#8220; align=&#8220;center&#8220; css_animation=&#8220;lightSpeedIn&#8220; custom_background_color=&#8220;#ffffff&#8220; custom_color=&#8220;#024b77&#8243;][vc_custom_heading text=&#8220;Sauber verarbeitetes Erscheinungsbild&#8220; font_container=&#8220;tag:h2|font_size:24px|text_align:center|color:%23ffffff&#8220; use_theme_fonts=&#8220;yes&#8220; css=&#8220;&#8220;][\/vc_column_inner][vc_column_inner width=&#8220;1\/4&#8243;][vc_icon type=&#8220;material&#8220; icon_material=&#8220;vc-material vc-material-check&#8220; color=&#8220;custom&#8220; background_style=&#8220;rounded&#8220; background_color=&#8220;custom&#8220; size=&#8220;sm&#8220; align=&#8220;center&#8220; css_animation=&#8220;lightSpeedIn&#8220; custom_background_color=&#8220;#ffffff&#8220; custom_color=&#8220;#024b77&#8243;][vc_custom_heading text=&#8220;Wundersch\u00f6n in den Raum integriert&#8220; font_container=&#8220;tag:h2|font_size:24px|text_align:center|color:%23ffffff&#8220; use_theme_fonts=&#8220;yes&#8220; css=&#8220;&#8220;][\/vc_column_inner][vc_column_inner width=&#8220;1\/4&#8243;][vc_icon type=&#8220;material&#8220; icon_material=&#8220;vc-material vc-material-check&#8220; color=&#8220;custom&#8220; background_style=&#8220;rounded&#8220; background_color=&#8220;custom&#8220; size=&#8220;sm&#8220; align=&#8220;center&#8220; css_animation=&#8220;lightSpeedIn&#8220; custom_background_color=&#8220;#ffffff&#8220; custom_color=&#8220;#024b77&#8243;][vc_custom_heading text=&#8220;Sch\u00fctzt vor unerwarteten Sch\u00e4den&#8220; font_container=&#8220;tag:h2|font_size:24px|text_align:center|color:%23ffffff&#8220; use_theme_fonts=&#8220;yes&#8220; css=&#8220;&#8220;][\/vc_column_inner][\/vc_row_inner][vc_empty_space][\/vc_column][\/vc_row][vc_row][vc_column][vc_empty_space height=&#8220;64px&#8220;][\/vc_column][\/vc_row][vc_row gap=&#8220;15&#8243; equal_height=&#8220;yes&#8220; content_placement=&#8220;middle&#8220;][vc_column width=&#8220;2\/3&#8243;][vc_custom_heading text=&#8220;Hygienischer Wandabschluss nach Ma\u00df&#8220; font_container=&#8220;tag:h3|font_size:24px|text_align:left|color:%2300416a&#8220; use_theme_fonts=&#8220;yes&#8220; css=&#8220;&#8220;][vc_empty_space height=&#8220;16px&#8220;][vc_column_text css=&#8220;&#8220;]<\/p>\n<div class=\"wpb_column vc_column_container vc_col-sm-8\">\n<div class=\"vc_column-inner \">\n<div class=\"wpb_wrapper\">\n<div class=\"wpb_text_column wpb_content_element\">\n<div class=\"wpb_wrapper\">\n<p>Die Hygienew\u00e4nde von M-Wall sind in verschiedenen Farben erh\u00e4ltlich und f\u00fcr jeden Raum ma\u00dfgeschneidert. Neben Hygiene und Sicherheit steht auch die \u00c4sthetik im Mittelpunkt. Durch die thermische Biegung der W\u00e4nde passen sie perfekt in jedes Interieur, egal ob Sie sich f\u00fcr ein markantes Designelement oder einen dezenten Abschluss entscheiden. M-Wall arbeitet gerne mit Ihnen und Ihrem Architekten zusammen, um spezifische Details und Designs zu realisieren, sodass die Wandoberfl\u00e4che nicht nur zu einer sicheren, sondern auch zu einer stilvollen und hygienischen Umgebung beitr\u00e4gt.<\/p>\n<\/div>\n<\/div>\n<h3 class=\"vc_custom_heading vc_do_custom_heading\"><\/h3>\n<div class=\"wpb_text_column wpb_content_element\">\n<div class=\"wpb_wrapper\"><\/div>\n<\/div>\n<\/div>\n<\/div>\n<\/div>\n<div class=\"align-image-center wpb_column vc_column_container vc_col-sm-4\">\n<div class=\"vc_column-inner \">\n<div class=\"wpb_wrapper\">\n<div class=\"vc_row wpb_row vc_inner vc_row-fluid\">\n<div class=\"wpb_column vc_column_container vc_col-sm-6\">\n<div class=\"vc_column-inner\">\n<div class=\"wpb_wrapper\"><\/div>\n<\/div>\n<\/div>\n<\/div>\n<\/div>\n<\/div>\n<\/div>\n<p>[\/vc_column_text][\/vc_column][vc_column width=&#8220;1\/3&#8243;][vc_single_image image=&#8220;1980&#8243; img_size=&#8220;full&#8220; onclick=&#8220;link_image&#8220; css=&#8220;&#8220;][\/vc_column][\/vc_row][vc_row][vc_column][vc_btn title=&#8220;Produkte ansehen&#8220; style=&#8220;custom&#8220; custom_background=&#8220;#00a3ae&#8220; custom_text=&#8220;#ffffff&#8220; shape=&#8220;square&#8220; align=&#8220;center&#8220; css=&#8220;&#8220; el_class=&#8220;text-uppercase&#8220; link=&#8220;url:https%3A%2F%2Fwww.mwall.eu%2Fde%2Fproduct%2Fm-wall-hygienic%2F&#8220;][\/vc_column][\/vc_row][vc_row full_width=&#8220;stretch_row&#8220; css=&#8220;.vc_custom_1699349820569{background-image: url(https:\/\/www.mwall.eu\/wp-content\/uploads\/2023\/11\/achtergrond.jpg?id=4362) !important;background-position: center !important;background-repeat: no-repeat !important;background-size: cover !important;}&#8220;][vc_column][vc_empty_space height=&#8220;300px&#8220;][\/vc_column][\/vc_row][vc_row][vc_column][vc_empty_space][\/vc_column][\/vc_row][vc_row content_placement=&#8220;middle&#8220; css=&#8220;.vc_custom_1699352294763{padding-bottom: 20px !important;background-image: url(https:\/\/www.mwall.eu\/wp-content\/uploads\/2023\/11\/bg-grey-1.jpg?id=4389) !important;background-position: 0 0 !important;background-repeat: no-repeat !important;}&#8220;][vc_column width=&#8220;1\/3&#8243; css=&#8220;.vc_custom_1699353034909{margin-left: 20px !important;padding-top: 20px !important;}&#8220;][vc_custom_heading text=&#8220;Laden Sie unsere Brosch\u00fcre herunter&#8220; font_container=&#8220;tag:h3|font_size:24px|text_align:left|color:%2300416a&#8220; use_theme_fonts=&#8220;yes&#8220; css=&#8220;&#8220;][vc_empty_space height=&#8220;16px&#8220;][vc_column_text css=&#8220;&#8220;]<\/p>\n<p style=\"color: #00416a;\"><strong>M-Wall organisiert das f\u00fcr Sie!<\/strong><\/p>\n<p style=\"color: #00416a;\">Wir bieten f\u00fcr jeden Raum und jede Projektfrage eine passende L\u00f6sung. Sind Sie neugierig auf die M\u00f6glichkeiten f\u00fcr Ihren Raum? Nehmen Sie <span style=\"text-decoration: underline;\"><strong><a href=\"https:\/\/www.mwall.eu\/de\/kontakt\/\">Kontakt<\/a><\/strong><\/span> mit uns auf! M\u00f6chten Sie mehr \u00fcber unser Unternehmen und unsere weiteren Aktivit\u00e4ten erfahren? Hier k\u00f6nnen Sie alles <span style=\"text-decoration: underline;\"><strong><a href=\"https:\/\/www.mwall.eu\/de\/ueber-uns\/\">\u00fcber M-Wall<\/a> <\/strong><\/span>lesen!<\/p>\n<p>[\/vc_column_text][vc_btn title=&#8220;Brosch\u00fcre herunterladen&#8220; style=&#8220;custom&#8220; custom_background=&#8220;#00a3ae&#8220; custom_text=&#8220;#ffffff&#8220; shape=&#8220;square&#8220; css=&#8220;&#8220; el_class=&#8220;text-uppercase&#8220; link=&#8220;url:https%3A%2F%2Fwww.mwall.eu%2Fwp-content%2Fuploads%2F2024%2F04%2FM-Wall-Brochure-2024-English.pdf|target:_blank&#8220;][vc_btn title=&#8220;Technische Informationen anzeigen&#8220; style=&#8220;outline&#8220; shape=&#8220;square&#8220; color=&#8220;turquoise&#8220; size=&#8220;lg&#8220; align=&#8220;left&#8220; css=&#8220;&#8220; el_class=&#8220;text-uppercase&#8220; link=&#8220;url:https%3A%2F%2Fwww.mwall.eu%2Fde%2Ftechnische-dokumente%2F|target:_blank&#8220;][\/vc_column][vc_column width=&#8220;2\/3&#8243; css=&#8220;.vc_custom_1699353254503{padding-top: 25px !important;}&#8220;][vc_single_image image=&#8220;1195&#8243; img_size=&#8220;full&#8220; alignment=&#8220;center&#8220; css=&#8220;&#8220;][\/vc_column][\/vc_row][vc_row][vc_column][vc_empty_space height=&#8220;8px&#8220;][\/vc_column][\/vc_row]<\/p>\n<\/div>","protected":false},"excerpt":{"rendered":"<p>[vc_row full_width=&#8220;stretch_row&#8220; css=&#8220;.vc_custom_1633524845155{padding-top: 130px !important;padding-bottom: 130px !important;background-image: url(https:\/\/www.mwall.eu\/wp-content\/uploads\/2021\/10\/Nieuwe-OK-Nij-Smellinghe-HR-13-scaled.jpg?id=1514) !important; background-position: center; background-repeat: no-repeat !important;background-size: cover !important; background-position: center;}&#8220;][vc_column][vc_custom_heading text=&#8220;HYGIENISCHER WANDSCHUTZ&#8220; font_container=&#8220;tag:h1|font_size:42px|text_align:left|color:%2300416a&#8220; use_theme_fonts=&#8220;yes&#8220; css=&#8220;&#8220; el_class=&#8220;font-bold&#8220;][vc_empty_space height=&#8220;8px&#8220;][vc_column_text css=&#8220;&#8220; el_class=&#8220;width-60&#8243;] Bei M-Wall sind Sie an der richtigen Adresse, wenn es um einen praktischen und kosteneffizienten Wandschutz geht, welcher zu einer hygienischen, sicheren und dauerhaft sch\u00f6nen Umgebung beitr\u00e4gt. Ob [&hellip;]<\/p>\n","protected":false},"author":2,"featured_media":0,"parent":0,"menu_order":0,"comment_status":"closed","ping_status":"closed","template":"","meta":{"footnotes":""},"class_list":["post-4920","page","type-page","status-publish","hentry"],"yoast_head":"<!-- This site is optimized with the Yoast SEO plugin v27.3 - https:\/\/yoast.com\/product\/yoast-seo-wordpress\/ -->\n<title>Hygienischer Wandabschluss f\u00fcr verschiedene R\u00e4ume | M-Wall<\/title>\n<meta name=\"description\" content=\"Hygienischer Wandbelag f\u00fcr verschiedene R\u00e4ume \u2713 Aktiv antibakteriell \u2713 Pflegeleicht \u2713 Erf\u00fcllt alle Anforderungen!\" \/>\n<meta name=\"robots\" content=\"index, follow, max-snippet:-1, max-image-preview:large, max-video-preview:-1\" \/>\n<link rel=\"canonical\" href=\"https:\/\/www.mwall.eu\/de\/hygienische-wandgestaltung\/\" \/>\n<meta property=\"og:locale\" content=\"de_DE\" \/>\n<meta property=\"og:type\" content=\"article\" \/>\n<meta property=\"og:title\" content=\"Hygienischer Wandabschluss f\u00fcr verschiedene R\u00e4ume | M-Wall\" \/>\n<meta property=\"og:description\" content=\"Hygienischer Wandbelag f\u00fcr verschiedene R\u00e4ume \u2713 Aktiv antibakteriell \u2713 Pflegeleicht \u2713 Erf\u00fcllt alle Anforderungen!\" \/>\n<meta property=\"og:url\" content=\"https:\/\/www.mwall.eu\/de\/hygienische-wandgestaltung\/\" \/>\n<meta property=\"og:site_name\" content=\"M-Wall\" \/>\n<meta property=\"article:modified_time\" content=\"2025-10-13T08:35:36+00:00\" \/>\n<meta name=\"twitter:card\" content=\"summary_large_image\" \/>\n<meta name=\"twitter:label1\" content=\"Gesch\u00e4tzte Lesezeit\" \/>\n\t<meta name=\"twitter:data1\" content=\"5\u00a0Minuten\" \/>\n<script type=\"application\/ld+json\" class=\"yoast-schema-graph\">{\"@context\":\"https:\\\/\\\/schema.org\",\"@graph\":[{\"@type\":\"WebPage\",\"@id\":\"https:\\\/\\\/www.mwall.eu\\\/de\\\/hygienische-wandgestaltung\\\/\",\"url\":\"https:\\\/\\\/www.mwall.eu\\\/de\\\/hygienische-wandgestaltung\\\/\",\"name\":\"Hygienischer Wandabschluss f\u00fcr verschiedene R\u00e4ume | M-Wall\",\"isPartOf\":{\"@id\":\"https:\\\/\\\/www.mwall.eu\\\/#website\"},\"datePublished\":\"2024-10-16T09:13:23+00:00\",\"dateModified\":\"2025-10-13T08:35:36+00:00\",\"description\":\"Hygienischer Wandbelag f\u00fcr verschiedene R\u00e4ume \u2713 Aktiv antibakteriell \u2713 Pflegeleicht \u2713 Erf\u00fcllt alle Anforderungen!\",\"breadcrumb\":{\"@id\":\"https:\\\/\\\/www.mwall.eu\\\/de\\\/hygienische-wandgestaltung\\\/#breadcrumb\"},\"inLanguage\":\"de\",\"potentialAction\":[{\"@type\":\"ReadAction\",\"target\":[\"https:\\\/\\\/www.mwall.eu\\\/de\\\/hygienische-wandgestaltung\\\/\"]}]},{\"@type\":\"BreadcrumbList\",\"@id\":\"https:\\\/\\\/www.mwall.eu\\\/de\\\/hygienische-wandgestaltung\\\/#breadcrumb\",\"itemListElement\":[{\"@type\":\"ListItem\",\"position\":1,\"name\":\"Home\",\"item\":\"https:\\\/\\\/www.mwall.eu\\\/de\\\/\"},{\"@type\":\"ListItem\",\"position\":2,\"name\":\"Hygiene\"}]},{\"@type\":\"WebSite\",\"@id\":\"https:\\\/\\\/www.mwall.eu\\\/#website\",\"url\":\"https:\\\/\\\/www.mwall.eu\\\/\",\"name\":\"M-Wall\",\"description\":\"\",\"potentialAction\":[{\"@type\":\"SearchAction\",\"target\":{\"@type\":\"EntryPoint\",\"urlTemplate\":\"https:\\\/\\\/www.mwall.eu\\\/?s={search_term_string}\"},\"query-input\":{\"@type\":\"PropertyValueSpecification\",\"valueRequired\":true,\"valueName\":\"search_term_string\"}}],\"inLanguage\":\"de\"}]}<\/script>\n<!-- \/ Yoast SEO plugin. -->","yoast_head_json":{"title":"Hygienischer Wandabschluss f\u00fcr verschiedene R\u00e4ume | M-Wall","description":"Hygienischer Wandbelag f\u00fcr verschiedene R\u00e4ume \u2713 Aktiv antibakteriell \u2713 Pflegeleicht \u2713 Erf\u00fcllt alle Anforderungen!","robots":{"index":"index","follow":"follow","max-snippet":"max-snippet:-1","max-image-preview":"max-image-preview:large","max-video-preview":"max-video-preview:-1"},"canonical":"https:\/\/www.mwall.eu\/de\/hygienische-wandgestaltung\/","og_locale":"de_DE","og_type":"article","og_title":"Hygienischer Wandabschluss f\u00fcr verschiedene R\u00e4ume | M-Wall","og_description":"Hygienischer Wandbelag f\u00fcr verschiedene R\u00e4ume \u2713 Aktiv antibakteriell \u2713 Pflegeleicht \u2713 Erf\u00fcllt alle Anforderungen!","og_url":"https:\/\/www.mwall.eu\/de\/hygienische-wandgestaltung\/","og_site_name":"M-Wall","article_modified_time":"2025-10-13T08:35:36+00:00","twitter_card":"summary_large_image","twitter_misc":{"Gesch\u00e4tzte Lesezeit":"5\u00a0Minuten"},"schema":{"@context":"https:\/\/schema.org","@graph":[{"@type":"WebPage","@id":"https:\/\/www.mwall.eu\/de\/hygienische-wandgestaltung\/","url":"https:\/\/www.mwall.eu\/de\/hygienische-wandgestaltung\/","name":"Hygienischer Wandabschluss f\u00fcr verschiedene R\u00e4ume | M-Wall","isPartOf":{"@id":"https:\/\/www.mwall.eu\/#website"},"datePublished":"2024-10-16T09:13:23+00:00","dateModified":"2025-10-13T08:35:36+00:00","description":"Hygienischer Wandbelag f\u00fcr verschiedene R\u00e4ume \u2713 Aktiv antibakteriell \u2713 Pflegeleicht \u2713 Erf\u00fcllt alle Anforderungen!","breadcrumb":{"@id":"https:\/\/www.mwall.eu\/de\/hygienische-wandgestaltung\/#breadcrumb"},"inLanguage":"de","potentialAction":[{"@type":"ReadAction","target":["https:\/\/www.mwall.eu\/de\/hygienische-wandgestaltung\/"]}]},{"@type":"BreadcrumbList","@id":"https:\/\/www.mwall.eu\/de\/hygienische-wandgestaltung\/#breadcrumb","itemListElement":[{"@type":"ListItem","position":1,"name":"Home","item":"https:\/\/www.mwall.eu\/de\/"},{"@type":"ListItem","position":2,"name":"Hygiene"}]},{"@type":"WebSite","@id":"https:\/\/www.mwall.eu\/#website","url":"https:\/\/www.mwall.eu\/","name":"M-Wall","description":"","potentialAction":[{"@type":"SearchAction","target":{"@type":"EntryPoint","urlTemplate":"https:\/\/www.mwall.eu\/?s={search_term_string}"},"query-input":{"@type":"PropertyValueSpecification","valueRequired":true,"valueName":"search_term_string"}}],"inLanguage":"de"}]}},"_links":{"self":[{"href":"https:\/\/www.mwall.eu\/de\/wp-json\/wp\/v2\/pages\/4920","targetHints":{"allow":["GET"]}}],"collection":[{"href":"https:\/\/www.mwall.eu\/de\/wp-json\/wp\/v2\/pages"}],"about":[{"href":"https:\/\/www.mwall.eu\/de\/wp-json\/wp\/v2\/types\/page"}],"author":[{"embeddable":true,"href":"https:\/\/www.mwall.eu\/de\/wp-json\/wp\/v2\/users\/2"}],"replies":[{"embeddable":true,"href":"https:\/\/www.mwall.eu\/de\/wp-json\/wp\/v2\/comments?post=4920"}],"version-history":[{"count":23,"href":"https:\/\/www.mwall.eu\/de\/wp-json\/wp\/v2\/pages\/4920\/revisions"}],"predecessor-version":[{"id":5612,"href":"https:\/\/www.mwall.eu\/de\/wp-json\/wp\/v2\/pages\/4920\/revisions\/5612"}],"wp:attachment":[{"href":"https:\/\/www.mwall.eu\/de\/wp-json\/wp\/v2\/media?parent=4920"}],"curies":[{"name":"wp","href":"https:\/\/api.w.org\/{rel}","templated":true}]}}