{"id":4583,"date":"2024-01-02T08:55:07","date_gmt":"2024-01-02T08:55:07","guid":{"rendered":"https:\/\/www.mwall.eu\/?page_id=4583"},"modified":"2024-04-05T08:05:09","modified_gmt":"2024-04-05T08:05:09","slug":"turschutz","status":"publish","type":"page","link":"https:\/\/www.mwall.eu\/de\/turschutz\/","title":{"rendered":"Turschutz (neu)"},"content":{"rendered":"<div class=\"wpb-content-wrapper\"><p>[vc_row full_width=&#8220;stretch_row&#8220; css=&#8220;.vc_custom_1633524845155{padding-top: 130px !important;padding-bottom: 130px !important;background-image: url(https:\/\/www.mwall.eu\/wp-content\/uploads\/2021\/10\/Nieuwe-OK-Nij-Smellinghe-HR-13-scaled.jpg?id=1514) !important; background-position: center; background-repeat: no-repeat !important;background-size: cover !important; background-position: center;}&#8220;][vc_column][vc_custom_heading text=&#8220;T\u00fcrschutz&#8220; font_container=&#8220;tag:h1|font_size:42px|text_align:left|color:%2300416a&#8220; use_theme_fonts=&#8220;yes&#8220; el_class=&#8220;font-bold&#8220;][vc_empty_space height=&#8220;8px&#8220;][vc_column_text el_class=&#8220;width-60&#8243;]<\/p>\n<p style=\"color: #00416a;\">Der T\u00fcrschutz von M-Wall vereint \u00c4sthetik mit Funktionalit\u00e4t und bietet nachhaltige L\u00f6sungen, um T\u00fcren in \u00f6ffentlichen R\u00e4umen effektiv vor Abnutzung zu sch\u00fctzen. Diese essentiellen Sch\u00fctzer tragen zu einem gepflegten Erscheinungsbild bei und reduzieren die Wartungskosten, indem sie die Lebensdauer der T\u00fcren verl\u00e4ngern.<\/p>\n<p>[\/vc_column_text][vc_empty_space height=&#8220;8px&#8220;][vc_btn title=&#8220;Kostenfreien Probe ansehen&#8220; style=&#8220;custom&#8220; custom_background=&#8220;#00a3ae&#8220; custom_text=&#8220;#ffffff&#8220; shape=&#8220;square&#8220; el_class=&#8220;text-uppercase&#8220; link=&#8220;url:https%3A%2F%2Fwww.mwall.eu%2Fde%2Fbeispielhafte-uebersicht%2F|title:Overzicht%20stalen|&#8220;][\/vc_column][\/vc_row][vc_row][vc_column][vc_empty_space height=&#8220;64px&#8220; el_class=&#8220;d-none d-sm-block&#8220;][\/vc_column][\/vc_row][vc_row][vc_column][vc_custom_heading text=&#8220;Professioneller T\u00fcrschutz von M-Wall&#8220; font_container=&#8220;tag:h2|font_size:28px|text_align:center&#8220; use_theme_fonts=&#8220;yes&#8220;][vc_empty_space height=&#8220;16px&#8220;][vc_column_text]Um Innensch\u00e4den in einem Geb\u00e4ude zu minimieren, wird oft an geeigneten <a href=\"\/de\/wandschutz\/\" style=\"font-weight: bold; text-decoration: underline;\">Wandschutz<\/a> und <a href=\"\/de\/eckenschutz\/\" style=\"text-decoration: underline; font-weight: bold\">Eckenschutz<\/a> gedacht, aber auch der T\u00fcrschutz darf auf keinen Fall fehlen. Schadenfreie T\u00fcren verleihen einem Raum sofort ein ordentliches, sicheres Aussehen. Die leicht zu wartenden T\u00fcrschlagplatten von M-Wall sind hierf\u00fcr die ideale L\u00f6sung![\/vc_column_text][vc_btn title=&#8220;Brochure herunterladen&#8220; style=&#8220;custom&#8220; custom_background=&#8220;#00a3ae&#8220; custom_text=&#8220;#ffffff&#8220; shape=&#8220;square&#8220; align=&#8220;center&#8220; el_class=&#8220;text-uppercase&#8220; link=&#8220;url:https%3A%2F%2Fwww.mwall.eu%2Fwp-content%2Fuploads%2F2024%2F04%2FM-Wall-Brochure-2024-English.pdf&#8220;][\/vc_column][\/vc_row][vc_row][vc_column][vc_empty_space height=&#8220;64px&#8220;][\/vc_column][\/vc_row][vc_row full_width=&#8220;stretch_row&#8220; gap=&#8220;15&#8243; equal_height=&#8220;yes&#8220; content_placement=&#8220;middle&#8220; css=&#8220;.vc_custom_1698747651997{background-color: #f2f2f2 !important;}&#8220;][vc_column width=&#8220;2\/3&#8243;][vc_custom_heading text=&#8220;Mit T\u00fcrschutz vermeiden Sie Besch\u00e4digungen&#8220; font_container=&#8220;tag:h2|font_size:28px|text_align:left&#8220; use_theme_fonts=&#8220;yes&#8220;][vc_empty_space height=&#8220;16px&#8220;][vc_column_text]<\/p>\n<p style=\"color: #00416a;\">T\u00fcren in \u00f6ffentlichen Bereichen wie Krankenh\u00e4usern, Flugh\u00e4fen, Bildungseinrichtungen, Museen und Sportzentren sind schnell Sch\u00e4den ausgesetzt. Jede Minute passiert ein Besucher oder Personal mit Trolleys, Tragen, Containern und anderem Equipment. Dadurch sind T\u00fcren schnell Kratzern, St\u00f6\u00dfen und anderen Besch\u00e4digungen ausgesetzt.<\/p>\n<p style=\"color: #00416a;\">Die Anwendung von T\u00fcrschutz ist eine kluge M\u00f6glichkeit, diese Sch\u00e4den zu verhindern. T\u00fcrschutz sch\u00fctzt die T\u00fcr vor dieser t\u00e4glichen Belastung. Eine besch\u00e4digte T\u00fcr gibt Ihrem Interieur sofort ein ungepflegtes Aussehen. Mit dem richtigen T\u00fcrschutz von M-Wall bleibt das Aussehen Ihres Interieurs intakt.<\/p>\n<p>[\/vc_column_text][\/vc_column][vc_column width=&#8220;1\/3&#8243;][vc_single_image image=&#8220;4409&#8243; img_size=&#8220;full&#8220; onclick=&#8220;link_image&#8220;][\/vc_column][\/vc_row][vc_row][vc_column][vc_empty_space height=&#8220;64px&#8220;][\/vc_column][\/vc_row][vc_row][vc_column][vc_custom_heading text=&#8220;Vorteile des nachhaltigen T\u00fcrschutzes&#8220; font_container=&#8220;tag:h2|font_size:28px|text_align:center&#8220; use_theme_fonts=&#8220;yes&#8220;][vc_empty_space height=&#8220;16px&#8220;][vc_column_text]<\/p>\n<p style=\"text-align: center;\">Das l\u00e4sst sich einfach mit passendem T\u00fcrschutz verhindern. Ein zus\u00e4tzlicher Vorteil ist, dass Sie so die Reparatur- und Wartungskosten f\u00fcr Ihre T\u00fcren niedrig halten. Durch die Investition in T\u00fcrschutz k\u00f6nnen Sie viele dieser Kosten vermeiden. Au\u00dferdem kann die Lebensdauer Ihrer T\u00fcren mit dem richtigen T\u00fcrschutz erheblich verl\u00e4ngert werden.<\/p>\n<p>[\/vc_column_text][\/vc_column][\/vc_row][vc_row][vc_column][vc_empty_space height=&#8220;64px&#8220;][\/vc_column][\/vc_row][vc_row full_width=&#8220;stretch_row&#8220; css=&#8220;.vc_custom_1700661717903{background-color: #f2f2f2 !important;}&#8220; el_id=&#8220;#producten&#8220;][vc_column][vc_custom_heading text=&#8220;T\u00fcrschutz von M-Wall&#8220; font_container=&#8220;tag:h2|font_size:28px|text_align:center&#8220; use_theme_fonts=&#8220;yes&#8220;][vc_empty_space height=&#8220;16px&#8220;][\/vc_column][\/vc_row][vc_row full_width=&#8220;stretch_row&#8220; gap=&#8220;30&#8243; equal_height=&#8220;yes&#8220; css=&#8220;.vc_custom_1703864030719{background-color: #f2f2f2 !important;}&#8220;][vc_column width=&#8220;1\/3&#8243; css=&#8220;.vc_custom_1700661103809{border-top-width: 1px !important;border-right-width: 1px !important;border-bottom-width: 1px !important;border-left-width: 1px !important;padding-top: 15px !important;background-color: #ffffff !important;border-left-color: #00416a !important;border-left-style: solid !important;border-right-color: #00416a !important;border-right-style: solid !important;border-top-color: #00416a !important;border-top-style: solid !important;border-bottom-color: #00416a !important;border-bottom-style: solid !important;}&#8220;][vc_single_image image=&#8220;635&#8243; img_size=&#8220;350&#215;150&#8243; onclick=&#8220;custom_link&#8220; css=&#8220;.vc_custom_1700661323857{margin-bottom: 0px !important;padding-bottom: 0px !important;}&#8220; link=&#8220;https:\/\/www.mwall.eu\/de\/product\/m-wall-basic\/&#8220;][vc_empty_space height=&#8220;16px&#8220;][vc_custom_heading text=&#8220;M-Wall Basic&#8220; font_container=&#8220;tag:h3|font_size:24px|text_align:left|color:%2300416a&#8220; use_theme_fonts=&#8220;yes&#8220; link=&#8220;url:https%3A%2F%2Fwww.mwall.eu%2Fde%2Fproduct%2Fm-wall-basic%2F|title:M-Wall%20Basic|&#8220;][vc_column_text]<\/p>\n<p style=\"color: #00416a;\">M-Wall Basic ist ein innovativer und wirtschaftlicher Wandschutz, der aus einer homogenen PC\/ABS-Mischung besteht. Die PC\/ABS-Formulierung ist chlorid- und bromfrei, erf\u00fcllt die strengen EN 13501 Brandschutzklassen und erreicht ein B-s1-d0 Zertifikat.<\/p>\n<p>[\/vc_column_text][vc_btn title=&#8220;Mehr lesen&#8220; style=&#8220;outline&#8220; shape=&#8220;square&#8220; color=&#8220;turquoise&#8220; size=&#8220;lg&#8220; align=&#8220;center&#8220; button_block=&#8220;true&#8220; el_class=&#8220;text-uppercase&#8220; link=&#8220;url:https%3A%2F%2Fwww.mwall.eu%2Fde%2Fproduct%2Fm-wall-basic%2F|title:M-Wall%20Basic|&#8220;][\/vc_column][vc_column width=&#8220;1\/3&#8243; css=&#8220;.vc_custom_1701881238194{border-top-width: 1px !important;border-right-width: 1px !important;border-bottom-width: 1px !important;border-left-width: 1px !important;padding-top: 15px !important;background-color: #ffffff !important;border-left-color: #00416a !important;border-left-style: solid !important;border-right-color: #00416a !important;border-right-style: solid !important;border-top-color: #00416a !important;border-top-style: solid !important;border-bottom-color: #00416a !important;border-bottom-style: solid !important;}&#8220;][vc_single_image image=&#8220;3996&#8243; img_size=&#8220;350&#215;150&#8243; onclick=&#8220;custom_link&#8220; css=&#8220;.vc_custom_1700661334430{margin-bottom: 0px !important;padding-bottom: 0px !important;}&#8220; link=&#8220;https:\/\/www.mwall.eu\/de\/product\/m-wall-protect\/&#8220;][vc_empty_space height=&#8220;16px&#8220;][vc_custom_heading text=&#8220;M-Wall Protect&#8220; font_container=&#8220;tag:h3|font_size:24px|text_align:left|color:%2300416a&#8220; use_theme_fonts=&#8220;yes&#8220; link=&#8220;url:https%3A%2F%2Fwww.mwall.eu%2Fde%2Fproduct%2Fm-wall-protect%2F|title:M-Wall%20Protect|&#8220;][vc_column_text]<\/p>\n<p style=\"color: #00416a;\">M-Wall Protect ist eine innovative, effiziente und kostensparende L\u00f6sung f\u00fcr Wandschutz. Es ist der erste PET-G Wandschutz, der vollst\u00e4ndig frei von BPA (Bisphenol A) ist, mit au\u00dfergew\u00f6hnlich hoher chemischer Best\u00e4ndigkeit und einem ansprechenden nat\u00fcrlichen Aussehen.<\/p>\n<p>[\/vc_column_text][vc_btn title=&#8220;Mehr lesen&#8220; style=&#8220;outline&#8220; shape=&#8220;square&#8220; color=&#8220;turquoise&#8220; size=&#8220;lg&#8220; align=&#8220;center&#8220; button_block=&#8220;true&#8220; el_class=&#8220;text-uppercase&#8220; link=&#8220;url:https%3A%2F%2Fwww.mwall.eu%2Fde%2Fproduct%2Fm-wall-protect%2F|title:M-Wall%20Protect|&#8220;][\/vc_column][vc_column width=&#8220;1\/3&#8243; css=&#8220;.vc_custom_1699348737316{border-top-width: 1px !important;border-right-width: 1px !important;border-bottom-width: 1px !important;border-left-width: 1px !important;padding-top: 15px !important;background-color: #ffffff !important;border-left-color: #00416a !important;border-left-style: solid !important;border-right-color: #00416a !important;border-right-style: solid !important;border-top-color: #00416a !important;border-top-style: solid !important;border-bottom-color: #00416a !important;border-bottom-style: solid !important;}&#8220;][vc_single_image image=&#8220;1201&#8243; img_size=&#8220;350&#215;150&#8243; onclick=&#8220;custom_link&#8220; css=&#8220;.vc_custom_1700661343846{margin-bottom: 0px !important;padding-bottom: 0px !important;}&#8220; link=&#8220;https:\/\/www.mwall.eu\/de\/product\/m-wall-hygienic\/&#8220;][vc_empty_space height=&#8220;16px&#8220;][vc_custom_heading text=&#8220;M-Wall Hygienic&#8220; font_container=&#8220;tag:h3|font_size:24px|text_align:left|color:%2300416a&#8220; use_theme_fonts=&#8220;yes&#8220; link=&#8220;url:https%3A%2F%2Fwww.mwall.eu%2Fde%2Fproduct%2Fm-wall-hygienic%2F|title:M-Wall%20Hygienic|&#8220;][vc_column_text]<\/p>\n<p style=\"color: #00416a;\">M-Wall Hygienic bietet homogenen PVC-Wandschutz, frei von Weichmachern und Emissionen. Mit hoher chemischer Best\u00e4ndigkeit und aktiver antibakterieller Wirkung verhindert es die Ausbreitung von Bakterien wie MRSA, die innerhalb von 24 Stunden absterben.<\/p>\n<p\/>[\/vc_column_text][vc_btn title=&#8220;Mehr lesen&#8220; style=&#8220;outline&#8220; shape=&#8220;square&#8220; color=&#8220;turquoise&#8220; size=&#8220;lg&#8220; align=&#8220;center&#8220; button_block=&#8220;true&#8220; el_class=&#8220;text-uppercase&#8220; link=&#8220;url:https%3A%2F%2Fwww.mwall.eu%2Fde%2Fproduct%2Fm-wall-hygienic%2F|title:M-Wall%20Hygienic|&#8220;][\/vc_column][\/vc_row][vc_row full_width=&#8220;stretch_row&#8220; css=&#8220;.vc_custom_1699348671752{background-color: #f2f2f2 !important;}&#8220;][vc_column][vc_empty_space height=&#8220;16px&#8220;][vc_btn title=&#8220;Bestellen Sie ein kostenloses Muster&#8220; style=&#8220;custom&#8220; custom_background=&#8220;#00a3ae&#8220; custom_text=&#8220;#ffffff&#8220; shape=&#8220;square&#8220; align=&#8220;center&#8220; el_class=&#8220;text-uppercase&#8220;][vc_empty_space height=&#8220;16px&#8220;][\/vc_column][\/vc_row][vc_row full_width=&#8220;stretch_row&#8220; css=&#8220;.vc_custom_1699350187206{background: #01a3ae url(https:\/\/www.mwall.eu\/wp-content\/uploads\/2023\/11\/check-bg.jpg?id=4367) !important;background-position: center !important;background-repeat: no-repeat !important;background-size: cover !important;}&#8220; el_class=&#8220;background-check&#8220;][vc_column][vc_row_inner equal_height=&#8220;yes&#8220;][vc_column_inner width=&#8220;1\/4&#8243;][vc_icon type=&#8220;material&#8220; icon_material=&#8220;vc-material vc-material-check&#8220; color=&#8220;custom&#8220; background_style=&#8220;rounded&#8220; background_color=&#8220;custom&#8220; size=&#8220;sm&#8220; align=&#8220;center&#8220; css_animation=&#8220;lightSpeedIn&#8220; custom_background_color=&#8220;#ffffff&#8220; custom_color=&#8220;#024b77&#8243;][vc_custom_heading text=&#8220;Geeignet f\u00fcr diverse Raumtypen&#8220; font_container=&#8220;tag:h2|font_size:24px|text_align:center|color:%23ffffff&#8220; use_theme_fonts=&#8220;yes&#8220;][\/vc_column_inner][vc_column_inner width=&#8220;1\/4&#8243;][vc_icon type=&#8220;material&#8220; icon_material=&#8220;vc-material vc-material-check&#8220; color=&#8220;custom&#8220; background_style=&#8220;rounded&#8220; background_color=&#8220;custom&#8220; size=&#8220;sm&#8220; align=&#8220;center&#8220; css_animation=&#8220;lightSpeedIn&#8220; custom_background_color=&#8220;#ffffff&#8220; custom_color=&#8220;#024b77&#8243;][vc_custom_heading text=&#8220;Sorgf\u00e4ltig veredeltes Erscheinungsbild&#8220; font_container=&#8220;tag:h2|font_size:24px|text_align:center|color:%23ffffff&#8220; use_theme_fonts=&#8220;yes&#8220;][\/vc_column_inner][vc_column_inner width=&#8220;1\/4&#8243;][vc_icon type=&#8220;material&#8220; icon_material=&#8220;vc-material vc-material-check&#8220; color=&#8220;custom&#8220; background_style=&#8220;rounded&#8220; background_color=&#8220;custom&#8220; size=&#8220;sm&#8220; align=&#8220;center&#8220; css_animation=&#8220;lightSpeedIn&#8220; custom_background_color=&#8220;#ffffff&#8220; custom_color=&#8220;#024b77&#8243;][vc_custom_heading text=&#8220;Harmonisch in den Raum integriert&#8220; font_container=&#8220;tag:h2|font_size:24px|text_align:center|color:%23ffffff&#8220; use_theme_fonts=&#8220;yes&#8220;][\/vc_column_inner][vc_column_inner width=&#8220;1\/4&#8243;][vc_icon type=&#8220;material&#8220; icon_material=&#8220;vc-material vc-material-check&#8220; color=&#8220;custom&#8220; background_style=&#8220;rounded&#8220; background_color=&#8220;custom&#8220; size=&#8220;sm&#8220; align=&#8220;center&#8220; css_animation=&#8220;lightSpeedIn&#8220; custom_background_color=&#8220;#ffffff&#8220; custom_color=&#8220;#024b77&#8243;][vc_custom_heading text=&#8220;Sch\u00fctzt vor unerwarteten Besch\u00e4digungen&#8220; font_container=&#8220;tag:h2|font_size:24px|text_align:center|color:%23ffffff&#8220; use_theme_fonts=&#8220;yes&#8220;][\/vc_column_inner][\/vc_row_inner][vc_empty_space][\/vc_column][\/vc_row][vc_row][vc_column][vc_empty_space height=&#8220;64px&#8220;][\/vc_column][\/vc_row][vc_row gap=&#8220;15&#8243; equal_height=&#8220;yes&#8220; content_placement=&#8220;middle&#8220;][vc_column width=&#8220;2\/3&#8243;][vc_custom_heading text=&#8220;Ma\u00dfgefertigte T\u00fcrsch\u00fctzer&#8220; font_container=&#8220;tag:h3|font_size:24px|text_align:left|color:%2300416a&#8220; use_theme_fonts=&#8220;yes&#8220;][vc_empty_space height=&#8220;16px&#8220;][vc_column_text]Um Besch\u00e4digungen an Ihren T\u00fcrbl\u00e4ttern zu vermeiden, empfehlen wir den Einsatz des M-Wall Wandschutzes als Trittschutzplatte. Der <a href=\"\/de\/m-wall-basic\/\" style=\"font-weight: bold; text-decoration: underline;\">M-Wall Basic<\/a>, <a href=\"\/de\/m-wall-hygienic\/\" style=\"font-weight: bold; text-decoration: underline;\">M-Wall Hygienic<\/a> und <a href=\"\/de\/m-wall-protect\/\" style=\"font-weight: bold; text-decoration: underline;\">M-Wall Protect<\/a> k\u00f6nnen individuell angepasst werden, um jede T\u00fcr vor Kratz- und Sto\u00dfsch\u00e4den zu sch\u00fctzen.<\/p>\n<p>Die Montage der Trittschutzplatten ist sehr einfach und kann von Ihrem eigenen Wartungsteam durchgef\u00fchrt werden. Auf Wunsch liefern wir auch das empfohlene Montagematerial mit.[\/vc_column_text][\/vc_column][vc_column width=&#8220;1\/3&#8243;][vc_single_image image=&#8220;4409&#8243; img_size=&#8220;full&#8220; onclick=&#8220;link_image&#8220;][\/vc_column][\/vc_row][vc_row][vc_column][vc_empty_space height=&#8220;64px&#8220;][\/vc_column][\/vc_row][vc_row full_width=&#8220;stretch_row&#8220; css=&#8220;.vc_custom_1699349820569{background-image: url(https:\/\/www.mwall.eu\/wp-content\/uploads\/2023\/11\/achtergrond.jpg?id=4362) !important;background-position: center !important;background-repeat: no-repeat !important;background-size: cover !important;}&#8220;][vc_column][vc_empty_space height=&#8220;300px&#8220;][\/vc_column][\/vc_row][vc_row][vc_column][vc_empty_space][\/vc_column][\/vc_row][vc_row content_placement=&#8220;middle&#8220; css=&#8220;.vc_custom_1699352294763{padding-bottom: 20px !important;background-image: url(https:\/\/www.mwall.eu\/wp-content\/uploads\/2023\/11\/bg-grey-1.jpg?id=4389) !important;background-position: 0 0 !important;background-repeat: no-repeat !important;}&#8220;][vc_column width=&#8220;1\/3&#8243; css=&#8220;.vc_custom_1699353034909{margin-left: 20px !important;padding-top: 20px !important;}&#8220;][vc_custom_heading text=&#8220;Laden Sie unseren Brochure herunter&#8220; font_container=&#8220;tag:h3|font_size:24px|text_align:left|color:%2300416a&#8220; use_theme_fonts=&#8220;yes&#8220;][vc_empty_space height=&#8220;16px&#8220;][vc_column_text]<span style=\"color: #00416a;\">F\u00fcr jeden Raum und jede Projektnachfrage bieten wir eine passende L\u00f6sung. Sind Sie neugierig auf die M\u00f6glichkeiten f\u00fcr Ihren Raum? <strong><a style=\"text-decoration: underline;\" href=\"\/de\/contact\/\">Nehmen Sie Kontakt mit uns auf.<\/a><\/strong> M\u00f6chten Sie zuerst mehr \u00fcber unser Unternehmen und unsere weiteren T\u00e4tigkeiten erfahren? <strong><a style=\"text-decoration: underline;\" href=\"\/de\/ueber-uns\/\">Hier erfahren Sie alles \u00fcber M-Wall!<\/a><\/strong><\/span>[\/vc_column_text][vc_btn title=&#8220;Brosch\u00fcre herunterladen&#8220; style=&#8220;custom&#8220; custom_background=&#8220;#00a3ae&#8220; custom_text=&#8220;#ffffff&#8220; shape=&#8220;square&#8220; el_class=&#8220;text-uppercase&#8220; link=&#8220;url:https%3A%2F%2Fwww.mwall.eu%2Fwp-content%2Fuploads%2F2024%2F04%2FM-Wall-Brochure-2024-English.pdf|target:_blank&#8220;][vc_btn title=&#8220;Technische Informationen&#8220; style=&#8220;outline&#8220; shape=&#8220;square&#8220; color=&#8220;turquoise&#8220; size=&#8220;lg&#8220; align=&#8220;left&#8220; el_class=&#8220;text-uppercase&#8220; link=&#8220;url:https%3A%2F%2Fwww.mwall.eu%2Fde%2Ftechnische-dokumente%2F|target:_blank|&#8220;][\/vc_column][vc_column width=&#8220;2\/3&#8243; css=&#8220;.vc_custom_1699353254503{padding-top: 25px !important;}&#8220;][vc_single_image image=&#8220;4420&#8243; img_size=&#8220;full&#8220; alignment=&#8220;center&#8220;][\/vc_column][\/vc_row][vc_row][vc_column][vc_empty_space height=&#8220;8px&#8220;][\/vc_column][\/vc_row]<\/p>\n<\/div>","protected":false},"excerpt":{"rendered":"<p>[vc_row full_width=&#8220;stretch_row&#8220; css=&#8220;.vc_custom_1633524845155{padding-top: 130px !important;padding-bottom: 130px !important;background-image: url(https:\/\/www.mwall.eu\/wp-content\/uploads\/2021\/10\/Nieuwe-OK-Nij-Smellinghe-HR-13-scaled.jpg?id=1514) !important; background-position: center; background-repeat: no-repeat !important;background-size: cover !important; background-position: center;}&#8220;][vc_column][vc_custom_heading text=&#8220;T\u00fcrschutz&#8220; font_container=&#8220;tag:h1|font_size:42px|text_align:left|color:%2300416a&#8220; use_theme_fonts=&#8220;yes&#8220; el_class=&#8220;font-bold&#8220;][vc_empty_space height=&#8220;8px&#8220;][vc_column_text el_class=&#8220;width-60&#8243;] Der T\u00fcrschutz von M-Wall vereint \u00c4sthetik mit Funktionalit\u00e4t und bietet nachhaltige L\u00f6sungen, um T\u00fcren in \u00f6ffentlichen R\u00e4umen effektiv vor Abnutzung zu sch\u00fctzen. Diese essentiellen Sch\u00fctzer tragen zu einem gepflegten Erscheinungsbild bei [&hellip;]<\/p>\n","protected":false},"author":3,"featured_media":0,"parent":0,"menu_order":0,"comment_status":"closed","ping_status":"closed","template":"","meta":{"footnotes":""},"class_list":["post-4583","page","type-page","status-publish","hentry"],"yoast_head":"<!-- This site is optimized with the Yoast SEO plugin v27.3 - https:\/\/yoast.com\/product\/yoast-seo-wordpress\/ -->\n<title>T\u00fcrschutz | M-Wall<\/title>\n<meta name=\"description\" content=\"Optimieren Sie die Langlebigkeit Ihrer T\u00fcren mit M-Wall T\u00fcrschutz \u2013 die nachhaltige L\u00f6sung gegen t\u00e4gliche Besch\u00e4digungen.\" \/>\n<meta name=\"robots\" content=\"noindex, follow\" \/>\n<meta property=\"og:locale\" content=\"de_DE\" \/>\n<meta property=\"og:type\" content=\"article\" \/>\n<meta property=\"og:title\" content=\"T\u00fcrschutz | M-Wall\" \/>\n<meta property=\"og:description\" content=\"Optimieren Sie die Langlebigkeit Ihrer T\u00fcren mit M-Wall T\u00fcrschutz \u2013 die nachhaltige L\u00f6sung gegen t\u00e4gliche Besch\u00e4digungen.\" \/>\n<meta property=\"og:url\" content=\"https:\/\/www.mwall.eu\/en\/door-protection\/\" \/>\n<meta property=\"og:site_name\" content=\"M-Wall\" \/>\n<meta property=\"article:modified_time\" content=\"2024-04-05T08:05:09+00:00\" \/>\n<meta name=\"twitter:card\" content=\"summary_large_image\" \/>\n<meta name=\"twitter:label1\" content=\"Gesch\u00e4tzte Lesezeit\" \/>\n\t<meta name=\"twitter:data1\" content=\"5\u00a0Minuten\" \/>\n<script type=\"application\/ld+json\" class=\"yoast-schema-graph\">{\"@context\":\"https:\\\/\\\/schema.org\",\"@graph\":[{\"@type\":\"WebPage\",\"@id\":\"https:\\\/\\\/www.mwall.eu\\\/en\\\/door-protection\\\/\",\"url\":\"https:\\\/\\\/www.mwall.eu\\\/en\\\/door-protection\\\/\",\"name\":\"T\u00fcrschutz | M-Wall\",\"isPartOf\":{\"@id\":\"https:\\\/\\\/www.mwall.eu\\\/#website\"},\"datePublished\":\"2024-01-02T08:55:07+00:00\",\"dateModified\":\"2024-04-05T08:05:09+00:00\",\"description\":\"Optimieren Sie die Langlebigkeit Ihrer T\u00fcren mit M-Wall T\u00fcrschutz \u2013 die nachhaltige L\u00f6sung gegen t\u00e4gliche Besch\u00e4digungen.\",\"breadcrumb\":{\"@id\":\"https:\\\/\\\/www.mwall.eu\\\/en\\\/door-protection\\\/#breadcrumb\"},\"inLanguage\":\"de\",\"potentialAction\":[{\"@type\":\"ReadAction\",\"target\":[\"https:\\\/\\\/www.mwall.eu\\\/en\\\/door-protection\\\/\"]}]},{\"@type\":\"BreadcrumbList\",\"@id\":\"https:\\\/\\\/www.mwall.eu\\\/en\\\/door-protection\\\/#breadcrumb\",\"itemListElement\":[{\"@type\":\"ListItem\",\"position\":1,\"name\":\"Home\",\"item\":\"https:\\\/\\\/www.mwall.eu\\\/de\\\/\"},{\"@type\":\"ListItem\",\"position\":2,\"name\":\"Turschutz (neu)\"}]},{\"@type\":\"WebSite\",\"@id\":\"https:\\\/\\\/www.mwall.eu\\\/#website\",\"url\":\"https:\\\/\\\/www.mwall.eu\\\/\",\"name\":\"M-Wall\",\"description\":\"\",\"potentialAction\":[{\"@type\":\"SearchAction\",\"target\":{\"@type\":\"EntryPoint\",\"urlTemplate\":\"https:\\\/\\\/www.mwall.eu\\\/?s={search_term_string}\"},\"query-input\":{\"@type\":\"PropertyValueSpecification\",\"valueRequired\":true,\"valueName\":\"search_term_string\"}}],\"inLanguage\":\"de\"}]}<\/script>\n<!-- \/ Yoast SEO plugin. -->","yoast_head_json":{"title":"T\u00fcrschutz | M-Wall","description":"Optimieren Sie die Langlebigkeit Ihrer T\u00fcren mit M-Wall T\u00fcrschutz \u2013 die nachhaltige L\u00f6sung gegen t\u00e4gliche Besch\u00e4digungen.","robots":{"index":"noindex","follow":"follow"},"og_locale":"de_DE","og_type":"article","og_title":"T\u00fcrschutz | M-Wall","og_description":"Optimieren Sie die Langlebigkeit Ihrer T\u00fcren mit M-Wall T\u00fcrschutz \u2013 die nachhaltige L\u00f6sung gegen t\u00e4gliche Besch\u00e4digungen.","og_url":"https:\/\/www.mwall.eu\/en\/door-protection\/","og_site_name":"M-Wall","article_modified_time":"2024-04-05T08:05:09+00:00","twitter_card":"summary_large_image","twitter_misc":{"Gesch\u00e4tzte Lesezeit":"5\u00a0Minuten"},"schema":{"@context":"https:\/\/schema.org","@graph":[{"@type":"WebPage","@id":"https:\/\/www.mwall.eu\/en\/door-protection\/","url":"https:\/\/www.mwall.eu\/en\/door-protection\/","name":"T\u00fcrschutz | M-Wall","isPartOf":{"@id":"https:\/\/www.mwall.eu\/#website"},"datePublished":"2024-01-02T08:55:07+00:00","dateModified":"2024-04-05T08:05:09+00:00","description":"Optimieren Sie die Langlebigkeit Ihrer T\u00fcren mit M-Wall T\u00fcrschutz \u2013 die nachhaltige L\u00f6sung gegen t\u00e4gliche Besch\u00e4digungen.","breadcrumb":{"@id":"https:\/\/www.mwall.eu\/en\/door-protection\/#breadcrumb"},"inLanguage":"de","potentialAction":[{"@type":"ReadAction","target":["https:\/\/www.mwall.eu\/en\/door-protection\/"]}]},{"@type":"BreadcrumbList","@id":"https:\/\/www.mwall.eu\/en\/door-protection\/#breadcrumb","itemListElement":[{"@type":"ListItem","position":1,"name":"Home","item":"https:\/\/www.mwall.eu\/de\/"},{"@type":"ListItem","position":2,"name":"Turschutz (neu)"}]},{"@type":"WebSite","@id":"https:\/\/www.mwall.eu\/#website","url":"https:\/\/www.mwall.eu\/","name":"M-Wall","description":"","potentialAction":[{"@type":"SearchAction","target":{"@type":"EntryPoint","urlTemplate":"https:\/\/www.mwall.eu\/?s={search_term_string}"},"query-input":{"@type":"PropertyValueSpecification","valueRequired":true,"valueName":"search_term_string"}}],"inLanguage":"de"}]}},"_links":{"self":[{"href":"https:\/\/www.mwall.eu\/de\/wp-json\/wp\/v2\/pages\/4583","targetHints":{"allow":["GET"]}}],"collection":[{"href":"https:\/\/www.mwall.eu\/de\/wp-json\/wp\/v2\/pages"}],"about":[{"href":"https:\/\/www.mwall.eu\/de\/wp-json\/wp\/v2\/types\/page"}],"author":[{"embeddable":true,"href":"https:\/\/www.mwall.eu\/de\/wp-json\/wp\/v2\/users\/3"}],"replies":[{"embeddable":true,"href":"https:\/\/www.mwall.eu\/de\/wp-json\/wp\/v2\/comments?post=4583"}],"version-history":[{"count":18,"href":"https:\/\/www.mwall.eu\/de\/wp-json\/wp\/v2\/pages\/4583\/revisions"}],"predecessor-version":[{"id":4864,"href":"https:\/\/www.mwall.eu\/de\/wp-json\/wp\/v2\/pages\/4583\/revisions\/4864"}],"wp:attachment":[{"href":"https:\/\/www.mwall.eu\/de\/wp-json\/wp\/v2\/media?parent=4583"}],"curies":[{"name":"wp","href":"https:\/\/api.w.org\/{rel}","templated":true}]}}