{"id":4477,"date":"2023-11-22T12:48:13","date_gmt":"2023-11-22T12:48:13","guid":{"rendered":"https:\/\/www.mwall.eu\/?page_id=4477"},"modified":"2024-04-05T08:05:10","modified_gmt":"2024-04-05T08:05:10","slug":"wandschutz","status":"publish","type":"page","link":"https:\/\/www.mwall.eu\/de\/wandschutz\/","title":{"rendered":"Wandschutz (neu)"},"content":{"rendered":"<div class=\"wpb-content-wrapper\"><p>[vc_row full_width=&#8220;stretch_row&#8220; css=&#8220;.vc_custom_1633524845155{padding-top: 130px !important;padding-bottom: 130px !important;background-image: url(https:\/\/www.mwall.eu\/wp-content\/uploads\/2021\/10\/Nieuwe-OK-Nij-Smellinghe-HR-33-scaled.jpg?id=1519) !important;background-position: center !important;background-repeat: no-repeat !important;background-size: cover !important;}&#8220;][vc_column][vc_custom_heading text=&#8220;Wandschutz&#8220; font_container=&#8220;tag:h1|font_size:42px|text_align:left|color:%2300416a&#8220; use_theme_fonts=&#8220;yes&#8220; el_class=&#8220;font-bold&#8220;][vc_empty_space height=&#8220;8px&#8220;][vc_column_text el_class=&#8220;width-60&#8243;]<\/p>\n<p style=\"color: #00416a;\">Wandschutz von M-Wall, ideal f\u00fcr jeden Raum. Halten Sie Ihre W\u00e4nde schadensfrei und stilvoll mit unseren ma\u00dfgeschneiderten L\u00f6sungen, die alle Hygiene- und Sicherheitsanforderungen erf\u00fcllen. Perfekt f\u00fcr Bereiche von Gesundheitswesen bis Gastronomie bietet M-Wall Langlebigkeit und \u00c4sthetik in einem.<\/p>\n<p>[\/vc_column_text][vc_empty_space height=&#8220;8px&#8220;][vc_btn title=&#8220;Kostenlose Muster ansehen&#8220; style=&#8220;custom&#8220; custom_background=&#8220;#00a3ae&#8220; custom_text=&#8220;#ffffff&#8220; shape=&#8220;square&#8220; el_class=&#8220;text-uppercase&#8220;][\/vc_column][\/vc_row][vc_row][vc_column][vc_empty_space height=&#8220;64px&#8220; el_class=&#8220;d-none d-sm-block&#8220;][\/vc_column][\/vc_row][vc_row][vc_column][vc_custom_heading text=&#8220;Wandschutz von M-Wall&#8220; font_container=&#8220;tag:h2|font_size:28px|text_align:center&#8220; use_theme_fonts=&#8220;yes&#8220;][vc_empty_space height=&#8220;16px&#8220;][vc_column_text]Schadensfreie W\u00e4nde sind eine Visitenkarte f\u00fcr Ihr Interieur. Sie strahlen Sauberkeit und Sicherheit aus. Mit unserem professionellen Wandschutz m\u00fcssen Sie sich keine Sorgen mehr \u00fcber unsch\u00f6ne Kratzer oder Dellen in Ihren Innenw\u00e4nden machen! Die Wandsch\u00fctzer von M-Wall sind die perfekte L\u00f6sung, um Ihre W\u00e4nde in Topzustand zu halten.<\/p>\n<p>Unser Wandschutz eignet sich hervorragend f\u00fcr den Einsatz in verschiedenen Sektoren wie dem Gesundheitswesen, Einzelhandel, Industrie, Sport, Bildung und nat\u00fcrlich der Gastronomie. Ob Sie nun Eigent\u00fcmer eines lebhaften Caf\u00e9s, eines gesch\u00e4ftigen Ladens oder Verwalter einer Schule oder einer Gesundheitseinrichtung sind, unser Wandschutz ist die L\u00f6sung.<\/p>\n<p>Mit dem M-Wall Wandschutz sehen Ihre W\u00e4nde immer aus, als w\u00e4ren sie gerade frisch gestrichen, unabh\u00e4ngig vom Verkehrsaufkommen. Also lassen Sie die Trolleys, St\u00fchle und lebhaften Aktivit\u00e4ten kommen \u2013 Ihre W\u00e4nde sind bereit![\/vc_column_text][vc_btn title=&#8220;Brosch\u00fcre herunterladen&#8220; style=&#8220;custom&#8220; custom_background=&#8220;#00a3ae&#8220; custom_text=&#8220;#ffffff&#8220; shape=&#8220;square&#8220; align=&#8220;center&#8220; el_class=&#8220;text-uppercase&#8220; link=&#8220;url:https%3A%2F%2Fwww.mwall.eu%2Fwp-content%2Fuploads%2F2024%2F04%2FM-Wall-Brochure-2024-English.pdf&#8220;][\/vc_column][\/vc_row][vc_row][vc_column][vc_empty_space height=&#8220;64px&#8220;][\/vc_column][\/vc_row][vc_row full_width=&#8220;stretch_row&#8220; gap=&#8220;15&#8243; equal_height=&#8220;yes&#8220; content_placement=&#8220;middle&#8220; css=&#8220;.vc_custom_1698747651997{background-color: #f2f2f2 !important;}&#8220;][vc_column width=&#8220;2\/3&#8243;][vc_custom_heading text=&#8220;Mit Wandsch\u00fctzern verhindern Sie Besch\u00e4digungen&#8220; font_container=&#8220;tag:h2|font_size:28px|text_align:left&#8220; use_theme_fonts=&#8220;yes&#8220;][vc_empty_space height=&#8220;16px&#8220;][vc_column_text]<\/p>\n<p style=\"color: #00416a;\">Jedes Geb\u00e4ude mit hohem Verkehrsaufkommen profitiert von passendem Wandschutz. Eine Ber\u00fchrung mit einer Wand kann schnell passieren. Denken Sie an Sch\u00e4den, die durch allgemeinen Verschlei\u00df, aber auch durch vorbeigehende Besucher und das Bewegen von Wagen oder Containern entstehen.<\/p>\n<p style=\"color: #00416a;\">Der richtige Wandschutz verringert die Wahrscheinlichkeit von Sch\u00e4den und minimiert Reparatur- und Wartungskosten. So behalten Sie langfristig ein ordentliches und sicheres Erscheinungsbild Ihres Geb\u00e4udes. Dar\u00fcber hinaus kann der Wandschutz eine Erg\u00e4nzung zum Design Ihrer W\u00e4nde sein. Bei M-Wall k\u00f6nnen Sie bei Bedarf spezifische Details und besondere Designs entwerfen lassen.<\/p>\n<p>[\/vc_column_text][\/vc_column][vc_column width=&#8220;1\/3&#8243;][vc_single_image image=&#8220;4409&#8243; img_size=&#8220;full&#8220; onclick=&#8220;link_image&#8220;][\/vc_column][\/vc_row][vc_row][vc_column][vc_empty_space height=&#8220;64px&#8220;][\/vc_column][\/vc_row][vc_row][vc_column][vc_custom_heading text=&#8220;Wandschutz passend f\u00fcr verschiedene R\u00e4ume&#8220; font_container=&#8220;tag:h2|font_size:28px|text_align:center&#8220; use_theme_fonts=&#8220;yes&#8220;][vc_empty_space height=&#8220;16px&#8220;][vc_column_text]<\/p>\n<p style=\"text-align: center;\">Jeder Raum hat andere Bed\u00fcrfnisse, was nach ma\u00dfgeschneidertem Wandschutz verlangt. Das Sortiment von M-Wall umfasst verschiedene Wandsch\u00fctzer, die alle wichtigen Hygiene- und Sicherheitsanforderungen erf\u00fcllen. So bieten wir eine passende L\u00f6sung f\u00fcr jeden Raum in verschiedenen Sektoren an.<\/p>\n<p>[\/vc_column_text][\/vc_column][\/vc_row][vc_row][vc_column][vc_empty_space][\/vc_column][\/vc_row][vc_row][vc_column][vc_column_text]\n<div class=\"swiper mySwiper\">\n\t<div class=\"swiper-wrapper\">\n\t\t\t<\/div>\n\t<div class=\"swiper-pagination\"><\/div>\n\n    <div class=\"swiper-button-prev\"><\/div>\n \t<div class=\"swiper-button-next\"><\/div>\n<\/div>[\/vc_column_text][\/vc_column][\/vc_row][vc_row][vc_column][vc_empty_space height=&#8220;64px&#8220;][\/vc_column][\/vc_row][vc_row full_width=&#8220;stretch_row&#8220; css=&#8220;.vc_custom_1699348671752{background-color: #f2f2f2 !important;}&#8220;][vc_column][vc_custom_heading text=&#8220;Wandschutz von M-Wall&#8220; font_container=&#8220;tag:h2|font_size:28px|text_align:center&#8220; use_theme_fonts=&#8220;yes&#8220;][vc_empty_space height=&#8220;16px&#8220;][\/vc_column][\/vc_row][vc_row full_width=&#8220;stretch_row&#8220; gap=&#8220;30&#8243; css=&#8220;.vc_custom_1700659490776{background-color: #f2f2f2 !important;}&#8220;][vc_column width=&#8220;1\/3&#8243; css=&#8220;.vc_custom_1699348723983{border-top-width: 1px !important;border-right-width: 1px !important;border-bottom-width: 1px !important;border-left-width: 1px !important;padding-top: 15px !important;background-color: #ffffff !important;border-left-color: #00416a !important;border-left-style: solid !important;border-right-color: #00416a !important;border-right-style: solid !important;border-top-color: #00416a !important;border-top-style: solid !important;border-bottom-color: #00416a !important;border-bottom-style: solid !important;}&#8220;][vc_single_image image=&#8220;635&#8243; img_size=&#8220;350&#215;150&#8243; onclick=&#8220;custom_link&#8220; css=&#8220;.vc_custom_1700658879943{margin-bottom: 0px !important;padding-bottom: 0px !important;}&#8220; link=&#8220;\/de\/product\/m-wall-basic\/&#8220;][vc_empty_space height=&#8220;16px&#8220;][vc_custom_heading text=&#8220;M-Wall Basic&#8220; font_container=&#8220;tag:h3|font_size:24px|text_align:left|color:%2300416a&#8220; use_theme_fonts=&#8220;yes&#8220; link=&#8220;url:https%3A%2F%2Fwww.mwall.eu%2Fproduct%2Fm-wall-basic%2F|title:M-Wall%20Basic&#8220;][vc_column_text]<\/p>\n<p style=\"color: #00416a;\">M-Wall Basic ist ein innovativer und wirtschaftlicher Wandschutz, der aus einer homogenen PC\/ABS-Mischung besteht. Die PC\/ABS-Formulierung ist chlorid- und bromfrei, erf\u00fcllt die strengen EN 13501 Brandschutzklassen und erreicht ein B-s1-d0 Zertifikat.<\/p>\n<p>[\/vc_column_text][vc_btn title=&#8220;Mehr lesen&#8220; style=&#8220;outline&#8220; shape=&#8220;square&#8220; color=&#8220;turquoise&#8220; size=&#8220;lg&#8220; align=&#8220;center&#8220; button_block=&#8220;true&#8220; el_class=&#8220;text-uppercase&#8220; link=&#8220;url:%2Fde%2Fproduct%2Fm-wall-basic%2F|title:M-Wall%20Basic&#8220;][\/vc_column][vc_column width=&#8220;1\/3&#8243; css=&#8220;.vc_custom_1699348732913{border-top-width: 1px !important;border-right-width: 1px !important;border-bottom-width: 1px !important;border-left-width: 1px !important;padding-top: 15px !important;background-color: #ffffff !important;border-left-color: #00416a !important;border-left-style: solid !important;border-right-color: #00416a !important;border-right-style: solid !important;border-top-color: #00416a !important;border-top-style: solid !important;border-bottom-color: #00416a !important;border-bottom-style: solid !important;}&#8220;][vc_single_image image=&#8220;3996&#8243; img_size=&#8220;350&#215;150&#8243; onclick=&#8220;custom_link&#8220; css=&#8220;.vc_custom_1700658854690{margin-bottom: 0px !important;padding-bottom: 0px !important;}&#8220; link=&#8220;\/product\/m-wall-protect\/&#8220;][vc_empty_space height=&#8220;16px&#8220;][vc_custom_heading text=&#8220;M-Wall Protect&#8220; font_container=&#8220;tag:h3|font_size:24px|text_align:left|color:%2300416a&#8220; use_theme_fonts=&#8220;yes&#8220; link=&#8220;url:https%3A%2F%2Fwww.mwall.eu%2Fproduct%2Fm-wall-protect%2F|title:M-Wall%20Protect&#8220;][vc_column_text]<\/p>\n<p style=\"color: #00416a;\">M-Wall Protect ist eine innovative, effiziente und kostensparende L\u00f6sung f\u00fcr Wandschutz. Es ist der erste PET-G Wandschutz, der vollst\u00e4ndig frei von BPA (Bisphenol A) ist, mit au\u00dfergew\u00f6hnlich hoher chemischer Best\u00e4ndigkeit und einem ansprechenden nat\u00fcrlichen Aussehen.<\/p>\n<p>[\/vc_column_text][vc_btn title=&#8220;Mehr lesen&#8220; style=&#8220;outline&#8220; shape=&#8220;square&#8220; color=&#8220;turquoise&#8220; size=&#8220;lg&#8220; align=&#8220;center&#8220; button_block=&#8220;true&#8220; el_class=&#8220;text-uppercase&#8220; link=&#8220;url:%2Fde%2Fproduct%2Fm-wall-protect%2F|title:M-Wall%20Protect&#8220;][\/vc_column][vc_column width=&#8220;1\/3&#8243; css=&#8220;.vc_custom_1699348737316{border-top-width: 1px !important;border-right-width: 1px !important;border-bottom-width: 1px !important;border-left-width: 1px !important;padding-top: 15px !important;background-color: #ffffff !important;border-left-color: #00416a !important;border-left-style: solid !important;border-right-color: #00416a !important;border-right-style: solid !important;border-top-color: #00416a !important;border-top-style: solid !important;border-bottom-color: #00416a !important;border-bottom-style: solid !important;}&#8220;][vc_single_image image=&#8220;1201&#8243; img_size=&#8220;350&#215;150&#8243; onclick=&#8220;custom_link&#8220; css=&#8220;.vc_custom_1700658846919{margin-bottom: 0px !important;padding-bottom: 0px !important;}&#8220; link=&#8220;\/product\/m-wall-hygienic\/&#8220;][vc_empty_space height=&#8220;16px&#8220;][vc_custom_heading text=&#8220;M-Wall Hygienic&#8220; font_container=&#8220;tag:h3|font_size:24px|text_align:left|color:%2300416a&#8220; use_theme_fonts=&#8220;yes&#8220; link=&#8220;url:https%3A%2F%2Fwww.mwall.eu%2Fproduct%2Fm-wall-hygienic%2F|title:M-Wall%20Hygienic&#8220;][vc_column_text]<\/p>\n<p style=\"color: #00416a;\">M-Wall Hygienic bietet homogenen PVC-Wandschutz, frei von Weichmachern und Emissionen. Mit hoher chemischer Best\u00e4ndigkeit und aktiver antibakterieller Wirkung verhindert es die Ausbreitung von Bakterien wie MRSA, die innerhalb von 24 Stunden absterben.<\/p>\n<p>[\/vc_column_text][vc_btn title=&#8220;Mehr lesen&#8220; style=&#8220;outline&#8220; shape=&#8220;square&#8220; color=&#8220;turquoise&#8220; size=&#8220;lg&#8220; align=&#8220;center&#8220; button_block=&#8220;true&#8220; el_class=&#8220;text-uppercase&#8220; link=&#8220;url:%2Fde%2Fproduct%2Fm-wall-hygienic%2F|title:M-Wall%20Hygienic&#8220;][\/vc_column][\/vc_row][vc_row full_width=&#8220;stretch_row&#8220; css=&#8220;.vc_custom_1699348671752{background-color: #f2f2f2 !important;}&#8220;][vc_column][vc_empty_space height=&#8220;16px&#8220;][vc_btn title=&#8220;Bestellen Sie ein kostenloses Muster&#8220; style=&#8220;custom&#8220; custom_background=&#8220;#00a3ae&#8220; custom_text=&#8220;#ffffff&#8220; shape=&#8220;square&#8220; align=&#8220;center&#8220; el_class=&#8220;text-uppercase&#8220; link=&#8220;url:https%3A%2F%2Fwww.mwall.eu%2Fde%2Fbeispielhafte-uebersicht%2F&#8220;][vc_empty_space height=&#8220;16px&#8220;][\/vc_column][\/vc_row][vc_row full_width=&#8220;stretch_row&#8220; css=&#8220;.vc_custom_1699350187206{background: #01a3ae url(https:\/\/www.mwall.eu\/wp-content\/uploads\/2023\/11\/check-bg.jpg?id=4367) !important;background-position: center !important;background-repeat: no-repeat !important;background-size: cover !important;}&#8220; el_class=&#8220;background-check&#8220;][vc_column][vc_row_inner equal_height=&#8220;yes&#8220;][vc_column_inner width=&#8220;1\/4&#8243;][vc_icon type=&#8220;material&#8220; icon_material=&#8220;vc-material vc-material-check&#8220; color=&#8220;custom&#8220; background_style=&#8220;rounded&#8220; background_color=&#8220;custom&#8220; size=&#8220;sm&#8220; align=&#8220;center&#8220; css_animation=&#8220;lightSpeedIn&#8220; custom_background_color=&#8220;#ffffff&#8220; custom_color=&#8220;#024b77&#8243;][vc_custom_heading text=&#8220;Wandschutz f\u00fcr verschiedene R\u00e4ume&#8220; font_container=&#8220;tag:h2|font_size:24px|text_align:center|color:%23ffffff&#8220; use_theme_fonts=&#8220;yes&#8220;][\/vc_column_inner][vc_column_inner width=&#8220;1\/4&#8243;][vc_icon type=&#8220;material&#8220; icon_material=&#8220;vc-material vc-material-check&#8220; color=&#8220;custom&#8220; background_style=&#8220;rounded&#8220; background_color=&#8220;custom&#8220; size=&#8220;sm&#8220; align=&#8220;center&#8220; css_animation=&#8220;lightSpeedIn&#8220; custom_background_color=&#8220;#ffffff&#8220; custom_color=&#8220;#024b77&#8243;][vc_custom_heading text=&#8220;Einfache Wartung&#8220; font_container=&#8220;tag:h2|font_size:24px|text_align:center|color:%23ffffff&#8220; use_theme_fonts=&#8220;yes&#8220;][\/vc_column_inner][vc_column_inner width=&#8220;1\/4&#8243;][vc_icon type=&#8220;material&#8220; icon_material=&#8220;vc-material vc-material-check&#8220; color=&#8220;custom&#8220; background_style=&#8220;rounded&#8220; background_color=&#8220;custom&#8220; size=&#8220;sm&#8220; align=&#8220;center&#8220; css_animation=&#8220;lightSpeedIn&#8220; custom_background_color=&#8220;#ffffff&#8220; custom_color=&#8220;#024b77&#8243;][vc_custom_heading text=&#8220;Erf\u00fcllt alle Anforderungen&#8220; font_container=&#8220;tag:h2|font_size:24px|text_align:center|color:%23ffffff&#8220; use_theme_fonts=&#8220;yes&#8220;][\/vc_column_inner][vc_column_inner width=&#8220;1\/4&#8243;][vc_icon type=&#8220;material&#8220; icon_material=&#8220;vc-material vc-material-check&#8220; color=&#8220;custom&#8220; background_style=&#8220;rounded&#8220; background_color=&#8220;custom&#8220; size=&#8220;sm&#8220; align=&#8220;center&#8220; css_animation=&#8220;lightSpeedIn&#8220; custom_background_color=&#8220;#ffffff&#8220; custom_color=&#8220;#024b77&#8243;][vc_custom_heading text=&#8220;Verleiht dem Raum ein sch\u00f6nes Erscheinungsbild&#8220; font_container=&#8220;tag:h2|font_size:24px|text_align:center|color:%23ffffff&#8220; use_theme_fonts=&#8220;yes&#8220;][\/vc_column_inner][\/vc_row_inner][vc_empty_space][\/vc_column][\/vc_row][vc_row][vc_column][vc_empty_space height=&#8220;64px&#8220;][\/vc_column][\/vc_row][vc_row gap=&#8220;15&#8243; equal_height=&#8220;yes&#8220; content_placement=&#8220;middle&#8220;][vc_column width=&#8220;2\/3&#8243;][vc_custom_heading text=&#8220;Wartung und Reinigung&#8220; font_container=&#8220;tag:h3|font_size:24px|text_align:left|color:%2300416a&#8220; use_theme_fonts=&#8220;yes&#8220;][vc_empty_space height=&#8220;16px&#8220;][vc_column_text]<\/p>\n<p style=\"font-weight: 400; color: #00416a;\">Der Wandschutz von M-Wall ist leicht zu pflegen, da er speziell zum einfachen und effektiven Schutz von W\u00e4nden entwickelt wurde. Wir bieten verschiedene Wandschutzoptionen an, jede mit eigenen Eigenschaften, die f\u00fcr den jeweiligen Einsatzbereich konzipiert sind.<\/p>\n<p style=\"font-weight: 400; color: #00416a;\">M-Wall Basic ist antibakteriell, leicht zu reinigen und widerstandsf\u00e4hig gegen verschiedene chemische L\u00f6sungen und Reinigungsprodukte. M-Wall Protect hat eine sehr feine Oberfl\u00e4chenstruktur und hohe chemische Best\u00e4ndigkeit, wodurch Fette und \u00d6le die Wandpaneele nicht beeintr\u00e4chtigen und der Wartungsaufwand noch geringer ist. Abh\u00e4ngig von Ihren W\u00fcnschen w\u00e4hlen Sie den passenden Wandschutz.<\/p>\n<p style=\"font-weight: 400; color: #00416a;\">F\u00fcr jeden Raum bieten wir Ihnen eine passende L\u00f6sung!<\/p>\n<p>[\/vc_column_text][\/vc_column][vc_column width=&#8220;1\/3&#8243;][vc_single_image image=&#8220;4409&#8243; img_size=&#8220;full&#8220; onclick=&#8220;link_image&#8220;][\/vc_column][\/vc_row][vc_row][vc_column][vc_empty_space height=&#8220;64px&#8220;][\/vc_column][\/vc_row][vc_row full_width=&#8220;stretch_row&#8220; css=&#8220;.vc_custom_1699349820569{background-image: url(https:\/\/www.mwall.eu\/wp-content\/uploads\/2023\/11\/achtergrond.jpg?id=4362) !important;background-position: center !important;background-repeat: no-repeat !important;background-size: cover !important;}&#8220;][vc_column][vc_empty_space height=&#8220;300px&#8220;][\/vc_column][\/vc_row][vc_row][vc_column][vc_empty_space][\/vc_column][\/vc_row][vc_row content_placement=&#8220;middle&#8220; css=&#8220;.vc_custom_1700660242681{padding-bottom: 20px !important;background-image: url(https:\/\/www.mwall.eu\/wp-content\/uploads\/2023\/11\/bg-grey-1.jpg?id=4389) !important;background-position: 0 0 !important;background-repeat: no-repeat !important;}&#8220;][vc_column width=&#8220;1\/3&#8243; css=&#8220;.vc_custom_1699353034909{margin-left: 20px !important;padding-top: 20px !important;}&#8220;][vc_custom_heading text=&#8220;Laden Sie unsere Brosch\u00fcre herunter&#8220; font_container=&#8220;tag:h3|font_size:24px|text_align:left|color:%2300416a&#8220; use_theme_fonts=&#8220;yes&#8220;][vc_empty_space height=&#8220;16px&#8220;][vc_column_text]<span style=\"color: #00416a;\">F\u00fcr jeden Raum und jede Projektnachfrage bieten wir eine passende L\u00f6sung. Sind Sie neugierig auf die M\u00f6glichkeiten f\u00fcr Ihren Raum? <strong><a style=\"text-decoration: underline;\" href=\"\/de\/contact\/\">Nehmen Sie Kontakt mit uns auf.<\/a><\/strong> M\u00f6chten Sie zuerst mehr \u00fcber unser Unternehmen und unsere weiteren T\u00e4tigkeiten erfahren? <strong><a style=\"text-decoration: underline;\" href=\"\/de\/ueber-uns\/\">Hier erfahren Sie alles \u00fcber M-Wall!<\/a><\/strong><\/span>[\/vc_column_text][vc_btn title=&#8220;Brosch\u00fcre herunterladen&#8220; style=&#8220;custom&#8220; custom_background=&#8220;#00a3ae&#8220; custom_text=&#8220;#ffffff&#8220; shape=&#8220;square&#8220; el_class=&#8220;text-uppercase&#8220; link=&#8220;url:https%3A%2F%2Fwww.mwall.eu%2Fwp-content%2Fuploads%2F2024%2F04%2FM-Wall-Brochure-2024-English.pdf|target:_blank&#8220;][vc_btn title=&#8220;Technische Informationen&#8220; style=&#8220;outline&#8220; shape=&#8220;square&#8220; color=&#8220;turquoise&#8220; size=&#8220;lg&#8220; align=&#8220;left&#8220; el_class=&#8220;text-uppercase&#8220; link=&#8220;url:https%3A%2F%2Fwww.mwall.eu%2Fde%2Ftechnische-dokumente%2F|target:_blank&#8220;][\/vc_column][vc_column width=&#8220;2\/3&#8243; css=&#8220;.vc_custom_1699353254503{padding-top: 25px !important;}&#8220;][vc_single_image image=&#8220;4420&#8243; img_size=&#8220;full&#8220; alignment=&#8220;center&#8220;][\/vc_column][\/vc_row]<\/p>\n<\/div>","protected":false},"excerpt":{"rendered":"<p>[vc_row full_width=&#8220;stretch_row&#8220; css=&#8220;.vc_custom_1633524845155{padding-top: 130px !important;padding-bottom: 130px !important;background-image: url(https:\/\/www.mwall.eu\/wp-content\/uploads\/2021\/10\/Nieuwe-OK-Nij-Smellinghe-HR-33-scaled.jpg?id=1519) !important;background-position: center !important;background-repeat: no-repeat !important;background-size: cover !important;}&#8220;][vc_column][vc_custom_heading text=&#8220;Wandschutz&#8220; font_container=&#8220;tag:h1|font_size:42px|text_align:left|color:%2300416a&#8220; use_theme_fonts=&#8220;yes&#8220; el_class=&#8220;font-bold&#8220;][vc_empty_space height=&#8220;8px&#8220;][vc_column_text el_class=&#8220;width-60&#8243;] Wandschutz von M-Wall, ideal f\u00fcr jeden Raum. Halten Sie Ihre W\u00e4nde schadensfrei und stilvoll mit unseren ma\u00dfgeschneiderten L\u00f6sungen, die alle Hygiene- und Sicherheitsanforderungen erf\u00fcllen. Perfekt f\u00fcr Bereiche von Gesundheitswesen bis Gastronomie bietet M-Wall Langlebigkeit [&hellip;]<\/p>\n","protected":false},"author":3,"featured_media":0,"parent":0,"menu_order":0,"comment_status":"closed","ping_status":"closed","template":"","meta":{"footnotes":""},"class_list":["post-4477","page","type-page","status-publish","hentry"],"yoast_head":"<!-- This site is optimized with the Yoast SEO plugin v27.3 - https:\/\/yoast.com\/product\/yoast-seo-wordpress\/ -->\n<title>Wandschutz | M-Wall<\/title>\n<meta name=\"description\" content=\"Wandschutz von M-Wall f\u00fcr verschiedene R\u00e4ume gew\u00e4hrleistet einfache Pflege und ein attraktives Aussehen, erf\u00fcllt alle Anforderungen.\" \/>\n<meta name=\"robots\" content=\"index, follow, max-snippet:-1, max-image-preview:large, max-video-preview:-1\" \/>\n<link rel=\"canonical\" href=\"https:\/\/www.mwall.eu\/en\/wall-protection\/\" \/>\n<meta property=\"og:locale\" content=\"de_DE\" \/>\n<meta property=\"og:type\" content=\"article\" \/>\n<meta property=\"og:title\" content=\"Wandschutz | M-Wall\" \/>\n<meta property=\"og:description\" content=\"Wandschutz von M-Wall f\u00fcr verschiedene R\u00e4ume gew\u00e4hrleistet einfache Pflege und ein attraktives Aussehen, erf\u00fcllt alle Anforderungen.\" \/>\n<meta property=\"og:url\" content=\"https:\/\/www.mwall.eu\/en\/wall-protection\/\" \/>\n<meta property=\"og:site_name\" content=\"M-Wall\" \/>\n<meta property=\"article:modified_time\" content=\"2024-04-05T08:05:10+00:00\" \/>\n<meta name=\"twitter:card\" content=\"summary_large_image\" \/>\n<meta name=\"twitter:label1\" content=\"Gesch\u00e4tzte Lesezeit\" \/>\n\t<meta name=\"twitter:data1\" content=\"5\u00a0Minuten\" \/>\n<script type=\"application\/ld+json\" class=\"yoast-schema-graph\">{\"@context\":\"https:\\\/\\\/schema.org\",\"@graph\":[{\"@type\":\"WebPage\",\"@id\":\"https:\\\/\\\/www.mwall.eu\\\/en\\\/wall-protection\\\/\",\"url\":\"https:\\\/\\\/www.mwall.eu\\\/en\\\/wall-protection\\\/\",\"name\":\"Wandschutz | M-Wall\",\"isPartOf\":{\"@id\":\"https:\\\/\\\/www.mwall.eu\\\/#website\"},\"datePublished\":\"2023-11-22T12:48:13+00:00\",\"dateModified\":\"2024-04-05T08:05:10+00:00\",\"description\":\"Wandschutz von M-Wall f\u00fcr verschiedene R\u00e4ume gew\u00e4hrleistet einfache Pflege und ein attraktives Aussehen, erf\u00fcllt alle Anforderungen.\",\"breadcrumb\":{\"@id\":\"https:\\\/\\\/www.mwall.eu\\\/en\\\/wall-protection\\\/#breadcrumb\"},\"inLanguage\":\"de\",\"potentialAction\":[{\"@type\":\"ReadAction\",\"target\":[\"https:\\\/\\\/www.mwall.eu\\\/en\\\/wall-protection\\\/\"]}]},{\"@type\":\"BreadcrumbList\",\"@id\":\"https:\\\/\\\/www.mwall.eu\\\/en\\\/wall-protection\\\/#breadcrumb\",\"itemListElement\":[{\"@type\":\"ListItem\",\"position\":1,\"name\":\"Home\",\"item\":\"https:\\\/\\\/www.mwall.eu\\\/de\\\/\"},{\"@type\":\"ListItem\",\"position\":2,\"name\":\"Wandschutz (neu)\"}]},{\"@type\":\"WebSite\",\"@id\":\"https:\\\/\\\/www.mwall.eu\\\/#website\",\"url\":\"https:\\\/\\\/www.mwall.eu\\\/\",\"name\":\"M-Wall\",\"description\":\"\",\"potentialAction\":[{\"@type\":\"SearchAction\",\"target\":{\"@type\":\"EntryPoint\",\"urlTemplate\":\"https:\\\/\\\/www.mwall.eu\\\/?s={search_term_string}\"},\"query-input\":{\"@type\":\"PropertyValueSpecification\",\"valueRequired\":true,\"valueName\":\"search_term_string\"}}],\"inLanguage\":\"de\"}]}<\/script>\n<!-- \/ Yoast SEO plugin. -->","yoast_head_json":{"title":"Wandschutz | M-Wall","description":"Wandschutz von M-Wall f\u00fcr verschiedene R\u00e4ume gew\u00e4hrleistet einfache Pflege und ein attraktives Aussehen, erf\u00fcllt alle Anforderungen.","robots":{"index":"index","follow":"follow","max-snippet":"max-snippet:-1","max-image-preview":"max-image-preview:large","max-video-preview":"max-video-preview:-1"},"canonical":"https:\/\/www.mwall.eu\/en\/wall-protection\/","og_locale":"de_DE","og_type":"article","og_title":"Wandschutz | M-Wall","og_description":"Wandschutz von M-Wall f\u00fcr verschiedene R\u00e4ume gew\u00e4hrleistet einfache Pflege und ein attraktives Aussehen, erf\u00fcllt alle Anforderungen.","og_url":"https:\/\/www.mwall.eu\/en\/wall-protection\/","og_site_name":"M-Wall","article_modified_time":"2024-04-05T08:05:10+00:00","twitter_card":"summary_large_image","twitter_misc":{"Gesch\u00e4tzte Lesezeit":"5\u00a0Minuten"},"schema":{"@context":"https:\/\/schema.org","@graph":[{"@type":"WebPage","@id":"https:\/\/www.mwall.eu\/en\/wall-protection\/","url":"https:\/\/www.mwall.eu\/en\/wall-protection\/","name":"Wandschutz | M-Wall","isPartOf":{"@id":"https:\/\/www.mwall.eu\/#website"},"datePublished":"2023-11-22T12:48:13+00:00","dateModified":"2024-04-05T08:05:10+00:00","description":"Wandschutz von M-Wall f\u00fcr verschiedene R\u00e4ume gew\u00e4hrleistet einfache Pflege und ein attraktives Aussehen, erf\u00fcllt alle Anforderungen.","breadcrumb":{"@id":"https:\/\/www.mwall.eu\/en\/wall-protection\/#breadcrumb"},"inLanguage":"de","potentialAction":[{"@type":"ReadAction","target":["https:\/\/www.mwall.eu\/en\/wall-protection\/"]}]},{"@type":"BreadcrumbList","@id":"https:\/\/www.mwall.eu\/en\/wall-protection\/#breadcrumb","itemListElement":[{"@type":"ListItem","position":1,"name":"Home","item":"https:\/\/www.mwall.eu\/de\/"},{"@type":"ListItem","position":2,"name":"Wandschutz (neu)"}]},{"@type":"WebSite","@id":"https:\/\/www.mwall.eu\/#website","url":"https:\/\/www.mwall.eu\/","name":"M-Wall","description":"","potentialAction":[{"@type":"SearchAction","target":{"@type":"EntryPoint","urlTemplate":"https:\/\/www.mwall.eu\/?s={search_term_string}"},"query-input":{"@type":"PropertyValueSpecification","valueRequired":true,"valueName":"search_term_string"}}],"inLanguage":"de"}]}},"_links":{"self":[{"href":"https:\/\/www.mwall.eu\/de\/wp-json\/wp\/v2\/pages\/4477","targetHints":{"allow":["GET"]}}],"collection":[{"href":"https:\/\/www.mwall.eu\/de\/wp-json\/wp\/v2\/pages"}],"about":[{"href":"https:\/\/www.mwall.eu\/de\/wp-json\/wp\/v2\/types\/page"}],"author":[{"embeddable":true,"href":"https:\/\/www.mwall.eu\/de\/wp-json\/wp\/v2\/users\/3"}],"replies":[{"embeddable":true,"href":"https:\/\/www.mwall.eu\/de\/wp-json\/wp\/v2\/comments?post=4477"}],"version-history":[{"count":12,"href":"https:\/\/www.mwall.eu\/de\/wp-json\/wp\/v2\/pages\/4477\/revisions"}],"predecessor-version":[{"id":4865,"href":"https:\/\/www.mwall.eu\/de\/wp-json\/wp\/v2\/pages\/4477\/revisions\/4865"}],"wp:attachment":[{"href":"https:\/\/www.mwall.eu\/de\/wp-json\/wp\/v2\/media?parent=4477"}],"curies":[{"name":"wp","href":"https:\/\/api.w.org\/{rel}","templated":true}]}}