{"id":2337,"date":"2021-12-10T15:13:43","date_gmt":"2021-12-10T15:13:43","guid":{"rendered":"https:\/\/www.mwall.eu\/datenschutzbestimmungen\/"},"modified":"2023-05-16T11:28:40","modified_gmt":"2023-05-16T11:28:40","slug":"datenschutzbestimmungen","status":"publish","type":"page","link":"https:\/\/www.mwall.eu\/de\/datenschutzbestimmungen\/","title":{"rendered":"Datenschutzbestimmungen"},"content":{"rendered":"<div class=\"wpb-content-wrapper\"><p>[vc_row][vc_column][vc_column_text]Letzte \u00c4nderung: 9-12-2021.<\/p>\n<p>M Wall ist f\u00fcr die Verarbeitung personenbezogener Daten, wie in dieser Datenschutzerkl\u00e4rung dargelegt, verantwortlich.<\/p>\n<h4>Identit\u00e4t des Unternehmens<\/h4>\n<p>M-Wall<br \/>\nSteenoven 4C<br \/>\n5626 DK Eindhoven<\/p>\n<h4>Allgemein<\/h4>\n<p>M-Wall misst dem Schutz Ihrer pers\u00f6nlichen Daten gro\u00dfe Bedeutung bei. Mit dieser Datenschutzerkl\u00e4rung m\u00f6chten wir klar und transparent dar\u00fcber informieren, wie wir mit personenbezogenen Daten umgehen.<\/p>\n<p>Wir tun alles in unserer Macht Stehende, um Ihre Privatsph\u00e4re zu gew\u00e4hrleisten und gehen daher sorgf\u00e4ltig mit pers\u00f6nlichen Daten um. M-Wall beachtet in allen F\u00e4llen die geltenden Gesetze und Vorschriften, einschlie\u00dflich der Allgemeinen Datenschutzverordnung. Dies bedeutet, dass wir auf jeden Fall:<\/p>\n<ul>\n<li>Ihre personenbezogenen Daten in \u00dcbereinstimmung mit dem Zweck zu verarbeiten, f\u00fcr den sie zur Verf\u00fcgung gestellt wurden; diese Zwecke und Arten von personenbezogenen Daten sind in dieser Datenschutzrichtlinie beschrieben;<\/li>\n<li>die Verarbeitung Ihrer personenbezogenen Daten auf die Angaben zu beschr\u00e4nken, die f\u00fcr die Zwecke, f\u00fcr die sie verarbeitet werden, unbedingt erforderlich sind;<\/li>\n<li>Wir bitten Sie um Ihre ausdr\u00fcckliche Zustimmung, wenn wir diese f\u00fcr die Verarbeitung Ihrer personenbezogenen Daten ben\u00f6tigen;<\/li>\n<li>geeignete technische und organisatorische Ma\u00dfnahmen getroffen haben, damit die Sicherheit Ihrer personenbezogenen Daten gew\u00e4hrleistet ist;<\/li>\n<li>keine personenbezogenen Daten an Dritte weitergeben, es sei denn, dies ist f\u00fcr die Erf\u00fcllung der Zwecke, f\u00fcr die sie zur Verf\u00fcgung gestellt wurden, erforderlich;<\/li>\n<li>Ihre Rechte in Bezug auf Ihre personenbezogenen Daten kennen, Sie darauf hinweisen und sie respektieren wollen.<br \/>\nAls M Wall sind wir f\u00fcr die Verarbeitung Ihrer personenbezogenen Daten verantwortlich. Wenn Sie nach der Lekt\u00fcre unserer Datenschutzrichtlinie oder ganz allgemein Fragen dazu haben oder sich mit uns in Verbindung setzen m\u00f6chten, verwenden Sie bitte die Kontaktdaten am Ende dieses Dokuments.<\/li>\n<\/ul>\n<h4>Google Analytics<\/h4>\n<p>Wir verwenden Google Analytics, um Besucherinformationen zu sammeln. Dies bedeutet, dass wir Einblick in alle Besucher unserer Website erhalten. Dies ist ein internes Instrument, mit dem wir sehen k\u00f6nnen, ob bestimmte Aktionen funktionieren und zu welchen Zeiten die meisten Bestellungen eingehen.<\/p>\n<p>Wir haben alle IP-Adressen, die wir \u00fcber Google Analytics sammeln, anonymisiert. Das bedeutet, dass wir Ihre vollst\u00e4ndige IP-Adresse nicht an Google Analytics \u00fcbermitteln. Daher haben wir keinen konkreten Einblick in Ihren Aufenthaltsort.<\/p>\n<h4>Statistiken zum Server<\/h4>\n<p>Auf unserem Server werden keine Statistiken gef\u00fchrt. Wir haben dies in Absprache mit der gastgebenden Partei deaktiviert.<\/p>\n<p>Unser Hosting-Partner speichert (in begrenztem Umfang) die IP-Adressen der Besucher. Diese IP-Adressen sind nicht direkt \u00fcber eine Website zug\u00e4nglich. Unser Gastgeber tut dies aus Sicherheitsgr\u00fcnden. Im Falle eines Angriffs ist es f\u00fcr unseren Gastgeber von entscheidender Bedeutung, den &#8222;Schuldigen&#8220; ausfindig machen zu k\u00f6nnen. Dies ist nur auf der Grundlage einer IP-Adresse m\u00f6glich.<\/p>\n<h4>Kartierung von Website-Besuchen<\/h4>\n<p>Wir verwenden nur technische und funktionale Cookies. Und analytische Cookies, die Ihre Privatsph\u00e4re nicht verletzen. Ein Cookie ist eine kleine Textdatei, die auf Ihrem Computer, Tablet oder Smartphone gespeichert wird, wenn Sie diese Website zum ersten Mal besuchen. Die von uns verwendeten Cookies sind f\u00fcr das technische Funktionieren der Website und Ihre Benutzerfreundlichkeit erforderlich. Sie sorgen daf\u00fcr, dass die Website ordnungsgem\u00e4\u00df funktioniert und speichern beispielsweise Ihre Pr\u00e4ferenzen. Sie erm\u00f6glichen es uns auch, unsere Website zu optimieren. Wenn Sie mehr \u00fcber unsere Cookies erfahren m\u00f6chten, schauen Sie hier. Sie k\u00f6nnen Cookies ablehnen, indem Sie Ihren Internet-Browser so konfigurieren, dass er keine weiteren Cookies speichert. Dar\u00fcber hinaus k\u00f6nnen Sie alle zuvor gespeicherten Informationen \u00fcber Ihre Browsereinstellungen l\u00f6schen.<\/p>\n<h4>Besondere und\/oder sensible personenbezogene Daten, die wir verarbeiten<\/h4>\n<p>Unsere Website und\/oder unser Dienst beabsichtigt nicht, Daten \u00fcber Website-Besucher zu sammeln, die j\u00fcnger als 16 Jahre sind. Es sei denn, sie haben die Erlaubnis ihrer Eltern oder ihres Vormunds. Wir k\u00f6nnen jedoch nicht \u00fcberpr\u00fcfen, ob ein Besucher \u00fcber 16 Jahre alt ist. Wir empfehlen daher, die Eltern in die Online-Aktivit\u00e4ten ihrer Kinder einzubeziehen, um zu verhindern, dass Daten \u00fcber Kinder ohne elterliche Zustimmung gesammelt werden. Wenn Sie davon \u00fcberzeugt sind, dass wir personenbezogene Daten \u00fcber einen Minderj\u00e4hrigen ohne eine solche Zustimmung gesammelt haben, wenden Sie sich bitte an info@mwall.eu, und wir werden diese Informationen l\u00f6schen.<\/p>\n<h4>Zu welchem Zweck und auf welcher Grundlage verarbeiten wir personenbezogene Daten?<\/h4>\n<p>M-Wall verarbeitet Ihre personenbezogenen Daten f\u00fcr die folgenden Zwecke:<\/p>\n<ul>\n<li>Um Sie anrufen oder Ihnen eine E-Mail schicken zu k\u00f6nnen, wenn dies f\u00fcr die Erbringung unserer Dienstleistungen erforderlich ist.<\/li>\n<\/ul>\n<h4>Verarbeitung von personenbezogenen Daten von Kunden oder Lieferanten<\/h4>\n<p>Personenbezogene Daten von Kunden oder Lieferanten werden von M Wall f\u00fcr die folgenden Zwecke verarbeitet:<\/p>\n<ul>\n<li>Administrative Zwecke;<\/li>\n<li>Kommunikation \u00fcber die Bestellung und\/oder die Einladungen;<\/li>\n<li>Die Ausf\u00fchrung oder Erteilung eines Auftrags.<\/li>\n<\/ul>\n<h4>Die Grundlage f\u00fcr diese personenbezogenen Daten ist:<\/h4>\n<ul>\n<li>Zustimmung;<\/li>\n<\/ul>\n<p>F\u00fcr die oben genannten Zwecke kann M Wall die folgenden personenbezogenen Daten von Ihnen erfragen:<\/p>\n<ul>\n<li>Vor- und Nachname<\/li>\n<li>Rufnummer<\/li>\n<li>E-Mail Adresse<\/li>\n<\/ul>\n<p>Ihre personenbezogenen Daten werden von M Wall f\u00fcr die oben genannte(n) Verarbeitung(en) f\u00fcr den Zeitraum gespeichert:<\/p>\n<p>W\u00e4hrend der Laufzeit des Abkommens und danach nur &#8211; falls erforderlich &#8211; in der Finanzverwaltung f\u00fcr maximal 7 Jahre.<\/p>\n<h4>Verarbeitung personenbezogener Daten von Interessenten, Stakeholdern\/Lobbyisten und\/oder interessierten Parteien<\/h4>\n<p>Personenbezogene Daten von Interessenten, Stakeholdern\/Lobbyisten und\/oder interessierten Parteien werden von M Wall f\u00fcr die folgenden Zwecke verarbeitet:<\/p>\n<ul>\n<li>Bereitstellung von Informationen in Form von Newslettern und\/oder gezielten Kontakten.<\/li>\n<\/ul>\n<p>Die Grundlage f\u00fcr diese personenbezogenen Daten ist:<\/p>\n<ul>\n<li>M\u00fcndliche Zustimmung, Aush\u00e4ndigung einer Visitenkarte und\/oder durch einen Link auf LinkedIn;<\/li>\n<\/ul>\n<p>F\u00fcr die oben genannten Zwecke kann M Wall Sie um die folgenden personenbezogenen Daten bitten:<\/p>\n<ul>\n<li>Vornamen;<\/li>\n<li>Mittlerer Name;<\/li>\n<li>Nachname; Nachname;<\/li>\n<li>Telefonnummer;<\/li>\n<li>E-Mail Adresse.<\/li>\n<\/ul>\n<p>Ihre personenbezogenen Daten werden von M Wall f\u00fcr die oben genannten Verarbeitungszwecke f\u00fcr den Zeitraum gespeichert:<\/p>\n<p>W\u00e4hrend des Zeitraums, in dem man als Interessent, Stakeholder\/Lobbykontakt und\/oder interessierte Partei angesehen wird.<\/p>\n<h4>Bereitstellung f\u00fcr Dritte<\/h4>\n<p>Wir k\u00f6nnen die uns von Ihnen zur Verf\u00fcgung gestellten Daten an Dritte weitergeben, wenn dies f\u00fcr die Ausf\u00fchrung der unten beschriebenen Zwecke erforderlich ist.<\/p>\n<p>Zum Beispiel nutzen wir eine dritte Partei f\u00fcr:<\/p>\n<ul>\n<li>Pflege der Internetumgebung des AVG-Programms;<\/li>\n<li>Erledigung der (finanziellen) Verwaltung;<\/li>\n<li>Bereitstellung von Newslettern und Einladungen.<\/li>\n<\/ul>\n<p>Wir geben niemals personenbezogene Daten an andere Parteien weiter, mit denen wir keinen Verarbeitungsvertrag geschlossen haben. Mit diesen Parteien (Verarbeitern) treffen wir selbstverst\u00e4ndlich die notwendigen Vorkehrungen, um die Sicherheit Ihrer personenbezogenen Daten zu gew\u00e4hrleisten. Dar\u00fcber hinaus werden wir die von Ihnen zur Verf\u00fcgung gestellten Daten nicht an Dritte weitergeben, es sei denn, dies ist gesetzlich vorgeschrieben und erlaubt. Ein Beispiel daf\u00fcr ist, dass die Polizei im Rahmen von Ermittlungen (personenbezogene) Daten von uns anfordert. In einem solchen Fall m\u00fcssen wir kooperieren und sind daher verpflichtet, diese Daten herauszugeben. Wir k\u00f6nnen personenbezogene Daten auch an Dritte weitergeben, wenn Sie uns die schriftliche Erlaubnis dazu erteilen.<\/p>\n<h4>Innerhalb der EU<\/h4>\n<p>Wir geben keine personenbezogenen Daten an Parteien au\u00dferhalb der EU weiter.<\/p>\n<h4>Dauer der Lagerung<\/h4>\n<p>M Wall bewahrt personenbezogene Daten nicht l\u00e4nger auf, als es f\u00fcr den Zweck, f\u00fcr den sie bereitgestellt wurden, erforderlich oder gesetzlich vorgeschrieben ist.<\/p>\n<h4>Sicherheit<\/h4>\n<p>Wir haben geeignete technische und organisatorische Ma\u00dfnahmen ergriffen, um Ihre personenbezogenen Daten vor unrechtm\u00e4\u00dfiger Verarbeitung zu sch\u00fctzen, wie z. B. die folgenden Ma\u00dfnahmen;<\/p>\n<ul>\n<li>Alle Personen, die im Auftrag von M Wall von Ihren Daten Kenntnis nehmen k\u00f6nnen, sind zur Verschwiegenheit verpflichtet.<\/li>\n<li>Wir verwenden f\u00fcr alle unsere Systeme eine Benutzernamen- und Passwortpolitik;<\/li>\n<li>Wir erstellen Sicherungskopien der personenbezogenen Daten, um sie im Falle physischer oder technischer Zwischenf\u00e4lle wiederherstellen zu k\u00f6nnen;<\/li>\n<li>Wir testen und bewerten unsere Ma\u00dfnahmen regelm\u00e4\u00dfig;<\/li>\n<li>Unsere Mitarbeiter sind \u00fcber die Bedeutung des Schutzes personenbezogener Daten informiert.<\/li>\n<\/ul>\n<p>M Wall nimmt den Schutz Ihrer Daten ernst und ergreift geeignete Ma\u00dfnahmen, um Missbrauch, Verlust, unbefugten Zugriff, unerw\u00fcnschte Offenlegung und unbefugte \u00c4nderungen zu verhindern. Wenn Sie den Eindruck haben, dass Ihre Daten nicht ordnungsgem\u00e4\u00df gesichert sind oder es Anzeichen f\u00fcr einen Missbrauch gibt, wenden Sie sich bitte an unseren Kundendienst oder an info@mwall.eu.<\/p>\n<h4>\u00dcberpr\u00fcfen, \u00c4ndern oder L\u00f6schen von Daten<\/h4>\n<p>Sie haben das Recht, Ihre personenbezogenen Daten einzusehen, zu berichtigen oder zu l\u00f6schen. Dar\u00fcber hinaus haben Sie das Recht, Ihre Zustimmung zur Datenverarbeitung zu widerrufen oder der Verarbeitung Ihrer personenbezogenen Daten durch M Wall zu widersprechen, und Sie haben das Recht auf Daten\u00fcbertragbarkeit. Das bedeutet, dass Sie bei uns beantragen k\u00f6nnen, dass die personenbezogenen Daten, die wir \u00fcber Sie in einer Computerdatei gespeichert haben, an Sie oder eine andere von Ihnen benannte Organisation \u00fcbermittelt werden. Sie k\u00f6nnen einen Antrag auf Einsichtnahme, Berichtigung, L\u00f6schung, Daten\u00fcbertragbarkeit Ihrer personenbezogenen Daten oder einen Antrag auf Widerruf Ihrer Einwilligung oder auf Widerspruch gegen die Verarbeitung Ihrer personenbezogenen Daten an info@mwall.eu richten. Um sicherzustellen, dass der Antrag auf Einsichtnahme von Ihnen gestellt wurde, bitten wir Sie, dem Antrag eine Kopie Ihres Personalausweises beizuf\u00fcgen. Achten Sie bitte darauf, dass in dieser Kopie Ihr Passfoto, die MRZ (maschinenlesbare Zone, der Streifen mit Zahlen am unteren Rand des Passes), die Passnummer und die B\u00fcrgerservicenummer (BSN) geschw\u00e4rzt sind. Dies dient dem Schutz Ihrer Privatsph\u00e4re. Wir werden Ihre Anfrage so schnell wie m\u00f6glich, jedoch innerhalb von vier Wochen, beantworten.<\/p>\n<h4>Beanstandungen<\/h4>\n<p>Wenn Sie sich \u00fcber die Verarbeitung Ihrer personenbezogenen Daten beschweren m\u00f6chten, wenden Sie sich bitte unverz\u00fcglich an uns. Wenn es uns nicht gelingt, die Angelegenheit mit Ihnen zu kl\u00e4ren, ist das nat\u00fcrlich sehr \u00e4rgerlich. Sie haben immer das Recht, eine Beschwerde bei der niederl\u00e4ndischen Datenschutzbeh\u00f6rde, der Aufsichtsbeh\u00f6rde im Bereich des Datenschutzes, einzureichen. Sie k\u00f6nnen dies \u00fcber den folgenden Link tun: https:\/\/autoriteitpersoonsgegevens.nl\/nl\/contact-met-de-autoriteit-persoonsgegevens\/tip-ons<\/p>\n<h4>Fragen<\/h4>\n<p>Wenn Sie Fragen oder Anmerkungen zu unserer Datenschutzerkl\u00e4rung haben, kontaktieren Sie uns bitte! Sie erreichen uns per E-Mail unter: info@mwall.eu.[\/vc_column_text][\/vc_column][\/vc_row]<\/p>\n<\/div>","protected":false},"excerpt":{"rendered":"<p>[vc_row][vc_column][vc_column_text]Letzte \u00c4nderung: 9-12-2021. M Wall ist f\u00fcr die Verarbeitung personenbezogener Daten, wie in dieser Datenschutzerkl\u00e4rung dargelegt, verantwortlich. Identit\u00e4t des Unternehmens M-Wall Steenoven 4C 5626 DK Eindhoven Allgemein M-Wall misst dem Schutz Ihrer pers\u00f6nlichen Daten gro\u00dfe Bedeutung bei. Mit dieser Datenschutzerkl\u00e4rung m\u00f6chten wir klar und transparent dar\u00fcber informieren, wie wir mit personenbezogenen Daten umgehen. Wir tun [&hellip;]<\/p>\n","protected":false},"author":1,"featured_media":0,"parent":0,"menu_order":0,"comment_status":"closed","ping_status":"open","template":"","meta":{"footnotes":""},"class_list":["post-2337","page","type-page","status-publish","hentry"],"yoast_head":"<!-- This site is optimized with the Yoast SEO plugin v27.3 - https:\/\/yoast.com\/product\/yoast-seo-wordpress\/ -->\n<title>Datenschutzbestimmungen - M-Wall<\/title>\n<meta name=\"robots\" content=\"index, follow, max-snippet:-1, max-image-preview:large, max-video-preview:-1\" \/>\n<link rel=\"canonical\" href=\"https:\/\/www.mwall.eu\/de\/datenschutzbestimmungen\/\" \/>\n<meta property=\"og:locale\" content=\"de_DE\" \/>\n<meta property=\"og:type\" content=\"article\" \/>\n<meta property=\"og:title\" content=\"Datenschutzbestimmungen - M-Wall\" \/>\n<meta property=\"og:description\" content=\"[vc_row][vc_column][vc_column_text]Letzte \u00c4nderung: 9-12-2021. M Wall ist f\u00fcr die Verarbeitung personenbezogener Daten, wie in dieser Datenschutzerkl\u00e4rung dargelegt, verantwortlich. Identit\u00e4t des Unternehmens M-Wall Steenoven 4C 5626 DK Eindhoven Allgemein M-Wall misst dem Schutz Ihrer pers\u00f6nlichen Daten gro\u00dfe Bedeutung bei. Mit dieser Datenschutzerkl\u00e4rung m\u00f6chten wir klar und transparent dar\u00fcber informieren, wie wir mit personenbezogenen Daten umgehen. Wir tun [&hellip;]\" \/>\n<meta property=\"og:url\" content=\"https:\/\/www.mwall.eu\/de\/datenschutzbestimmungen\/\" \/>\n<meta property=\"og:site_name\" content=\"M-Wall\" \/>\n<meta property=\"article:modified_time\" content=\"2023-05-16T11:28:40+00:00\" \/>\n<meta name=\"twitter:card\" content=\"summary_large_image\" \/>\n<meta name=\"twitter:label1\" content=\"Gesch\u00e4tzte Lesezeit\" \/>\n\t<meta name=\"twitter:data1\" content=\"8\u00a0Minuten\" \/>\n<script type=\"application\/ld+json\" class=\"yoast-schema-graph\">{\"@context\":\"https:\\\/\\\/schema.org\",\"@graph\":[{\"@type\":\"WebPage\",\"@id\":\"https:\\\/\\\/www.mwall.eu\\\/privacybeleid\\\/\",\"url\":\"https:\\\/\\\/www.mwall.eu\\\/de\\\/datenschutzbestimmungen\\\/\",\"name\":\"Datenschutzbestimmungen - M-Wall\",\"isPartOf\":{\"@id\":\"https:\\\/\\\/www.mwall.eu\\\/#website\"},\"datePublished\":\"2021-12-10T15:13:43+00:00\",\"dateModified\":\"2023-05-16T11:28:40+00:00\",\"breadcrumb\":{\"@id\":\"https:\\\/\\\/www.mwall.eu\\\/de\\\/datenschutzbestimmungen\\\/#breadcrumb\"},\"inLanguage\":\"de\",\"potentialAction\":[{\"@type\":\"ReadAction\",\"target\":[\"https:\\\/\\\/www.mwall.eu\\\/de\\\/datenschutzbestimmungen\\\/\"]}]},{\"@type\":\"BreadcrumbList\",\"@id\":\"https:\\\/\\\/www.mwall.eu\\\/de\\\/datenschutzbestimmungen\\\/#breadcrumb\",\"itemListElement\":[{\"@type\":\"ListItem\",\"position\":1,\"name\":\"Home\",\"item\":\"https:\\\/\\\/www.mwall.eu\\\/de\\\/\"},{\"@type\":\"ListItem\",\"position\":2,\"name\":\"Datenschutzbestimmungen\"}]},{\"@type\":\"WebSite\",\"@id\":\"https:\\\/\\\/www.mwall.eu\\\/#website\",\"url\":\"https:\\\/\\\/www.mwall.eu\\\/\",\"name\":\"M-Wall\",\"description\":\"\",\"potentialAction\":[{\"@type\":\"SearchAction\",\"target\":{\"@type\":\"EntryPoint\",\"urlTemplate\":\"https:\\\/\\\/www.mwall.eu\\\/?s={search_term_string}\"},\"query-input\":{\"@type\":\"PropertyValueSpecification\",\"valueRequired\":true,\"valueName\":\"search_term_string\"}}],\"inLanguage\":\"de\"}]}<\/script>\n<!-- \/ Yoast SEO plugin. -->","yoast_head_json":{"title":"Datenschutzbestimmungen - M-Wall","robots":{"index":"index","follow":"follow","max-snippet":"max-snippet:-1","max-image-preview":"max-image-preview:large","max-video-preview":"max-video-preview:-1"},"canonical":"https:\/\/www.mwall.eu\/de\/datenschutzbestimmungen\/","og_locale":"de_DE","og_type":"article","og_title":"Datenschutzbestimmungen - M-Wall","og_description":"[vc_row][vc_column][vc_column_text]Letzte \u00c4nderung: 9-12-2021. M Wall ist f\u00fcr die Verarbeitung personenbezogener Daten, wie in dieser Datenschutzerkl\u00e4rung dargelegt, verantwortlich. Identit\u00e4t des Unternehmens M-Wall Steenoven 4C 5626 DK Eindhoven Allgemein M-Wall misst dem Schutz Ihrer pers\u00f6nlichen Daten gro\u00dfe Bedeutung bei. Mit dieser Datenschutzerkl\u00e4rung m\u00f6chten wir klar und transparent dar\u00fcber informieren, wie wir mit personenbezogenen Daten umgehen. Wir tun [&hellip;]","og_url":"https:\/\/www.mwall.eu\/de\/datenschutzbestimmungen\/","og_site_name":"M-Wall","article_modified_time":"2023-05-16T11:28:40+00:00","twitter_card":"summary_large_image","twitter_misc":{"Gesch\u00e4tzte Lesezeit":"8\u00a0Minuten"},"schema":{"@context":"https:\/\/schema.org","@graph":[{"@type":"WebPage","@id":"https:\/\/www.mwall.eu\/privacybeleid\/","url":"https:\/\/www.mwall.eu\/de\/datenschutzbestimmungen\/","name":"Datenschutzbestimmungen - M-Wall","isPartOf":{"@id":"https:\/\/www.mwall.eu\/#website"},"datePublished":"2021-12-10T15:13:43+00:00","dateModified":"2023-05-16T11:28:40+00:00","breadcrumb":{"@id":"https:\/\/www.mwall.eu\/de\/datenschutzbestimmungen\/#breadcrumb"},"inLanguage":"de","potentialAction":[{"@type":"ReadAction","target":["https:\/\/www.mwall.eu\/de\/datenschutzbestimmungen\/"]}]},{"@type":"BreadcrumbList","@id":"https:\/\/www.mwall.eu\/de\/datenschutzbestimmungen\/#breadcrumb","itemListElement":[{"@type":"ListItem","position":1,"name":"Home","item":"https:\/\/www.mwall.eu\/de\/"},{"@type":"ListItem","position":2,"name":"Datenschutzbestimmungen"}]},{"@type":"WebSite","@id":"https:\/\/www.mwall.eu\/#website","url":"https:\/\/www.mwall.eu\/","name":"M-Wall","description":"","potentialAction":[{"@type":"SearchAction","target":{"@type":"EntryPoint","urlTemplate":"https:\/\/www.mwall.eu\/?s={search_term_string}"},"query-input":{"@type":"PropertyValueSpecification","valueRequired":true,"valueName":"search_term_string"}}],"inLanguage":"de"}]}},"_links":{"self":[{"href":"https:\/\/www.mwall.eu\/de\/wp-json\/wp\/v2\/pages\/2337","targetHints":{"allow":["GET"]}}],"collection":[{"href":"https:\/\/www.mwall.eu\/de\/wp-json\/wp\/v2\/pages"}],"about":[{"href":"https:\/\/www.mwall.eu\/de\/wp-json\/wp\/v2\/types\/page"}],"author":[{"embeddable":true,"href":"https:\/\/www.mwall.eu\/de\/wp-json\/wp\/v2\/users\/1"}],"replies":[{"embeddable":true,"href":"https:\/\/www.mwall.eu\/de\/wp-json\/wp\/v2\/comments?post=2337"}],"version-history":[{"count":2,"href":"https:\/\/www.mwall.eu\/de\/wp-json\/wp\/v2\/pages\/2337\/revisions"}],"predecessor-version":[{"id":2339,"href":"https:\/\/www.mwall.eu\/de\/wp-json\/wp\/v2\/pages\/2337\/revisions\/2339"}],"wp:attachment":[{"href":"https:\/\/www.mwall.eu\/de\/wp-json\/wp\/v2\/media?parent=2337"}],"curies":[{"name":"wp","href":"https:\/\/api.w.org\/{rel}","templated":true}]}}