{"id":2327,"date":"2021-12-10T14:54:04","date_gmt":"2021-12-10T14:54:04","guid":{"rendered":"https:\/\/www.mwall.eu\/produkte\/"},"modified":"2023-05-16T08:08:15","modified_gmt":"2023-05-16T08:08:15","slug":"produkte","status":"publish","type":"page","link":"https:\/\/www.mwall.eu\/de\/produkte\/","title":{"rendered":"Produkte"},"content":{"rendered":"<div class=\"wpb-content-wrapper\"><p>[vc_row equal_height=&#8220;yes&#8220; content_placement=&#8220;middle&#8220; css=&#8220;.vc_custom_1618571561222{padding-bottom: 0px !important;}&#8220;][vc_column][vc_custom_heading text=&#8220;Der Wandschutz von M-Wall&#8220; use_theme_fonts=&#8220;yes&#8220;][vc_column_text css=&#8220;.vc_custom_1635429976492{margin-bottom: 0px !important;}&#8220;]Innovativ und dynamisch. Der M-Wall-Wandschutz wurde aus der Sicht des Kunden entwickelt, um eine hochwertige Wandoberfl\u00e4che zu schaffen. Dies garantiert Ihnen einen Raum mit einem dauerhaft sch\u00f6nen Aussehen und einfacher Pflege. Innerhalb unseres Sortiments gibt es verschiedene M\u00f6glichkeiten f\u00fcr die Art des Wandschutzes. Nachstehend finden Sie eine \u00dcbersicht. So k\u00f6nnen Sie die Produktlinie ausw\u00e4hlen, die zu Ihnen und Ihrem Unternehmen passt.[\/vc_column_text][\/vc_column][\/vc_row][vc_row][vc_column][vc_empty_space][\/vc_column][\/vc_row][vc_row content_placement=&#8220;middle&#8220;][vc_column width=&#8220;1\/2&#8243;][vc_single_image image=&#8220;400&#8243; img_size=&#8220;full&#8220; el_class=&#8220;product-image&#8220; css=&#8220;.vc_custom_1628775701763{margin-bottom: 0px !important;}&#8220;][vc_empty_space height=&#8220;35px&#8220; el_class=&#8220;d-block d-sm-none&#8220;][\/vc_column][vc_column width=&#8220;1\/2&#8243;][vc_single_image image=&#8220;432&#8243; img_size=&#8220;full&#8220;][vc_column_text css=&#8220;.vc_custom_1635430171196{margin-bottom: 25px !important;}&#8220;]Der aktiv antibakterielle Wandschutz mit Brandklasse B-s2,d0 und extrem hoher chemischer Best\u00e4ndigkeit. Geeignet u. a. f\u00fcr Reinr\u00e4ume, Labors, Krankenh\u00e4user und den Pharmasektor. Sehen Sie hier, was ein antibakterieller Wandschutz f\u00fcr Sie tun kann.[\/vc_column_text][vc_btn title=&#8220;M-Wall Hygienic&#8220; style=&#8220;custom&#8220; custom_background=&#8220;#024b77&#8243; custom_text=&#8220;#ffffff&#8220; shape=&#8220;square&#8220; align=&#8220;center&#8220; button_block=&#8220;true&#8220; css=&#8220;.vc_custom_1632748016423{margin-bottom: 0px !important;padding-bottom: 0px !important;}&#8220; link=&#8220;url:https%3A%2F%2Fwww.mwall.eu%2Fde%2Fproduct%2Fm-wall-hygienic%2F|title:M-Wall%20Hygienic|&#8220;][\/vc_column][\/vc_row][vc_row][vc_column][vc_empty_space height=&#8220;42px&#8220;][vc_separator border_width=&#8220;2&#8243;][\/vc_column][\/vc_row][vc_row content_placement=&#8220;middle&#8220;][vc_column width=&#8220;1\/2&#8243;][vc_single_image image=&#8220;456&#8243; img_size=&#8220;full&#8220;][vc_column_text css=&#8220;.vc_custom_1635430141676{margin-bottom: 25px !important;}&#8220;]Der aktiv antibakterielle Wandschutz mit Brandklasse B-s2,d0 und extrem hoher chemischer Best\u00e4ndigkeit. Geeignet u. a. f\u00fcr Reinr\u00e4ume, Labors, Krankenh\u00e4user und den Pharmasektor. Sehen Sie hier, was ein antibakterieller Wandschutz f\u00fcr Sie tun kann.[\/vc_column_text][vc_btn title=&#8220;M-Wall Design&#8220; style=&#8220;custom&#8220; custom_background=&#8220;#af2228&#8243; custom_text=&#8220;#ffffff&#8220; shape=&#8220;square&#8220; align=&#8220;center&#8220; button_block=&#8220;true&#8220; css=&#8220;.vc_custom_1632748029058{margin-bottom: 0px !important;padding-bottom: 0px !important;}&#8220; link=&#8220;url:https%3A%2F%2Fwww.mwall.eu%2Fde%2Fproduct%2Fm-wall-design%2F|title:M-Wall%20Design|&#8220;][\/vc_column][vc_column width=&#8220;1\/2&#8243;][vc_empty_space height=&#8220;35px&#8220; el_class=&#8220;d-block d-sm-none&#8220;][vc_single_image image=&#8220;372&#8243; img_size=&#8220;full&#8220; css=&#8220;.vc_custom_1628776284795{margin-bottom: 0px !important;}&#8220;][\/vc_column][\/vc_row][vc_row][vc_column][vc_empty_space height=&#8220;42px&#8220;][vc_separator border_width=&#8220;2&#8243;][\/vc_column][\/vc_row][vc_row content_placement=&#8220;middle&#8220;][vc_column width=&#8220;1\/2&#8243;][vc_single_image image=&#8220;368&#8243; img_size=&#8220;full&#8220; css=&#8220;.vc_custom_1628776313222{margin-bottom: 0px !important;}&#8220;][vc_empty_space height=&#8220;35px&#8220; el_class=&#8220;d-block d-sm-none&#8220;][\/vc_column][vc_column width=&#8220;1\/2&#8243;][vc_single_image image=&#8220;460&#8243; img_size=&#8220;full&#8220;][vc_column_text css=&#8220;.vc_custom_1635430200287{margin-bottom: 25px !important;}&#8220;]Innovative Design-Wandverkleidung. Die 3D-Wandpaneele schaffen eine dynamische Atmosph\u00e4re im Raum und erwecken die Wand zum Leben. Hergestellt aus Bambusfasern und 100% \u00f6kologisch. Perfekt geeignet f\u00fcr Museen, Altenheime, das Gastgewerbe und Wartezimmer in Krankenh\u00e4usern. Lesen Sie weiter \u00fcber die M\u00f6glichkeiten von M-Wall Design.[\/vc_column_text][vc_btn title=&#8220;M-Wall Protect&#8220; style=&#8220;custom&#8220; custom_background=&#8220;#007558&#8243; custom_text=&#8220;#ffffff&#8220; shape=&#8220;square&#8220; align=&#8220;center&#8220; button_block=&#8220;true&#8220; css=&#8220;.vc_custom_1632748037428{margin-bottom: 0px !important;padding-bottom: 0px !important;}&#8220; link=&#8220;url:https%3A%2F%2Fwww.mwall.eu%2Fde%2Fproduct%2Fm-wall-protect%2F|title:M-Wall%20Protect|&#8220;][\/vc_column][\/vc_row][vc_row][vc_column][vc_empty_space height=&#8220;42px&#8220;][vc_separator border_width=&#8220;2&#8243;][\/vc_column][\/vc_row][vc_row content_placement=&#8220;middle&#8220;][vc_column width=&#8220;1\/2&#8243;][vc_single_image image=&#8220;464&#8243; img_size=&#8220;full&#8220;][vc_column_text css=&#8220;.vc_custom_1635430093439{margin-bottom: 25px !important;}&#8220;]Innovativ und wirtschaftlich. Der Wandschutz aus einer homogenen PC\/ABS-Mischung, chlorid- und bromidfrei, erf\u00fcllt die strenge Brandklasse EN 13501 und erreicht ein B-s1-d0-Zertifikat. Anwendbar u. a. in Krankenh\u00e4usern, Pflegezentren, Bildungseinrichtungen, Flugh\u00e4fen und Lagerr\u00e4umen.[\/vc_column_text][vc_btn title=&#8220;M-Wall Basic&#8220; style=&#8220;custom&#8220; custom_background=&#8220;#05adb8&#8243; custom_text=&#8220;#ffffff&#8220; shape=&#8220;square&#8220; align=&#8220;center&#8220; button_block=&#8220;true&#8220; css=&#8220;.vc_custom_1632748047482{margin-bottom: 0px !important;padding-bottom: 0px !important;}&#8220; link=&#8220;url:https%3A%2F%2Fwww.mwall.eu%2Fde%2Fproduct%2Fm-wall-basic%2F|title:M-Wall%20Design|&#8220;][\/vc_column][vc_column width=&#8220;1\/2&#8243;][vc_empty_space height=&#8220;35px&#8220; el_class=&#8220;d-block d-sm-none&#8220;][vc_single_image image=&#8220;404&#8243; img_size=&#8220;full&#8220; css=&#8220;.vc_custom_1628776321278{margin-bottom: 0px !important;}&#8220;][\/vc_column][\/vc_row][vc_row][vc_column][vc_empty_space height=&#8220;42px&#8220;][vc_separator border_width=&#8220;2&#8243;][\/vc_column][\/vc_row][vc_row][vc_column][vc_custom_heading text=&#8220;Ma\u00dfgeschneiderter Wandschutz&#8220; use_theme_fonts=&#8220;yes&#8220;][vc_column_text]Mit M-Wall Wandschutz bieten wir f\u00fcr jeden Raum und jede Projektanforderung eine passende L\u00f6sung. Unsere Produkte finden breite Anwendung in Reinr\u00e4umen, Krankenh\u00e4usern, Bildungseinrichtungen, Flugh\u00e4fen, Restaurants, Sportzentren, Gro\u00dfk\u00fcchen, Vertriebszentren und vielen anderen Bereichen. Unsere Produkte eignen sich f\u00fcr Bereiche mit hohem Pflegeaufwand, aber auch in Umgebungen mit geringem Pflegeaufwand kommen unsere Produkte zur Geltung.<\/p>\n<h2>M-Wall r\u00e4t<\/h2>\n<p>Wir beraten Sie gerne, um die beste L\u00f6sung f\u00fcr Ihre Situation zu finden! Spezifische Details und Sonderanfertigungen k\u00f6nnen in Zusammenarbeit mit dem Architekten und dem Nutzer ebenfalls individuell gestaltet werden. F\u00fcr alle Ihre Fragen k\u00f6nnen Sie uns unverbindlich kontaktieren.[\/vc_column_text][\/vc_column][\/vc_row]<\/p>\n<\/div>","protected":false},"excerpt":{"rendered":"<p>[vc_row equal_height=&#8220;yes&#8220; content_placement=&#8220;middle&#8220; css=&#8220;.vc_custom_1618571561222{padding-bottom: 0px !important;}&#8220;][vc_column][vc_custom_heading text=&#8220;Der Wandschutz von M-Wall&#8220; use_theme_fonts=&#8220;yes&#8220;][vc_column_text css=&#8220;.vc_custom_1635429976492{margin-bottom: 0px !important;}&#8220;]Innovativ und dynamisch. Der M-Wall-Wandschutz wurde aus der Sicht des Kunden entwickelt, um eine hochwertige Wandoberfl\u00e4che zu schaffen. Dies garantiert Ihnen einen Raum mit einem dauerhaft sch\u00f6nen Aussehen und einfacher Pflege. Innerhalb unseres Sortiments gibt es verschiedene M\u00f6glichkeiten f\u00fcr die Art des [&hellip;]<\/p>\n","protected":false},"author":1,"featured_media":0,"parent":0,"menu_order":0,"comment_status":"closed","ping_status":"closed","template":"","meta":{"footnotes":""},"class_list":["post-2327","page","type-page","status-publish","hentry"],"yoast_head":"<!-- This site is optimized with the Yoast SEO plugin v27.3 - https:\/\/yoast.com\/product\/yoast-seo-wordpress\/ -->\n<title>Produkte - M-Wall<\/title>\n<meta name=\"description\" content=\"M-Wall bietet verschiedene Produktlinien an, die je nach Bedarf f\u00fcr \u00f6ffentliche Bereiche geeignet sind.\" \/>\n<meta name=\"robots\" content=\"index, follow, max-snippet:-1, max-image-preview:large, max-video-preview:-1\" \/>\n<link rel=\"canonical\" href=\"https:\/\/www.mwall.eu\/de\/produkte\/\" \/>\n<meta property=\"og:locale\" content=\"de_DE\" \/>\n<meta property=\"og:type\" content=\"article\" \/>\n<meta property=\"og:title\" content=\"Produkte - M-Wall\" \/>\n<meta property=\"og:description\" content=\"M-Wall bietet verschiedene Produktlinien an, die je nach Bedarf f\u00fcr \u00f6ffentliche Bereiche geeignet sind.\" \/>\n<meta property=\"og:url\" content=\"https:\/\/www.mwall.eu\/de\/produkte\/\" \/>\n<meta property=\"og:site_name\" content=\"M-Wall\" \/>\n<meta property=\"article:modified_time\" content=\"2023-05-16T08:08:15+00:00\" \/>\n<meta name=\"twitter:card\" content=\"summary_large_image\" \/>\n<meta name=\"twitter:label1\" content=\"Gesch\u00e4tzte Lesezeit\" \/>\n\t<meta name=\"twitter:data1\" content=\"3\u00a0Minuten\" \/>\n<script type=\"application\/ld+json\" class=\"yoast-schema-graph\">{\"@context\":\"https:\\\/\\\/schema.org\",\"@graph\":[{\"@type\":\"WebPage\",\"@id\":\"https:\\\/\\\/www.mwall.eu\\\/producten\\\/\",\"url\":\"https:\\\/\\\/www.mwall.eu\\\/de\\\/produkte\\\/\",\"name\":\"Produkte - M-Wall\",\"isPartOf\":{\"@id\":\"https:\\\/\\\/www.mwall.eu\\\/#website\"},\"datePublished\":\"2021-12-10T14:54:04+00:00\",\"dateModified\":\"2023-05-16T08:08:15+00:00\",\"description\":\"M-Wall bietet verschiedene Produktlinien an, die je nach Bedarf f\u00fcr \u00f6ffentliche Bereiche geeignet sind.\",\"breadcrumb\":{\"@id\":\"https:\\\/\\\/www.mwall.eu\\\/de\\\/produkte\\\/#breadcrumb\"},\"inLanguage\":\"de\",\"potentialAction\":[{\"@type\":\"ReadAction\",\"target\":[\"https:\\\/\\\/www.mwall.eu\\\/de\\\/produkte\\\/\"]}]},{\"@type\":\"BreadcrumbList\",\"@id\":\"https:\\\/\\\/www.mwall.eu\\\/de\\\/produkte\\\/#breadcrumb\",\"itemListElement\":[{\"@type\":\"ListItem\",\"position\":1,\"name\":\"Home\",\"item\":\"https:\\\/\\\/www.mwall.eu\\\/de\\\/\"},{\"@type\":\"ListItem\",\"position\":2,\"name\":\"Produkte\"}]},{\"@type\":\"WebSite\",\"@id\":\"https:\\\/\\\/www.mwall.eu\\\/#website\",\"url\":\"https:\\\/\\\/www.mwall.eu\\\/\",\"name\":\"M-Wall\",\"description\":\"\",\"potentialAction\":[{\"@type\":\"SearchAction\",\"target\":{\"@type\":\"EntryPoint\",\"urlTemplate\":\"https:\\\/\\\/www.mwall.eu\\\/?s={search_term_string}\"},\"query-input\":{\"@type\":\"PropertyValueSpecification\",\"valueRequired\":true,\"valueName\":\"search_term_string\"}}],\"inLanguage\":\"de\"}]}<\/script>\n<!-- \/ Yoast SEO plugin. -->","yoast_head_json":{"title":"Produkte - M-Wall","description":"M-Wall bietet verschiedene Produktlinien an, die je nach Bedarf f\u00fcr \u00f6ffentliche Bereiche geeignet sind.","robots":{"index":"index","follow":"follow","max-snippet":"max-snippet:-1","max-image-preview":"max-image-preview:large","max-video-preview":"max-video-preview:-1"},"canonical":"https:\/\/www.mwall.eu\/de\/produkte\/","og_locale":"de_DE","og_type":"article","og_title":"Produkte - M-Wall","og_description":"M-Wall bietet verschiedene Produktlinien an, die je nach Bedarf f\u00fcr \u00f6ffentliche Bereiche geeignet sind.","og_url":"https:\/\/www.mwall.eu\/de\/produkte\/","og_site_name":"M-Wall","article_modified_time":"2023-05-16T08:08:15+00:00","twitter_card":"summary_large_image","twitter_misc":{"Gesch\u00e4tzte Lesezeit":"3\u00a0Minuten"},"schema":{"@context":"https:\/\/schema.org","@graph":[{"@type":"WebPage","@id":"https:\/\/www.mwall.eu\/producten\/","url":"https:\/\/www.mwall.eu\/de\/produkte\/","name":"Produkte - M-Wall","isPartOf":{"@id":"https:\/\/www.mwall.eu\/#website"},"datePublished":"2021-12-10T14:54:04+00:00","dateModified":"2023-05-16T08:08:15+00:00","description":"M-Wall bietet verschiedene Produktlinien an, die je nach Bedarf f\u00fcr \u00f6ffentliche Bereiche geeignet sind.","breadcrumb":{"@id":"https:\/\/www.mwall.eu\/de\/produkte\/#breadcrumb"},"inLanguage":"de","potentialAction":[{"@type":"ReadAction","target":["https:\/\/www.mwall.eu\/de\/produkte\/"]}]},{"@type":"BreadcrumbList","@id":"https:\/\/www.mwall.eu\/de\/produkte\/#breadcrumb","itemListElement":[{"@type":"ListItem","position":1,"name":"Home","item":"https:\/\/www.mwall.eu\/de\/"},{"@type":"ListItem","position":2,"name":"Produkte"}]},{"@type":"WebSite","@id":"https:\/\/www.mwall.eu\/#website","url":"https:\/\/www.mwall.eu\/","name":"M-Wall","description":"","potentialAction":[{"@type":"SearchAction","target":{"@type":"EntryPoint","urlTemplate":"https:\/\/www.mwall.eu\/?s={search_term_string}"},"query-input":{"@type":"PropertyValueSpecification","valueRequired":true,"valueName":"search_term_string"}}],"inLanguage":"de"}]}},"_links":{"self":[{"href":"https:\/\/www.mwall.eu\/de\/wp-json\/wp\/v2\/pages\/2327","targetHints":{"allow":["GET"]}}],"collection":[{"href":"https:\/\/www.mwall.eu\/de\/wp-json\/wp\/v2\/pages"}],"about":[{"href":"https:\/\/www.mwall.eu\/de\/wp-json\/wp\/v2\/types\/page"}],"author":[{"embeddable":true,"href":"https:\/\/www.mwall.eu\/de\/wp-json\/wp\/v2\/users\/1"}],"replies":[{"embeddable":true,"href":"https:\/\/www.mwall.eu\/de\/wp-json\/wp\/v2\/comments?post=2327"}],"version-history":[{"count":3,"href":"https:\/\/www.mwall.eu\/de\/wp-json\/wp\/v2\/pages\/2327\/revisions"}],"predecessor-version":[{"id":2330,"href":"https:\/\/www.mwall.eu\/de\/wp-json\/wp\/v2\/pages\/2327\/revisions\/2330"}],"wp:attachment":[{"href":"https:\/\/www.mwall.eu\/de\/wp-json\/wp\/v2\/media?parent=2327"}],"curies":[{"name":"wp","href":"https:\/\/api.w.org\/{rel}","templated":true}]}}