{"id":2322,"date":"2021-12-10T14:49:57","date_gmt":"2021-12-10T14:49:57","guid":{"rendered":"https:\/\/www.mwall.eu\/renovierung\/"},"modified":"2023-05-16T11:27:03","modified_gmt":"2023-05-16T11:27:03","slug":"renovierung","status":"publish","type":"page","link":"https:\/\/www.mwall.eu\/de\/renovierung\/","title":{"rendered":"Renovierung"},"content":{"rendered":"<div class=\"wpb-content-wrapper\"><p>[vc_row][vc_column][vc_empty_space height=&#8220;64px&#8220; el_class=&#8220;d-none d-sm-block&#8220;][\/vc_column][\/vc_row][vc_row gap=&#8220;15&#8243;][vc_column width=&#8220;2\/3&#8243;][vc_custom_heading text=&#8220;M-Wall ist f\u00fcr jedes Renovierungsprojekt da&#8220; font_container=&#8220;tag:h1|text_align:left&#8220; use_theme_fonts=&#8220;yes&#8220;][vc_empty_space el_class=&#8220;d-none d-sm-block&#8220;][vc_column_text]M-Wall-Produkte sind ein bew\u00e4hrter Probleml\u00f6ser bei Renovierungsprojekten, bei denen Budget, Schnelligkeit, Detailgenauigkeit und Qualit\u00e4t eine wichtige Rolle spielen. Unsere Wand-, Eck- und T\u00fcrschutzprodukte bieten vollst\u00e4ndigen Schutz f\u00fcr den renovierten Raum mit einem sauberen Aussehen. Wie auch immer Ihr Renovierungsprojekt aussieht, mit den Qualit\u00e4tsprodukten von M-Wall finden Sie immer das passende Produkt f\u00fcr Ihr Projekt.<\/p>\n<h2>Die L\u00f6sung f\u00fcr Ihr Renovierungsprojekt<\/h2>\n<p>Bei der Entwicklung unserer Produkte haben wir uns nicht nur auf die Produkteigenschaften, die optimale Verarbeitbarkeit und die Umweltfreundlichkeit konzentriert, sondern auch auf die spezifischen (Detail-)Probleme, die Kunden bei Renovierungsprojekten zu bew\u00e4ltigen haben. Mit unseren 2 mm dicken Paneelen k\u00f6nnen wir Gesundheitsr\u00e4ume komplett und an Ort und Stelle in hoher Geschwindigkeit renovieren, ohne Probleme mit T\u00fcr-, Boden- und Deckenanschl\u00fcssen zu schaffen.<\/p>\n<p>Unsere Produkte sind eine L\u00f6sung f\u00fcr Umgebungen mit geringem und hohem Pflegeaufwand. Unsere Produkte werden h\u00e4ufig in \u00f6ffentlichen Bereichen wie Krankenh\u00e4usern, Reinr\u00e4umen, B\u00fcros, Flugh\u00e4fen, Restaurants und Pflegeheimen eingesetzt.<\/p>\n<h2>Die Vorteile von M-Wall<\/h2>\n<p>Da wir sehr sauber arbeiten, sind keine geschlossenen Filtersysteme, umst\u00e4ndliche Abdeckungen oder Nachreinigungen notwendig. Dies erm\u00f6glicht erhebliche Einsparungen bei den Renovierungskosten. In unserem Lager sind durchschnittlich 10.000 bis 12.000 m\u00b2 Standardplatten vorr\u00e4tig, so dass wir immer schnell handeln k\u00f6nnen. Mit unseren hochwertigen Produkten bieten wir f\u00fcr jeden Raum die beste L\u00f6sung.<\/p>\n<p>Die Oberfl\u00e4chen sind au\u00dferdem leicht zu reinigen. Eine wichtige Voraussetzung f\u00fcr ein Umfeld mit hohem Betreuungsbedarf. Alle M-Wal-Materialien wurden im Hinblick auf Sicherheit, Schnelligkeit und Komfort entwickelt. Die einzigartige Zusammensetzung unserer Produkte garantiert eine sichere und schnelle Oberfl\u00e4chenreinigung bei minimalem Einsatz von Reinigungsmitteln.<\/p>\n<h2>M-Wall: der Spezialist f\u00fcr hochwertige Wandbekleidungen<\/h2>\n<p>M-Wall ist der Spezialist, wenn es um hochwertige Wandbel\u00e4ge f\u00fcr pflegeleichte und pflegeintensive Umgebungen geht. Die einzigartigen Konzepte, die sie entwickeln, sind perfekt auf die Bed\u00fcrfnisse der Kunden abgestimmt. Diese M-Wall-Produkte werden mit Blick auf die Bed\u00fcrfnisse der Kunden und Auftraggeber entwickelt, aber auch mit Blick auf optimale Verarbeitbarkeit, Produkteigenschaften und Umweltfreundlichkeit. M-Wall bietet eine innovative und dynamische L\u00f6sung f\u00fcr jeden Raum.<\/p>\n<p>Kontaktieren Sie uns, um die M\u00f6glichkeiten zu besprechen[\/vc_column_text][\/vc_column][vc_column width=&#8220;1\/3&#8243; el_class=&#8220;text-white drop-shadow&#8220;][vc_single_image image=&#8220;2026&#8243; img_size=&#8220;full&#8220; css=&#8220;.vc_custom_1637315394776{margin-bottom: 20px !important;}&#8220;][\/vc_column][\/vc_row][vc_row][vc_column][vc_empty_space height=&#8220;128px&#8220;][\/vc_column][\/vc_row][vc_row full_width=&#8220;stretch_row&#8220; gap=&#8220;15&#8243; equal_height=&#8220;yes&#8220; css=&#8220;.vc_custom_1626180715763{background-color: #f2f2f2 !important;}&#8220;][vc_column width=&#8220;1\/3&#8243;][vc_single_image image=&#8220;2032&#8243; img_size=&#8220;full&#8220; onclick=&#8220;link_image&#8220;][\/vc_column][vc_column width=&#8220;1\/3&#8243;][vc_single_image image=&#8220;2037&#8243; img_size=&#8220;full&#8220; onclick=&#8220;link_image&#8220;][\/vc_column][vc_column width=&#8220;1\/3&#8243;][vc_single_image image=&#8220;2049&#8243; img_size=&#8220;full&#8220; onclick=&#8220;link_image&#8220;][\/vc_column][\/vc_row]<\/p>\n<\/div>","protected":false},"excerpt":{"rendered":"<p>[vc_row][vc_column][vc_empty_space height=&#8220;64px&#8220; el_class=&#8220;d-none d-sm-block&#8220;][\/vc_column][\/vc_row][vc_row gap=&#8220;15&#8243;][vc_column width=&#8220;2\/3&#8243;][vc_custom_heading text=&#8220;M-Wall ist f\u00fcr jedes Renovierungsprojekt da&#8220; font_container=&#8220;tag:h1|text_align:left&#8220; use_theme_fonts=&#8220;yes&#8220;][vc_empty_space el_class=&#8220;d-none d-sm-block&#8220;][vc_column_text]M-Wall-Produkte sind ein bew\u00e4hrter Probleml\u00f6ser bei Renovierungsprojekten, bei denen Budget, Schnelligkeit, Detailgenauigkeit und Qualit\u00e4t eine wichtige Rolle spielen. Unsere Wand-, Eck- und T\u00fcrschutzprodukte bieten vollst\u00e4ndigen Schutz f\u00fcr den renovierten Raum mit einem sauberen Aussehen. Wie auch immer Ihr Renovierungsprojekt aussieht, [&hellip;]<\/p>\n","protected":false},"author":1,"featured_media":0,"parent":0,"menu_order":0,"comment_status":"closed","ping_status":"closed","template":"","meta":{"footnotes":""},"class_list":["post-2322","page","type-page","status-publish","hentry"],"yoast_head":"<!-- This site is optimized with the Yoast SEO plugin v27.5 - https:\/\/yoast.com\/product\/yoast-seo-wordpress\/ -->\n<title>Renovierung - M-Wall<\/title>\n<meta name=\"description\" content=\"M-Wall bietet L\u00f6sungen f\u00fcr die Renovierung von hohen und niedrigen Pflegebereichen mit hochwertigem Wand-, Eck- und T\u00fcrschutz.\" \/>\n<meta name=\"robots\" content=\"index, follow, max-snippet:-1, max-image-preview:large, max-video-preview:-1\" \/>\n<link rel=\"canonical\" href=\"https:\/\/www.mwall.eu\/de\/renovierung\/\" \/>\n<meta property=\"og:locale\" content=\"de_DE\" \/>\n<meta property=\"og:type\" content=\"article\" \/>\n<meta property=\"og:title\" content=\"Renovierung - M-Wall\" \/>\n<meta property=\"og:description\" content=\"M-Wall bietet L\u00f6sungen f\u00fcr die Renovierung von hohen und niedrigen Pflegebereichen mit hochwertigem Wand-, Eck- und T\u00fcrschutz.\" \/>\n<meta property=\"og:url\" content=\"https:\/\/www.mwall.eu\/de\/renovierung\/\" \/>\n<meta property=\"og:site_name\" content=\"M-Wall\" \/>\n<meta property=\"article:modified_time\" content=\"2023-05-16T11:27:03+00:00\" \/>\n<meta name=\"twitter:card\" content=\"summary_large_image\" \/>\n<meta name=\"twitter:label1\" content=\"Gesch\u00e4tzte Lesezeit\" \/>\n\t<meta name=\"twitter:data1\" content=\"2\u00a0Minuten\" \/>\n<script type=\"application\/ld+json\" class=\"yoast-schema-graph\">{\"@context\":\"https:\\\/\\\/schema.org\",\"@graph\":[{\"@type\":\"WebPage\",\"@id\":\"https:\\\/\\\/www.mwall.eu\\\/renovatie\\\/\",\"url\":\"https:\\\/\\\/www.mwall.eu\\\/de\\\/renovierung\\\/\",\"name\":\"Renovierung - M-Wall\",\"isPartOf\":{\"@id\":\"https:\\\/\\\/www.mwall.eu\\\/#website\"},\"datePublished\":\"2021-12-10T14:49:57+00:00\",\"dateModified\":\"2023-05-16T11:27:03+00:00\",\"description\":\"M-Wall bietet L\u00f6sungen f\u00fcr die Renovierung von hohen und niedrigen Pflegebereichen mit hochwertigem Wand-, Eck- und T\u00fcrschutz.\",\"breadcrumb\":{\"@id\":\"https:\\\/\\\/www.mwall.eu\\\/de\\\/renovierung\\\/#breadcrumb\"},\"inLanguage\":\"de\",\"potentialAction\":[{\"@type\":\"ReadAction\",\"target\":[\"https:\\\/\\\/www.mwall.eu\\\/de\\\/renovierung\\\/\"]}]},{\"@type\":\"BreadcrumbList\",\"@id\":\"https:\\\/\\\/www.mwall.eu\\\/de\\\/renovierung\\\/#breadcrumb\",\"itemListElement\":[{\"@type\":\"ListItem\",\"position\":1,\"name\":\"Home\",\"item\":\"https:\\\/\\\/www.mwall.eu\\\/de\\\/\"},{\"@type\":\"ListItem\",\"position\":2,\"name\":\"Renovierung\"}]},{\"@type\":\"WebSite\",\"@id\":\"https:\\\/\\\/www.mwall.eu\\\/#website\",\"url\":\"https:\\\/\\\/www.mwall.eu\\\/\",\"name\":\"M-Wall\",\"description\":\"\",\"potentialAction\":[{\"@type\":\"SearchAction\",\"target\":{\"@type\":\"EntryPoint\",\"urlTemplate\":\"https:\\\/\\\/www.mwall.eu\\\/?s={search_term_string}\"},\"query-input\":{\"@type\":\"PropertyValueSpecification\",\"valueRequired\":true,\"valueName\":\"search_term_string\"}}],\"inLanguage\":\"de\"}]}<\/script>\n<!-- \/ Yoast SEO plugin. -->","yoast_head_json":{"title":"Renovierung - M-Wall","description":"M-Wall bietet L\u00f6sungen f\u00fcr die Renovierung von hohen und niedrigen Pflegebereichen mit hochwertigem Wand-, Eck- und T\u00fcrschutz.","robots":{"index":"index","follow":"follow","max-snippet":"max-snippet:-1","max-image-preview":"max-image-preview:large","max-video-preview":"max-video-preview:-1"},"canonical":"https:\/\/www.mwall.eu\/de\/renovierung\/","og_locale":"de_DE","og_type":"article","og_title":"Renovierung - M-Wall","og_description":"M-Wall bietet L\u00f6sungen f\u00fcr die Renovierung von hohen und niedrigen Pflegebereichen mit hochwertigem Wand-, Eck- und T\u00fcrschutz.","og_url":"https:\/\/www.mwall.eu\/de\/renovierung\/","og_site_name":"M-Wall","article_modified_time":"2023-05-16T11:27:03+00:00","twitter_card":"summary_large_image","twitter_misc":{"Gesch\u00e4tzte Lesezeit":"2\u00a0Minuten"},"schema":{"@context":"https:\/\/schema.org","@graph":[{"@type":"WebPage","@id":"https:\/\/www.mwall.eu\/renovatie\/","url":"https:\/\/www.mwall.eu\/de\/renovierung\/","name":"Renovierung - M-Wall","isPartOf":{"@id":"https:\/\/www.mwall.eu\/#website"},"datePublished":"2021-12-10T14:49:57+00:00","dateModified":"2023-05-16T11:27:03+00:00","description":"M-Wall bietet L\u00f6sungen f\u00fcr die Renovierung von hohen und niedrigen Pflegebereichen mit hochwertigem Wand-, Eck- und T\u00fcrschutz.","breadcrumb":{"@id":"https:\/\/www.mwall.eu\/de\/renovierung\/#breadcrumb"},"inLanguage":"de","potentialAction":[{"@type":"ReadAction","target":["https:\/\/www.mwall.eu\/de\/renovierung\/"]}]},{"@type":"BreadcrumbList","@id":"https:\/\/www.mwall.eu\/de\/renovierung\/#breadcrumb","itemListElement":[{"@type":"ListItem","position":1,"name":"Home","item":"https:\/\/www.mwall.eu\/de\/"},{"@type":"ListItem","position":2,"name":"Renovierung"}]},{"@type":"WebSite","@id":"https:\/\/www.mwall.eu\/#website","url":"https:\/\/www.mwall.eu\/","name":"M-Wall","description":"","potentialAction":[{"@type":"SearchAction","target":{"@type":"EntryPoint","urlTemplate":"https:\/\/www.mwall.eu\/?s={search_term_string}"},"query-input":{"@type":"PropertyValueSpecification","valueRequired":true,"valueName":"search_term_string"}}],"inLanguage":"de"}]}},"_links":{"self":[{"href":"https:\/\/www.mwall.eu\/de\/wp-json\/wp\/v2\/pages\/2322","targetHints":{"allow":["GET"]}}],"collection":[{"href":"https:\/\/www.mwall.eu\/de\/wp-json\/wp\/v2\/pages"}],"about":[{"href":"https:\/\/www.mwall.eu\/de\/wp-json\/wp\/v2\/types\/page"}],"author":[{"embeddable":true,"href":"https:\/\/www.mwall.eu\/de\/wp-json\/wp\/v2\/users\/1"}],"replies":[{"embeddable":true,"href":"https:\/\/www.mwall.eu\/de\/wp-json\/wp\/v2\/comments?post=2322"}],"version-history":[{"count":3,"href":"https:\/\/www.mwall.eu\/de\/wp-json\/wp\/v2\/pages\/2322\/revisions"}],"predecessor-version":[{"id":2325,"href":"https:\/\/www.mwall.eu\/de\/wp-json\/wp\/v2\/pages\/2322\/revisions\/2325"}],"wp:attachment":[{"href":"https:\/\/www.mwall.eu\/de\/wp-json\/wp\/v2\/media?parent=2322"}],"curies":[{"name":"wp","href":"https:\/\/api.w.org\/{rel}","templated":true}]}}