{"id":2320,"date":"2021-12-10T14:47:42","date_gmt":"2021-12-10T14:47:42","guid":{"rendered":"https:\/\/www.mwall.eu\/technische-dokumente\/"},"modified":"2022-09-06T14:40:09","modified_gmt":"2022-09-06T14:40:09","slug":"technische-dokumente","status":"publish","type":"page","link":"https:\/\/www.mwall.eu\/de\/technische-dokumente\/","title":{"rendered":"Technische Dokumente"},"content":{"rendered":"<div class=\"wpb-content-wrapper\"><p>[vc_row][vc_column][vc_column_text]<div class=\"row downloads\">\n\t<div class=\"col-sm-3 col-12\">\n\t\t<h2>Nach Downloads filtern<\/h2>\n\t\t<!-- <p class=\"download-count\">9 Downloads gefunden<\/p>  -->\n\n\t\t<div class=\"download-filter\">\n\t\t\t\t        <ul id=\"menu-technische-dokumente\" class=\"menu\"><li class=\"menu-leaflet\"><a href=\"\/de\/technische-dokumente\/?type=download&#038;filter_soort_informatie=leaflet\">Leaflet<\/a><\/li>\n<li class=\"menu-spezifikationstext\"><a href=\"\/de\/technische-dokumente\/?type=download&#038;filter_soort_informatie=bestektekst\">Spezifikationstext<\/a><\/li>\n<li class=\"menu-farbkarte\"><a href=\"\/de\/technische-dokumente\/technische-documenten\/?type=download&#038;filter_soort_informatie=kleurenoverzicht\">Farbkarte<\/a><\/li>\n<li class=\"menu-bim-objekte\"><a href=\"https:\/\/www.mwall.eu\/de\/technische-dokumente\/bim-objekte\/\">BIM-objekte<\/a><\/li>\n<\/ul>        <\/div>\n\t<\/div>\n\t<div class=\"col-sm-9 col-12\">\n        <div class=\"clearfix\"><\/div>\n                    <div class=\"download-container\">\n            \t<div class=\"row equal\">\n            \t\t            \t\t\t<div class=\"col-sm-4 col-12 mb-4\">\n            \t\t\t\t<div class=\"download-item h-100 d-flex flex-column\">\t\t\n            \t\t\t\t\t<div class=\"download-title\">\n            \t\t\t\t\t\t<h2>M-Wall Brochure - 2024 - Englische Version<\/h2>\n            \t\t\t\t\t<\/div>\t\t\t\n            \t\t\t\t\t            \t\t\t\t\t<div class=\"download-content mt-2\">\n            \t\t\t\t\t\t            \t\t\t\t\t\t\t<p>Sehen Sie sich hier die neueste M-Wall-Brosch\u00fcre an und erfahren Sie mehr \u00fcber unsere L\u00f6sungen und Produkte.<\/p>\n            \t\t\t\t\t\t            \t\t\t\t\t<\/div>\n            \t\t\t\t\t<div class=\"download-footer mt-auto\">\n            \t\t\t\t\t\t<hr \/>\n            \t\t\t\t\t\t<div class=\"download-info mt-3\">\n            \t\t\t\t\t\t\t<a target=\"_blank\" href=\"https:\/\/www.mwall.eu\/wp-content\/uploads\/2024\/04\/M-Wall-Brochure-2024-English.pdf\" class=\"btn btn-primary btn-block\"><i class=\"fas fa-file-alt mr-2\"><\/i> Download<\/a>\n            \t\t\t\t\t\t<\/div>\n            \t\t\t\t\t<\/div>\n            \t\t\t\t<\/div>\n            \t\t\t<\/div>\n            \t\t\t            \t\t\t<div class=\"col-sm-4 col-12 mb-4\">\n            \t\t\t\t<div class=\"download-item h-100 d-flex flex-column\">\t\t\n            \t\t\t\t\t<div class=\"download-title\">\n            \t\t\t\t\t\t<h2>M-Wall Corner | Leaflet<\/h2>\n            \t\t\t\t\t<\/div>\t\t\t\n            \t\t\t\t\t            \t\t\t\t\t<div class=\"download-content mt-2\">\n            \t\t\t\t\t\t            \t\t\t\t\t\t\t<p>M-Wall Corner ist die neueste innovative Erg\u00e4nzung, speziell als einsatzbereite Eckensch\u00fctzer f\u00fcr optimalen Schutz und Aussehen konzipiert.<\/p>\n            \t\t\t\t\t\t            \t\t\t\t\t<\/div>\n            \t\t\t\t\t<div class=\"download-footer mt-auto\">\n            \t\t\t\t\t\t<hr \/>\n            \t\t\t\t\t\t<div class=\"download-info mt-3\">\n            \t\t\t\t\t\t\t<a target=\"_blank\" href=\"https:\/\/www.mwall.eu\/wp-content\/uploads\/2024\/01\/M-Wall-Corner-Engels.pdf\" class=\"btn btn-primary btn-block\"><i class=\"fas fa-file-alt mr-2\"><\/i> Download<\/a>\n            \t\t\t\t\t\t<\/div>\n            \t\t\t\t\t<\/div>\n            \t\t\t\t<\/div>\n            \t\t\t<\/div>\n            \t\t\t            \t\t\t<div class=\"col-sm-4 col-12 mb-4\">\n            \t\t\t\t<div class=\"download-item h-100 d-flex flex-column\">\t\t\n            \t\t\t\t\t<div class=\"download-title\">\n            \t\t\t\t\t\t<h2>M-Wall Hygienic | Brosch\u00fcre<\/h2>\n            \t\t\t\t\t<\/div>\t\t\t\n            \t\t\t\t\t            \t\t\t\t\t<div class=\"download-content mt-2\">\n            \t\t\t\t\t\t            \t\t\t\t\t\t\t<p>M-Wall Hygienic ist eine innovative und effiziente Wandschutzl\u00f6sung. Lesen Sie mehr dar\u00fcber in unserer Brosch\u00fcre. Lesen Sie mehr dar\u00fcber in unserer Brosch\u00fcre.<\/p>\n            \t\t\t\t\t\t            \t\t\t\t\t<\/div>\n            \t\t\t\t\t<div class=\"download-footer mt-auto\">\n            \t\t\t\t\t\t<hr \/>\n            \t\t\t\t\t\t<div class=\"download-info mt-3\">\n            \t\t\t\t\t\t\t<a target=\"_blank\" href=\"https:\/\/www.mwall.eu\/wp-content\/uploads\/2022\/01\/DE-M-Wall-Hygienic-2025.pdf\" class=\"btn btn-primary btn-block\"><i class=\"fas fa-file-alt mr-2\"><\/i> Download<\/a>\n            \t\t\t\t\t\t<\/div>\n            \t\t\t\t\t<\/div>\n            \t\t\t\t<\/div>\n            \t\t\t<\/div>\n            \t\t\t            \t\t\t<div class=\"col-sm-4 col-12 mb-4\">\n            \t\t\t\t<div class=\"download-item h-100 d-flex flex-column\">\t\t\n            \t\t\t\t\t<div class=\"download-title\">\n            \t\t\t\t\t\t<h2>M-Wall Basic | Kollektion<\/h2>\n            \t\t\t\t\t<\/div>\t\t\t\n            \t\t\t\t\t            \t\t\t\t\t<div class=\"download-content mt-2\">\n            \t\t\t\t\t\t            \t\t\t\t\t\t\t<p>Sehen Sie sich die Farbm\u00f6glichkeiten und die Vielfalt unserer M-Wall Basiskollektion in unserer Brosch\u00fcre an.<\/p>\n            \t\t\t\t\t\t            \t\t\t\t\t<\/div>\n            \t\t\t\t\t<div class=\"download-footer mt-auto\">\n            \t\t\t\t\t\t<hr \/>\n            \t\t\t\t\t\t<div class=\"download-info mt-3\">\n            \t\t\t\t\t\t\t<a target=\"_blank\" href=\"https:\/\/www.mwall.eu\/wp-content\/uploads\/2021\/10\/Schermafbeelding-2021-10-05-om-13.54.58.png\" class=\"btn btn-primary btn-block\"><i class=\"fas fa-file-alt mr-2\"><\/i> Download<\/a>\n            \t\t\t\t\t\t<\/div>\n            \t\t\t\t\t<\/div>\n            \t\t\t\t<\/div>\n            \t\t\t<\/div>\n            \t\t\t            \t\t\t<div class=\"col-sm-4 col-12 mb-4\">\n            \t\t\t\t<div class=\"download-item h-100 d-flex flex-column\">\t\t\n            \t\t\t\t\t<div class=\"download-title\">\n            \t\t\t\t\t\t<h2>M-Wall Design | Brosch\u00fcre<\/h2>\n            \t\t\t\t\t<\/div>\t\t\t\n            \t\t\t\t\t            \t\t\t\t\t<div class=\"download-content mt-2\">\n            \t\t\t\t\t\t            \t\t\t\t\t\t\t<p>M-Wall Design ist ein einzigartiges 3D-Wandpaneel. Jedes Paneel hat sein eigenes Design und seine eigene Gr\u00f6\u00dfe, die jeder Wand ein einzigartiges Aussehen verleiht.<\/p>\n            \t\t\t\t\t\t            \t\t\t\t\t<\/div>\n            \t\t\t\t\t<div class=\"download-footer mt-auto\">\n            \t\t\t\t\t\t<hr \/>\n            \t\t\t\t\t\t<div class=\"download-info mt-3\">\n            \t\t\t\t\t\t\t<a target=\"_blank\" href=\"https:\/\/www.mwall.eu\/wp-content\/uploads\/2021\/09\/M-Wall-Design-Leaflet-comp.pdf\" class=\"btn btn-primary btn-block\"><i class=\"fas fa-file-alt mr-2\"><\/i> Download<\/a>\n            \t\t\t\t\t\t<\/div>\n            \t\t\t\t\t<\/div>\n            \t\t\t\t<\/div>\n            \t\t\t<\/div>\n            \t\t\t            \t\t\t<div class=\"col-sm-4 col-12 mb-4\">\n            \t\t\t\t<div class=\"download-item h-100 d-flex flex-column\">\t\t\n            \t\t\t\t\t<div class=\"download-title\">\n            \t\t\t\t\t\t<h2>M-Wall Protect | Brosch\u00fcre<\/h2>\n            \t\t\t\t\t<\/div>\t\t\t\n            \t\t\t\t\t            \t\t\t\t\t<div class=\"download-content mt-2\">\n            \t\t\t\t\t\t            \t\t\t\t\t\t\t<p>M-Wall Protect ist eine innovative und effiziente Wandschutzl\u00f6sung. Lesen Sie mehr dar\u00fcber in unserer Brosch\u00fcre.<\/p>\n            \t\t\t\t\t\t            \t\t\t\t\t<\/div>\n            \t\t\t\t\t<div class=\"download-footer mt-auto\">\n            \t\t\t\t\t\t<hr \/>\n            \t\t\t\t\t\t<div class=\"download-info mt-3\">\n            \t\t\t\t\t\t\t<a target=\"_blank\" href=\"https:\/\/www.mwall.eu\/wp-content\/uploads\/2022\/01\/DE-M-Wall-Protect-.pdf\" class=\"btn btn-primary btn-block\"><i class=\"fas fa-file-alt mr-2\"><\/i> Download<\/a>\n            \t\t\t\t\t\t<\/div>\n            \t\t\t\t\t<\/div>\n            \t\t\t\t<\/div>\n            \t\t\t<\/div>\n            \t\t\t            \t\t\t<div class=\"col-sm-4 col-12 mb-4\">\n            \t\t\t\t<div class=\"download-item h-100 d-flex flex-column\">\t\t\n            \t\t\t\t\t<div class=\"download-title\">\n            \t\t\t\t\t\t<h2>M-Wall Basic | Brosch\u00fcre<\/h2>\n            \t\t\t\t\t<\/div>\t\t\t\n            \t\t\t\t\t            \t\t\t\t\t<div class=\"download-content mt-2\">\n            \t\t\t\t\t\t            \t\t\t\t\t\t\t<p>M-Wall Basic ist ein innovativer und wirtschaftlicher Wandschutz, der aus einer homogenen PC\/ABS-Mischung besteht. Lesen Sie mehr dar\u00fcber in der Brosch\u00fcre.<\/p>\n            \t\t\t\t\t\t            \t\t\t\t\t<\/div>\n            \t\t\t\t\t<div class=\"download-footer mt-auto\">\n            \t\t\t\t\t\t<hr \/>\n            \t\t\t\t\t\t<div class=\"download-info mt-3\">\n            \t\t\t\t\t\t\t<a target=\"_blank\" href=\"https:\/\/www.mwall.eu\/wp-content\/uploads\/2022\/01\/DE-M-Wall-Basic.pdf\" class=\"btn btn-primary btn-block\"><i class=\"fas fa-file-alt mr-2\"><\/i> Download<\/a>\n            \t\t\t\t\t\t<\/div>\n            \t\t\t\t\t<\/div>\n            \t\t\t\t<\/div>\n            \t\t\t<\/div>\n            \t\t\t            \t\t\t<div class=\"col-sm-4 col-12 mb-4\">\n            \t\t\t\t<div class=\"download-item h-100 d-flex flex-column\">\t\t\n            \t\t\t\t\t<div class=\"download-title\">\n            \t\t\t\t\t\t<h2>M-Wall Protect | Kollektion<\/h2>\n            \t\t\t\t\t<\/div>\t\t\t\n            \t\t\t\t\t            \t\t\t\t\t<div class=\"download-content mt-2\">\n            \t\t\t\t\t\t            \t\t\t\t\t\t\t<p>Sehen Sie hier die verschiedenen Farben, in denen die M-Wall Protect Kollektion erh\u00e4ltlich ist.<\/p>\n            \t\t\t\t\t\t            \t\t\t\t\t<\/div>\n            \t\t\t\t\t<div class=\"download-footer mt-auto\">\n            \t\t\t\t\t\t<hr \/>\n            \t\t\t\t\t\t<div class=\"download-info mt-3\">\n            \t\t\t\t\t\t\t<a target=\"_blank\" href=\"https:\/\/www.mwall.eu\/wp-content\/uploads\/2021\/10\/Schermafbeelding-2021-10-05-om-13.41.50.png\" class=\"btn btn-primary btn-block\"><i class=\"fas fa-file-alt mr-2\"><\/i> Download<\/a>\n            \t\t\t\t\t\t<\/div>\n            \t\t\t\t\t<\/div>\n            \t\t\t\t<\/div>\n            \t\t\t<\/div>\n            \t\t\t            \t\t\t<div class=\"col-sm-4 col-12 mb-4\">\n            \t\t\t\t<div class=\"download-item h-100 d-flex flex-column\">\t\t\n            \t\t\t\t\t<div class=\"download-title\">\n            \t\t\t\t\t\t<h2>M-Wall Hygienic | Kollektion<\/h2>\n            \t\t\t\t\t<\/div>\t\t\t\n            \t\t\t\t\t            \t\t\t\t\t<div class=\"download-content mt-2\">\n            \t\t\t\t\t\t            \t\t\t\t\t\t\t<p>Sehen Sie in dieser Brosch\u00fcre die verschiedenen Farben, in denen die M-Wall Hygienic-Kollektion erh\u00e4ltlich ist.<\/p>\n            \t\t\t\t\t\t            \t\t\t\t\t<\/div>\n            \t\t\t\t\t<div class=\"download-footer mt-auto\">\n            \t\t\t\t\t\t<hr \/>\n            \t\t\t\t\t\t<div class=\"download-info mt-3\">\n            \t\t\t\t\t\t\t<a target=\"_blank\" href=\"https:\/\/www.mwall.eu\/wp-content\/uploads\/2021\/12\/M-Wall-Hygienic-Color-Palette.pdf\" class=\"btn btn-primary btn-block\"><i class=\"fas fa-file-alt mr-2\"><\/i> Download<\/a>\n            \t\t\t\t\t\t<\/div>\n            \t\t\t\t\t<\/div>\n            \t\t\t\t<\/div>\n            \t\t\t<\/div>\n            \t\t\t            \t<\/div>\n            <\/div>\n      \t \t<\/div>\n<\/div>[\/vc_column_text][\/vc_column][\/vc_row]<\/p>\n<\/div>","protected":false},"excerpt":{"rendered":"<p>[vc_row][vc_column][vc_column_text][\/vc_column_text][\/vc_column][\/vc_row]<\/p>\n","protected":false},"author":1,"featured_media":0,"parent":0,"menu_order":0,"comment_status":"closed","ping_status":"closed","template":"","meta":{"footnotes":""},"class_list":["post-2320","page","type-page","status-publish","hentry"],"yoast_head":"<!-- This site is optimized with the Yoast SEO plugin v27.3 - https:\/\/yoast.com\/product\/yoast-seo-wordpress\/ -->\n<title>Technische Dokumente - M-Wall<\/title>\n<meta name=\"description\" content=\"Hier findest du unsere Prospekte und technischen Informationen zu unseren hochwertigen Wand-, Eck- und T\u00fcrabschl\u00fcssen zusammen.\" \/>\n<meta name=\"robots\" content=\"index, follow, max-snippet:-1, max-image-preview:large, max-video-preview:-1\" \/>\n<link rel=\"canonical\" href=\"https:\/\/www.mwall.eu\/technische-documenten\/\" \/>\n<meta property=\"og:locale\" content=\"de_DE\" \/>\n<meta property=\"og:type\" content=\"article\" \/>\n<meta property=\"og:title\" content=\"Technische Dokumente - M-Wall\" \/>\n<meta property=\"og:description\" content=\"Hier findest du unsere Prospekte und technischen Informationen zu unseren hochwertigen Wand-, Eck- und T\u00fcrabschl\u00fcssen zusammen.\" \/>\n<meta property=\"og:url\" content=\"https:\/\/www.mwall.eu\/technische-documenten\/\" \/>\n<meta property=\"og:site_name\" content=\"M-Wall\" \/>\n<meta property=\"article:modified_time\" content=\"2022-09-06T14:40:09+00:00\" \/>\n<meta name=\"twitter:card\" content=\"summary_large_image\" \/>\n<meta name=\"twitter:label1\" content=\"Gesch\u00e4tzte Lesezeit\" \/>\n\t<meta name=\"twitter:data1\" content=\"1\u00a0Minute\" \/>\n<script type=\"application\/ld+json\" class=\"yoast-schema-graph\">{\"@context\":\"https:\\\/\\\/schema.org\",\"@graph\":[{\"@type\":\"WebPage\",\"@id\":\"https:\\\/\\\/www.mwall.eu\\\/technische-documenten\\\/\",\"url\":\"https:\\\/\\\/www.mwall.eu\\\/technische-documenten\\\/\",\"name\":\"Technische Dokumente - M-Wall\",\"isPartOf\":{\"@id\":\"https:\\\/\\\/www.mwall.eu\\\/#website\"},\"datePublished\":\"2021-12-10T14:47:42+00:00\",\"dateModified\":\"2022-09-06T14:40:09+00:00\",\"description\":\"Hier findest du unsere Prospekte und technischen Informationen zu unseren hochwertigen Wand-, Eck- und T\u00fcrabschl\u00fcssen zusammen.\",\"breadcrumb\":{\"@id\":\"https:\\\/\\\/www.mwall.eu\\\/technische-documenten\\\/#breadcrumb\"},\"inLanguage\":\"de\",\"potentialAction\":[{\"@type\":\"ReadAction\",\"target\":[\"https:\\\/\\\/www.mwall.eu\\\/technische-documenten\\\/\"]}]},{\"@type\":\"BreadcrumbList\",\"@id\":\"https:\\\/\\\/www.mwall.eu\\\/technische-documenten\\\/#breadcrumb\",\"itemListElement\":[{\"@type\":\"ListItem\",\"position\":1,\"name\":\"Home\",\"item\":\"https:\\\/\\\/www.mwall.eu\\\/de\\\/\"},{\"@type\":\"ListItem\",\"position\":2,\"name\":\"Technische Dokumente\"}]},{\"@type\":\"WebSite\",\"@id\":\"https:\\\/\\\/www.mwall.eu\\\/#website\",\"url\":\"https:\\\/\\\/www.mwall.eu\\\/\",\"name\":\"M-Wall\",\"description\":\"\",\"potentialAction\":[{\"@type\":\"SearchAction\",\"target\":{\"@type\":\"EntryPoint\",\"urlTemplate\":\"https:\\\/\\\/www.mwall.eu\\\/?s={search_term_string}\"},\"query-input\":{\"@type\":\"PropertyValueSpecification\",\"valueRequired\":true,\"valueName\":\"search_term_string\"}}],\"inLanguage\":\"de\"}]}<\/script>\n<!-- \/ Yoast SEO plugin. -->","yoast_head_json":{"title":"Technische Dokumente - M-Wall","description":"Hier findest du unsere Prospekte und technischen Informationen zu unseren hochwertigen Wand-, Eck- und T\u00fcrabschl\u00fcssen zusammen.","robots":{"index":"index","follow":"follow","max-snippet":"max-snippet:-1","max-image-preview":"max-image-preview:large","max-video-preview":"max-video-preview:-1"},"canonical":"https:\/\/www.mwall.eu\/technische-documenten\/","og_locale":"de_DE","og_type":"article","og_title":"Technische Dokumente - M-Wall","og_description":"Hier findest du unsere Prospekte und technischen Informationen zu unseren hochwertigen Wand-, Eck- und T\u00fcrabschl\u00fcssen zusammen.","og_url":"https:\/\/www.mwall.eu\/technische-documenten\/","og_site_name":"M-Wall","article_modified_time":"2022-09-06T14:40:09+00:00","twitter_card":"summary_large_image","twitter_misc":{"Gesch\u00e4tzte Lesezeit":"1\u00a0Minute"},"schema":{"@context":"https:\/\/schema.org","@graph":[{"@type":"WebPage","@id":"https:\/\/www.mwall.eu\/technische-documenten\/","url":"https:\/\/www.mwall.eu\/technische-documenten\/","name":"Technische Dokumente - M-Wall","isPartOf":{"@id":"https:\/\/www.mwall.eu\/#website"},"datePublished":"2021-12-10T14:47:42+00:00","dateModified":"2022-09-06T14:40:09+00:00","description":"Hier findest du unsere Prospekte und technischen Informationen zu unseren hochwertigen Wand-, Eck- und T\u00fcrabschl\u00fcssen zusammen.","breadcrumb":{"@id":"https:\/\/www.mwall.eu\/technische-documenten\/#breadcrumb"},"inLanguage":"de","potentialAction":[{"@type":"ReadAction","target":["https:\/\/www.mwall.eu\/technische-documenten\/"]}]},{"@type":"BreadcrumbList","@id":"https:\/\/www.mwall.eu\/technische-documenten\/#breadcrumb","itemListElement":[{"@type":"ListItem","position":1,"name":"Home","item":"https:\/\/www.mwall.eu\/de\/"},{"@type":"ListItem","position":2,"name":"Technische Dokumente"}]},{"@type":"WebSite","@id":"https:\/\/www.mwall.eu\/#website","url":"https:\/\/www.mwall.eu\/","name":"M-Wall","description":"","potentialAction":[{"@type":"SearchAction","target":{"@type":"EntryPoint","urlTemplate":"https:\/\/www.mwall.eu\/?s={search_term_string}"},"query-input":{"@type":"PropertyValueSpecification","valueRequired":true,"valueName":"search_term_string"}}],"inLanguage":"de"}]}},"_links":{"self":[{"href":"https:\/\/www.mwall.eu\/de\/wp-json\/wp\/v2\/pages\/2320","targetHints":{"allow":["GET"]}}],"collection":[{"href":"https:\/\/www.mwall.eu\/de\/wp-json\/wp\/v2\/pages"}],"about":[{"href":"https:\/\/www.mwall.eu\/de\/wp-json\/wp\/v2\/types\/page"}],"author":[{"embeddable":true,"href":"https:\/\/www.mwall.eu\/de\/wp-json\/wp\/v2\/users\/1"}],"replies":[{"embeddable":true,"href":"https:\/\/www.mwall.eu\/de\/wp-json\/wp\/v2\/comments?post=2320"}],"version-history":[{"count":2,"href":"https:\/\/www.mwall.eu\/de\/wp-json\/wp\/v2\/pages\/2320\/revisions"}],"predecessor-version":[{"id":3066,"href":"https:\/\/www.mwall.eu\/de\/wp-json\/wp\/v2\/pages\/2320\/revisions\/3066"}],"wp:attachment":[{"href":"https:\/\/www.mwall.eu\/de\/wp-json\/wp\/v2\/media?parent=2320"}],"curies":[{"name":"wp","href":"https:\/\/api.w.org\/{rel}","templated":true}]}}