{"id":2312,"date":"2021-12-10T14:45:08","date_gmt":"2021-12-10T14:45:08","guid":{"rendered":"https:\/\/www.mwall.eu\/ueber-uns\/"},"modified":"2023-05-16T08:10:10","modified_gmt":"2023-05-16T08:10:10","slug":"ueber-uns","status":"publish","type":"page","link":"https:\/\/www.mwall.eu\/de\/ueber-uns\/","title":{"rendered":"\u00dcber uns"},"content":{"rendered":"<div class=\"wpb-content-wrapper\"><p>[vc_row][vc_column][vc_custom_heading text=&#8220;NICE TO MEET YOU!&#8220; use_theme_fonts=&#8220;yes&#8220;][vc_column_text]Als Spezialist schafft M-Wall ein einzigartiges Konzept f\u00fcr hochwertige Wandverkleidungen. Die innovativen und dynamischen Produkte werden aus der Perspektive des Kunden entwickelt, um eine hochwertige Wandgestaltung zu erm\u00f6glichen.<\/p>\n<p>Unsere Wandverkleidungen und Wand- und Eckschutzvorrichtungen wurden f\u00fcr hohe Pflegeanspr\u00fcche entwickelt, eignen sich aber auch sehr gut f\u00fcr Umgebungen mit geringer Pflege. Bei der Entwicklung unserer Produkte haben wir uns nicht nur auf die Produkteigenschaften, die optimale Verarbeitbarkeit und die Umweltfreundlichkeit konzentriert, sondern auch auf die spezifischen (Detail-)Probleme, die Architekten und Bauherren bei Projekten begegnen.<\/p>\n<p>Mit unseren Produktserien bieten wir f\u00fcr jeden Raum und jede Projektanforderung eine passende L\u00f6sung. Unsere Produkte finden breite Anwendung in Reinr\u00e4umen, Krankenh\u00e4usern, Pflegeheimen, B\u00fcros, Flugh\u00e4fen, Hotels und Restaurants.<\/p>\n<p>Innerhalb unserer M-Wall-Produktlinien k\u00f6nnen Sie w\u00e4hlen zwischen:<\/p>\n<h2>Basic<\/h2>\n<p>M-Wall Basic ist einfach in jedem Raum als Eck-, Wand- oder T\u00fcrschutz zu installieren. Unsere Basislinie ist eine kosteng\u00fcnstige L\u00f6sung f\u00fcr Bereiche mit erh\u00f6htem Schadensrisiko. Dazu geh\u00f6ren Bereiche wie Vertriebszentren, Flugh\u00e4fen, Reinr\u00e4ume, Bildungseinrichtungen, Pflegeeinrichtungen wie Altenheime und Lagerr\u00e4ume.<\/p>\n<h2>Protect<\/h2>\n<p>M-Wall Protect verf\u00fcgt \u00fcber eine hohe Brandschutzklasse, die sich hervorragend f\u00fcr den Einsatz in Evakuierungsbereichen in \u00f6ffentlichen Geb\u00e4uden wie Bildungseinrichtungen, Krankenh\u00e4usern, Museen, Hotels und Flugh\u00e4fen eignet. Dar\u00fcber hinaus ist M-Wall Protect zu 100 % recycelbar. Wenn man sich f\u00fcr einen Wandschutz in Reinr\u00e4umen und zertifizierten Bereichen entschieden hat, k\u00f6nnen verschiedene Details durch thermische Behandlungen detailliert werden. So entsteht eine durchgehende Oberfl\u00e4che.<\/p>\n<h2>Hygienic<\/h2>\n<p>F\u00fcr kritische Bereiche wie Operationss\u00e4le, Labors und Apotheken ist es wichtig, dass der Raum steril und hygienisch ist. M-Wall Hygienic ist daher die perfekte L\u00f6sung f\u00fcr diese und andere klassifizierte Bereiche.<\/p>\n<h2>Design<\/h2>\n<p>Einzigartige Wandpaneele, die die Wand zum Leben erwecken, finden Sie bei M-Wall Design. Diese Wandpaneele sind einzigartig in ihrer Art und schaffen eine dynamische Atmosph\u00e4re in jedem Raum. Diese innovative Design-Wandverkleidung erzeugt einen einzigartigen Effekt, wenn sie an der Wand angebracht wird.<\/p>\n<h2>M-Wall ist bereit f\u00fcr seine Kunden<\/h2>\n<p>Die Ziele von M-Wall sind, unseren Kunden einen Mehrwert zu bieten, innovativ und f\u00fchrend in unserem Marktsegment zu sein, ohne hierarchische Strukturen und Vorurteile, mit einem engagierten Team in einer lernenden Organisation integer zu arbeiten und einen Beitrag zu \u00f6kologischen Fragen zu leisten.<\/p>\n<p>Der Kunde steht bei M-Wall im Mittelpunkt und seine Anliegen sind unsere Leidenschaft.<\/p>\n<p>Wenn Sie Fragen an oder \u00fcber uns haben, kontaktieren Sie uns einfach \u00fcber unser Kontaktformular oder rufen Sie uns unter +31 850 188 500 an, wir helfen Ihnen gerne weiter.[\/vc_column_text][vc_single_image image=&#8220;1597&#8243; img_size=&#8220;Medium&#8220; alignment=&#8220;center&#8220;][\/vc_column][\/vc_row]<\/p>\n<\/div>","protected":false},"excerpt":{"rendered":"<p>[vc_row][vc_column][vc_custom_heading text=&#8220;NICE TO MEET YOU!&#8220; use_theme_fonts=&#8220;yes&#8220;][vc_column_text]Als Spezialist schafft M-Wall ein einzigartiges Konzept f\u00fcr hochwertige Wandverkleidungen. Die innovativen und dynamischen Produkte werden aus der Perspektive des Kunden entwickelt, um eine hochwertige Wandgestaltung zu erm\u00f6glichen. Unsere Wandverkleidungen und Wand- und Eckschutzvorrichtungen wurden f\u00fcr hohe Pflegeanspr\u00fcche entwickelt, eignen sich aber auch sehr gut f\u00fcr Umgebungen mit geringer Pflege. [&hellip;]<\/p>\n","protected":false},"author":1,"featured_media":0,"parent":0,"menu_order":0,"comment_status":"closed","ping_status":"closed","template":"","meta":{"footnotes":""},"class_list":["post-2312","page","type-page","status-publish","hentry"],"yoast_head":"<!-- This site is optimized with the Yoast SEO plugin v27.3 - https:\/\/yoast.com\/product\/yoast-seo-wordpress\/ -->\n<title>\u00dcber uns - M-Wall<\/title>\n<meta name=\"description\" content=\"M-Wall ist der Spezialist f\u00fcr hochwertigen Wandschutz f\u00fcr verschiedene Umgebungen mit geringer und hoher Pflege.\" \/>\n<meta name=\"robots\" content=\"index, follow, max-snippet:-1, max-image-preview:large, max-video-preview:-1\" \/>\n<link rel=\"canonical\" href=\"https:\/\/www.mwall.eu\/de\/ueber-uns\/\" \/>\n<meta property=\"og:locale\" content=\"de_DE\" \/>\n<meta property=\"og:type\" content=\"article\" \/>\n<meta property=\"og:title\" content=\"\u00dcber uns - M-Wall\" \/>\n<meta property=\"og:description\" content=\"M-Wall ist der Spezialist f\u00fcr hochwertigen Wandschutz f\u00fcr verschiedene Umgebungen mit geringer und hoher Pflege.\" \/>\n<meta property=\"og:url\" content=\"https:\/\/www.mwall.eu\/de\/ueber-uns\/\" \/>\n<meta property=\"og:site_name\" content=\"M-Wall\" \/>\n<meta property=\"article:modified_time\" content=\"2023-05-16T08:10:10+00:00\" \/>\n<meta name=\"twitter:card\" content=\"summary_large_image\" \/>\n<meta name=\"twitter:label1\" content=\"Gesch\u00e4tzte Lesezeit\" \/>\n\t<meta name=\"twitter:data1\" content=\"2\u00a0Minuten\" \/>\n<script type=\"application\/ld+json\" class=\"yoast-schema-graph\">{\"@context\":\"https:\\\/\\\/schema.org\",\"@graph\":[{\"@type\":\"WebPage\",\"@id\":\"https:\\\/\\\/www.mwall.eu\\\/over-m-wall\\\/\",\"url\":\"https:\\\/\\\/www.mwall.eu\\\/de\\\/ueber-uns\\\/\",\"name\":\"\u00dcber uns - M-Wall\",\"isPartOf\":{\"@id\":\"https:\\\/\\\/www.mwall.eu\\\/#website\"},\"datePublished\":\"2021-12-10T14:45:08+00:00\",\"dateModified\":\"2023-05-16T08:10:10+00:00\",\"description\":\"M-Wall ist der Spezialist f\u00fcr hochwertigen Wandschutz f\u00fcr verschiedene Umgebungen mit geringer und hoher Pflege.\",\"breadcrumb\":{\"@id\":\"https:\\\/\\\/www.mwall.eu\\\/de\\\/ueber-uns\\\/#breadcrumb\"},\"inLanguage\":\"de\",\"potentialAction\":[{\"@type\":\"ReadAction\",\"target\":[\"https:\\\/\\\/www.mwall.eu\\\/de\\\/ueber-uns\\\/\"]}]},{\"@type\":\"BreadcrumbList\",\"@id\":\"https:\\\/\\\/www.mwall.eu\\\/de\\\/ueber-uns\\\/#breadcrumb\",\"itemListElement\":[{\"@type\":\"ListItem\",\"position\":1,\"name\":\"Home\",\"item\":\"https:\\\/\\\/www.mwall.eu\\\/de\\\/\"},{\"@type\":\"ListItem\",\"position\":2,\"name\":\"\u00dcber uns\"}]},{\"@type\":\"WebSite\",\"@id\":\"https:\\\/\\\/www.mwall.eu\\\/#website\",\"url\":\"https:\\\/\\\/www.mwall.eu\\\/\",\"name\":\"M-Wall\",\"description\":\"\",\"potentialAction\":[{\"@type\":\"SearchAction\",\"target\":{\"@type\":\"EntryPoint\",\"urlTemplate\":\"https:\\\/\\\/www.mwall.eu\\\/?s={search_term_string}\"},\"query-input\":{\"@type\":\"PropertyValueSpecification\",\"valueRequired\":true,\"valueName\":\"search_term_string\"}}],\"inLanguage\":\"de\"}]}<\/script>\n<!-- \/ Yoast SEO plugin. -->","yoast_head_json":{"title":"\u00dcber uns - M-Wall","description":"M-Wall ist der Spezialist f\u00fcr hochwertigen Wandschutz f\u00fcr verschiedene Umgebungen mit geringer und hoher Pflege.","robots":{"index":"index","follow":"follow","max-snippet":"max-snippet:-1","max-image-preview":"max-image-preview:large","max-video-preview":"max-video-preview:-1"},"canonical":"https:\/\/www.mwall.eu\/de\/ueber-uns\/","og_locale":"de_DE","og_type":"article","og_title":"\u00dcber uns - M-Wall","og_description":"M-Wall ist der Spezialist f\u00fcr hochwertigen Wandschutz f\u00fcr verschiedene Umgebungen mit geringer und hoher Pflege.","og_url":"https:\/\/www.mwall.eu\/de\/ueber-uns\/","og_site_name":"M-Wall","article_modified_time":"2023-05-16T08:10:10+00:00","twitter_card":"summary_large_image","twitter_misc":{"Gesch\u00e4tzte Lesezeit":"2\u00a0Minuten"},"schema":{"@context":"https:\/\/schema.org","@graph":[{"@type":"WebPage","@id":"https:\/\/www.mwall.eu\/over-m-wall\/","url":"https:\/\/www.mwall.eu\/de\/ueber-uns\/","name":"\u00dcber uns - M-Wall","isPartOf":{"@id":"https:\/\/www.mwall.eu\/#website"},"datePublished":"2021-12-10T14:45:08+00:00","dateModified":"2023-05-16T08:10:10+00:00","description":"M-Wall ist der Spezialist f\u00fcr hochwertigen Wandschutz f\u00fcr verschiedene Umgebungen mit geringer und hoher Pflege.","breadcrumb":{"@id":"https:\/\/www.mwall.eu\/de\/ueber-uns\/#breadcrumb"},"inLanguage":"de","potentialAction":[{"@type":"ReadAction","target":["https:\/\/www.mwall.eu\/de\/ueber-uns\/"]}]},{"@type":"BreadcrumbList","@id":"https:\/\/www.mwall.eu\/de\/ueber-uns\/#breadcrumb","itemListElement":[{"@type":"ListItem","position":1,"name":"Home","item":"https:\/\/www.mwall.eu\/de\/"},{"@type":"ListItem","position":2,"name":"\u00dcber uns"}]},{"@type":"WebSite","@id":"https:\/\/www.mwall.eu\/#website","url":"https:\/\/www.mwall.eu\/","name":"M-Wall","description":"","potentialAction":[{"@type":"SearchAction","target":{"@type":"EntryPoint","urlTemplate":"https:\/\/www.mwall.eu\/?s={search_term_string}"},"query-input":{"@type":"PropertyValueSpecification","valueRequired":true,"valueName":"search_term_string"}}],"inLanguage":"de"}]}},"_links":{"self":[{"href":"https:\/\/www.mwall.eu\/de\/wp-json\/wp\/v2\/pages\/2312","targetHints":{"allow":["GET"]}}],"collection":[{"href":"https:\/\/www.mwall.eu\/de\/wp-json\/wp\/v2\/pages"}],"about":[{"href":"https:\/\/www.mwall.eu\/de\/wp-json\/wp\/v2\/types\/page"}],"author":[{"embeddable":true,"href":"https:\/\/www.mwall.eu\/de\/wp-json\/wp\/v2\/users\/1"}],"replies":[{"embeddable":true,"href":"https:\/\/www.mwall.eu\/de\/wp-json\/wp\/v2\/comments?post=2312"}],"version-history":[{"count":3,"href":"https:\/\/www.mwall.eu\/de\/wp-json\/wp\/v2\/pages\/2312\/revisions"}],"predecessor-version":[{"id":2315,"href":"https:\/\/www.mwall.eu\/de\/wp-json\/wp\/v2\/pages\/2312\/revisions\/2315"}],"wp:attachment":[{"href":"https:\/\/www.mwall.eu\/de\/wp-json\/wp\/v2\/media?parent=2312"}],"curies":[{"name":"wp","href":"https:\/\/api.w.org\/{rel}","templated":true}]}}