{"id":2307,"date":"2021-12-10T14:40:38","date_gmt":"2021-12-10T14:40:38","guid":{"rendered":"https:\/\/www.mwall.eu\/neues-gebaeude\/"},"modified":"2023-05-16T11:27:23","modified_gmt":"2023-05-16T11:27:23","slug":"neues-gebaeude","status":"publish","type":"page","link":"https:\/\/www.mwall.eu\/de\/neues-gebaeude\/","title":{"rendered":"Neues Geb\u00e4ude"},"content":{"rendered":"<div class=\"wpb-content-wrapper\"><p>[vc_row][vc_column][vc_empty_space height=&#8220;64px&#8220; el_class=&#8220;d-none d-sm-block&#8220;][\/vc_column][\/vc_row][vc_row gap=&#8220;15&#8243;][vc_column width=&#8220;2\/3&#8243;][vc_custom_heading text=&#8220;Hochwertige Wandverkleidungen f\u00fcr Neubauprojekte&#8220; font_container=&#8220;tag:h1|text_align:left&#8220; use_theme_fonts=&#8220;yes&#8220;][vc_empty_space el_class=&#8220;d-none d-sm-block&#8220;][vc_column_text]Krankenh\u00e4user, (Privat-)Kliniken, Labors, Reinr\u00e4ume, Pflegeheime und andere Pflegeumgebungen stellen in der Regel hohe Anforderungen an ihre Wandbel\u00e4ge. Dazu geh\u00f6ren optimale Hygiene, Reinigungsf\u00e4higkeit, Sto\u00df- und Kratzfestigkeit sowie Langlebigkeit. Die hochwertigen Wandverkleidungen und Wand- und Eckschutzsysteme von M-Wall erf\u00fcllen diese Anforderungen auch bei Neubauprojekten in vollem Umfang.<\/p>\n<h2>Produkte, die f\u00fcr Umgebungen mit hohem und niedrigem Pflegeaufwand entwickelt wurden<\/h2>\n<p>M-Wall Wandverkleidungen sowie T\u00fcr- und Eckschutzvorrichtungen wurden f\u00fcr den Einsatz in Bereichen mit hoher Pflegebed\u00fcrftigkeit entwickelt, sind aber auch f\u00fcr Umgebungen mit geringer Pflegebed\u00fcrftigkeit sehr gut geeignet. Mit den Produktreihen M-Wall Hygienic, M-Wall Protect und M-Wall Design bietet M-Wall eine L\u00f6sung f\u00fcr jede Raum- und Projektanforderung.<\/p>\n<p>Vom OP und Reinraum zur (Krankenhaus-)Apotheke, zum Patientenzimmer, zum Wartezimmer oder zum (Transport-)Flur. Die Paneele von M-Wall k\u00f6nnen als Verkleidung, komplette Wand, R\u00fcckwand, Puffer, Trittplatte, T\u00fcrschutz und\/oder Eckschutz verwendet werden. Da es m\u00f6glich ist, mehrere Paneele miteinander zu verbinden, entsteht ein \u00e4sthetisches und ruhiges Gesamtbild. Die Kunststoffpaneele haben ein nat\u00fcrliches Aussehen und f\u00fcgen sich nahtlos in ihre Umgebung ein.<\/p>\n<h2>Ma\u00dfgeschneiderte L\u00f6sungen<\/h2>\n<p>Spezifische Details und Sonderanfertigungen sind kein Problem. In unserer Werkstatt in Eindhoven k\u00f6nnen wir Ecken und Kurven thermisch verformen und so die Anzahl der N\u00e4hte in einem Projekt auf ein Minimum reduzieren. Auf diese Weise stellen wir sicher, dass unsere Produkte immer in den Raum passen, in dem sie installiert werden.<\/p>\n<h2>Produkte f\u00fcr Neubauten und Renovierungsprojekte<\/h2>\n<p>Neben Neubauprojekten sind M-Wall-Paneele auch ideal f\u00fcr Renovierungen geeignet. Wie auch immer Ihr Projekt aussieht, M-Wall hat die richtige L\u00f6sung f\u00fcr Ihre Wandverkleidung. Fragen Sie uns ruhig nach den M\u00f6glichkeiten.<\/p>\n<p>[\/vc_column_text][\/vc_column][vc_column width=&#8220;1\/3&#8243; el_class=&#8220;text-white drop-shadow&#8220;][vc_single_image image=&#8220;1211&#8243; img_size=&#8220;full&#8220; css=&#8220;.vc_custom_1634128901588{margin-bottom: 20px !important;}&#8220;][\/vc_column][\/vc_row][vc_row][vc_column][vc_empty_space height=&#8220;128px&#8220;][\/vc_column][\/vc_row][vc_row full_width=&#8220;stretch_row&#8220; gap=&#8220;15&#8243; equal_height=&#8220;yes&#8220; css=&#8220;.vc_custom_1626180715763{background-color: #f2f2f2 !important;}&#8220;][vc_column width=&#8220;1\/3&#8243;][vc_single_image image=&#8220;2013&#8243; img_size=&#8220;full&#8220; onclick=&#8220;link_image&#8220;][\/vc_column][vc_column width=&#8220;1\/3&#8243;][vc_single_image image=&#8220;2002&#8243; img_size=&#8220;full&#8220; onclick=&#8220;link_image&#8220;][\/vc_column][vc_column width=&#8220;1\/3&#8243;][vc_single_image image=&#8220;619&#8243; img_size=&#8220;full&#8220; onclick=&#8220;link_image&#8220;][\/vc_column][\/vc_row]<\/p>\n<\/div>","protected":false},"excerpt":{"rendered":"<p>[vc_row][vc_column][vc_empty_space height=&#8220;64px&#8220; el_class=&#8220;d-none d-sm-block&#8220;][\/vc_column][\/vc_row][vc_row gap=&#8220;15&#8243;][vc_column width=&#8220;2\/3&#8243;][vc_custom_heading text=&#8220;Hochwertige Wandverkleidungen f\u00fcr Neubauprojekte&#8220; font_container=&#8220;tag:h1|text_align:left&#8220; use_theme_fonts=&#8220;yes&#8220;][vc_empty_space el_class=&#8220;d-none d-sm-block&#8220;][vc_column_text]Krankenh\u00e4user, (Privat-)Kliniken, Labors, Reinr\u00e4ume, Pflegeheime und andere Pflegeumgebungen stellen in der Regel hohe Anforderungen an ihre Wandbel\u00e4ge. Dazu geh\u00f6ren optimale Hygiene, Reinigungsf\u00e4higkeit, Sto\u00df- und Kratzfestigkeit sowie Langlebigkeit. Die hochwertigen Wandverkleidungen und Wand- und Eckschutzsysteme von M-Wall erf\u00fcllen diese Anforderungen auch bei Neubauprojekten [&hellip;]<\/p>\n","protected":false},"author":1,"featured_media":0,"parent":0,"menu_order":0,"comment_status":"closed","ping_status":"closed","template":"","meta":{"footnotes":""},"class_list":["post-2307","page","type-page","status-publish","hentry"],"yoast_head":"<!-- This site is optimized with the Yoast SEO plugin v27.5 - https:\/\/yoast.com\/product\/yoast-seo-wordpress\/ -->\n<title>Neues Geb\u00e4ude - M-Wall<\/title>\n<meta name=\"description\" content=\"M-Wall bietet qualitativ hochwertigen Wand-, T\u00fcr- und Eckschutz f\u00fcr Neubauprojekte sowohl in Umgebungen mit geringer als auch mit hoher Pflege.\" \/>\n<meta name=\"robots\" content=\"index, follow, max-snippet:-1, max-image-preview:large, max-video-preview:-1\" \/>\n<link rel=\"canonical\" href=\"https:\/\/www.mwall.eu\/de\/neues-gebaeude\/\" \/>\n<meta property=\"og:locale\" content=\"de_DE\" \/>\n<meta property=\"og:type\" content=\"article\" \/>\n<meta property=\"og:title\" content=\"Neues Geb\u00e4ude - M-Wall\" \/>\n<meta property=\"og:description\" content=\"M-Wall bietet qualitativ hochwertigen Wand-, T\u00fcr- und Eckschutz f\u00fcr Neubauprojekte sowohl in Umgebungen mit geringer als auch mit hoher Pflege.\" \/>\n<meta property=\"og:url\" content=\"https:\/\/www.mwall.eu\/de\/neues-gebaeude\/\" \/>\n<meta property=\"og:site_name\" content=\"M-Wall\" \/>\n<meta property=\"article:modified_time\" content=\"2023-05-16T11:27:23+00:00\" \/>\n<meta name=\"twitter:card\" content=\"summary_large_image\" \/>\n<meta name=\"twitter:label1\" content=\"Gesch\u00e4tzte Lesezeit\" \/>\n\t<meta name=\"twitter:data1\" content=\"2\u00a0Minuten\" \/>\n<script type=\"application\/ld+json\" class=\"yoast-schema-graph\">{\"@context\":\"https:\\\/\\\/schema.org\",\"@graph\":[{\"@type\":\"WebPage\",\"@id\":\"https:\\\/\\\/www.mwall.eu\\\/nieuwbouw\\\/\",\"url\":\"https:\\\/\\\/www.mwall.eu\\\/de\\\/neues-gebaeude\\\/\",\"name\":\"Neues Geb\u00e4ude - M-Wall\",\"isPartOf\":{\"@id\":\"https:\\\/\\\/www.mwall.eu\\\/#website\"},\"datePublished\":\"2021-12-10T14:40:38+00:00\",\"dateModified\":\"2023-05-16T11:27:23+00:00\",\"description\":\"M-Wall bietet qualitativ hochwertigen Wand-, T\u00fcr- und Eckschutz f\u00fcr Neubauprojekte sowohl in Umgebungen mit geringer als auch mit hoher Pflege.\",\"breadcrumb\":{\"@id\":\"https:\\\/\\\/www.mwall.eu\\\/de\\\/neues-gebaeude\\\/#breadcrumb\"},\"inLanguage\":\"de\",\"potentialAction\":[{\"@type\":\"ReadAction\",\"target\":[\"https:\\\/\\\/www.mwall.eu\\\/de\\\/neues-gebaeude\\\/\"]}]},{\"@type\":\"BreadcrumbList\",\"@id\":\"https:\\\/\\\/www.mwall.eu\\\/de\\\/neues-gebaeude\\\/#breadcrumb\",\"itemListElement\":[{\"@type\":\"ListItem\",\"position\":1,\"name\":\"Home\",\"item\":\"https:\\\/\\\/www.mwall.eu\\\/de\\\/\"},{\"@type\":\"ListItem\",\"position\":2,\"name\":\"Neues Geb\u00e4ude\"}]},{\"@type\":\"WebSite\",\"@id\":\"https:\\\/\\\/www.mwall.eu\\\/#website\",\"url\":\"https:\\\/\\\/www.mwall.eu\\\/\",\"name\":\"M-Wall\",\"description\":\"\",\"potentialAction\":[{\"@type\":\"SearchAction\",\"target\":{\"@type\":\"EntryPoint\",\"urlTemplate\":\"https:\\\/\\\/www.mwall.eu\\\/?s={search_term_string}\"},\"query-input\":{\"@type\":\"PropertyValueSpecification\",\"valueRequired\":true,\"valueName\":\"search_term_string\"}}],\"inLanguage\":\"de\"}]}<\/script>\n<!-- \/ Yoast SEO plugin. -->","yoast_head_json":{"title":"Neues Geb\u00e4ude - M-Wall","description":"M-Wall bietet qualitativ hochwertigen Wand-, T\u00fcr- und Eckschutz f\u00fcr Neubauprojekte sowohl in Umgebungen mit geringer als auch mit hoher Pflege.","robots":{"index":"index","follow":"follow","max-snippet":"max-snippet:-1","max-image-preview":"max-image-preview:large","max-video-preview":"max-video-preview:-1"},"canonical":"https:\/\/www.mwall.eu\/de\/neues-gebaeude\/","og_locale":"de_DE","og_type":"article","og_title":"Neues Geb\u00e4ude - M-Wall","og_description":"M-Wall bietet qualitativ hochwertigen Wand-, T\u00fcr- und Eckschutz f\u00fcr Neubauprojekte sowohl in Umgebungen mit geringer als auch mit hoher Pflege.","og_url":"https:\/\/www.mwall.eu\/de\/neues-gebaeude\/","og_site_name":"M-Wall","article_modified_time":"2023-05-16T11:27:23+00:00","twitter_card":"summary_large_image","twitter_misc":{"Gesch\u00e4tzte Lesezeit":"2\u00a0Minuten"},"schema":{"@context":"https:\/\/schema.org","@graph":[{"@type":"WebPage","@id":"https:\/\/www.mwall.eu\/nieuwbouw\/","url":"https:\/\/www.mwall.eu\/de\/neues-gebaeude\/","name":"Neues Geb\u00e4ude - M-Wall","isPartOf":{"@id":"https:\/\/www.mwall.eu\/#website"},"datePublished":"2021-12-10T14:40:38+00:00","dateModified":"2023-05-16T11:27:23+00:00","description":"M-Wall bietet qualitativ hochwertigen Wand-, T\u00fcr- und Eckschutz f\u00fcr Neubauprojekte sowohl in Umgebungen mit geringer als auch mit hoher Pflege.","breadcrumb":{"@id":"https:\/\/www.mwall.eu\/de\/neues-gebaeude\/#breadcrumb"},"inLanguage":"de","potentialAction":[{"@type":"ReadAction","target":["https:\/\/www.mwall.eu\/de\/neues-gebaeude\/"]}]},{"@type":"BreadcrumbList","@id":"https:\/\/www.mwall.eu\/de\/neues-gebaeude\/#breadcrumb","itemListElement":[{"@type":"ListItem","position":1,"name":"Home","item":"https:\/\/www.mwall.eu\/de\/"},{"@type":"ListItem","position":2,"name":"Neues Geb\u00e4ude"}]},{"@type":"WebSite","@id":"https:\/\/www.mwall.eu\/#website","url":"https:\/\/www.mwall.eu\/","name":"M-Wall","description":"","potentialAction":[{"@type":"SearchAction","target":{"@type":"EntryPoint","urlTemplate":"https:\/\/www.mwall.eu\/?s={search_term_string}"},"query-input":{"@type":"PropertyValueSpecification","valueRequired":true,"valueName":"search_term_string"}}],"inLanguage":"de"}]}},"_links":{"self":[{"href":"https:\/\/www.mwall.eu\/de\/wp-json\/wp\/v2\/pages\/2307","targetHints":{"allow":["GET"]}}],"collection":[{"href":"https:\/\/www.mwall.eu\/de\/wp-json\/wp\/v2\/pages"}],"about":[{"href":"https:\/\/www.mwall.eu\/de\/wp-json\/wp\/v2\/types\/page"}],"author":[{"embeddable":true,"href":"https:\/\/www.mwall.eu\/de\/wp-json\/wp\/v2\/users\/1"}],"replies":[{"embeddable":true,"href":"https:\/\/www.mwall.eu\/de\/wp-json\/wp\/v2\/comments?post=2307"}],"version-history":[{"count":3,"href":"https:\/\/www.mwall.eu\/de\/wp-json\/wp\/v2\/pages\/2307\/revisions"}],"predecessor-version":[{"id":2310,"href":"https:\/\/www.mwall.eu\/de\/wp-json\/wp\/v2\/pages\/2307\/revisions\/2310"}],"wp:attachment":[{"href":"https:\/\/www.mwall.eu\/de\/wp-json\/wp\/v2\/media?parent=2307"}],"curies":[{"name":"wp","href":"https:\/\/api.w.org\/{rel}","templated":true}]}}