{"id":2272,"date":"2021-12-10T13:41:57","date_gmt":"2021-12-10T13:41:57","guid":{"rendered":"https:\/\/www.mwall.eu\/kontakt\/"},"modified":"2023-12-19T20:00:40","modified_gmt":"2023-12-19T20:00:40","slug":"kontakt","status":"publish","type":"page","link":"https:\/\/www.mwall.eu\/de\/kontakt\/","title":{"rendered":"Kontakt"},"content":{"rendered":"<div class=\"wpb-content-wrapper\"><p>[vc_row full_width=&#8220;stretch_row&#8220; equal_height=&#8220;yes&#8220; el_class=&#8220;white-content&#8220;][vc_column width=&#8220;1\/2&#8243; el_class=&#8220;white-content&#8220;][vc_column_text css=&#8220;.vc_custom_1634128525557{margin-bottom: 25px !important;}&#8220;]<\/p>\n<h2>Haben Sie noch Fragen? Kontakt M-Wall<\/h2>\n<p>Der Kunde steht bei M-Wall im Mittelpunkt und seine Anliegen sind unsere Leidenschaft! M-Wall ist ein Spezialist f\u00fcr die Herstellung von hochwertigen Wandverkleidungen. Unsere Wandverkleidungen, T\u00fcrschutzvorrichtungen und Eckschutzvorrichtungen eignen sich perfekt f\u00fcr Umgebungen mit hohem Pflegeaufwand, k\u00f6nnen aber auch in Umgebungen mit geringem Pflegeaufwand verwendet werden.<\/p>\n<p>Haben Sie Fragen zu unseren Produkten oder m\u00f6chten Sie mehr \u00fcber unsere Dienstleistungen erfahren? Dann kontaktieren Sie uns einfach \u00fcber das Formular oder \u00fcber die Schaltfl\u00e4chen unten.[\/vc_column_text][vc_row_inner][vc_column_inner width=&#8220;1\/2&#8243;][vc_btn title=&#8220;+31 (0)850 18 85 00&#8243; style=&#8220;custom&#8220; custom_background=&#8220;#408fc7&#8243; custom_text=&#8220;#ffffff&#8220; shape=&#8220;square&#8220; align=&#8220;center&#8220; i_icon_fontawesome=&#8220;fas fa-phone-square-alt&#8220; button_block=&#8220;true&#8220; add_icon=&#8220;true&#8220; link=&#8220;url:tel%3A0031850188500&#8243;][\/vc_column_inner][vc_column_inner width=&#8220;1\/2&#8243;][vc_btn title=&#8220;info@mwall.eu&#8220; style=&#8220;custom&#8220; custom_background=&#8220;#408fc7&#8243; custom_text=&#8220;#ffffff&#8220; shape=&#8220;square&#8220; align=&#8220;center&#8220; i_icon_fontawesome=&#8220;fas fa-envelope&#8220; button_block=&#8220;true&#8220; add_icon=&#8220;true&#8220;][\/vc_column_inner][\/vc_row_inner][vc_column_text]Steenoven 4C<br \/>\n5626 DK Eindhoven<\/p>\n<p>Handelskammer: 52273075<br \/>\nUmsatzsteueridentifikationsnummer: NL850372033B01[\/vc_column_text][\/vc_column][vc_column width=&#8220;1\/2&#8243;]\n<div class=\"wpcf7 no-js\" id=\"wpcf7-f2539-o1\" lang=\"nl-NL\" dir=\"ltr\" data-wpcf7-id=\"2539\">\n<div class=\"screen-reader-response\"><p role=\"status\" aria-live=\"polite\" aria-atomic=\"true\"><\/p> <ul><\/ul><\/div>\n<form action=\"\/de\/wp-json\/wp\/v2\/pages\/2272#wpcf7-f2539-o1\" method=\"post\" class=\"wpcf7-form init\" aria-label=\"Contactformulier\" novalidate=\"novalidate\" data-status=\"init\">\n<fieldset class=\"hidden-fields-container\"><input type=\"hidden\" name=\"_wpcf7\" value=\"2539\" \/><input type=\"hidden\" name=\"_wpcf7_version\" value=\"6.1.5\" \/><input type=\"hidden\" name=\"_wpcf7_locale\" value=\"nl_NL\" \/><input type=\"hidden\" name=\"_wpcf7_unit_tag\" value=\"wpcf7-f2539-o1\" \/><input type=\"hidden\" name=\"_wpcf7_container_post\" value=\"0\" \/><input type=\"hidden\" name=\"_wpcf7_posted_data_hash\" value=\"\" \/><input type=\"hidden\" name=\"_wpcf7_recaptcha_response\" value=\"\" \/>\n<\/fieldset>\n<span id=\"wpcf7-69f58f2cab88a-wrapper\" class=\"wpcf7-form-control-wrap name-field-wrap\" ><input type=\"hidden\" name=\"name-field-time-start\" value=\"1777700652\"><input type=\"hidden\" name=\"name-field-time-check\" value=\"4\"><label for=\"wpcf7-69f58f2cab88a-field\" class=\"hp-message\">Gelieve dit veld leeg te laten.<\/label><input id=\"wpcf7-69f58f2cab88a-field\"  class=\"wpcf7-form-control wpcf7-text\" type=\"text\" name=\"name-field\" value=\"\" size=\"40\" tabindex=\"-1\" autocomplete=\"new-password\" \/><\/span>\n<input class=\"wpcf7-form-control wpcf7-hidden\" value=\"\" type=\"hidden\" name=\"utm_source\" \/>\n<input class=\"wpcf7-form-control wpcf7-hidden\" value=\"\" type=\"hidden\" name=\"utm_medium\" \/>\n<input class=\"wpcf7-form-control wpcf7-hidden\" value=\"\" type=\"hidden\" name=\"utm_campaign\" \/>\n<input class=\"wpcf7-form-control wpcf7-hidden\" value=\"\" type=\"hidden\" name=\"date\" \/>\n\n<div class=\"form-row\">\n    <div class=\"form-group col-md-6\">\n      <label for=\"inputName\">Name*<\/label>\n      <span class=\"wpcf7-form-control-wrap\" data-name=\"your-name\"><input size=\"40\" maxlength=\"400\" class=\"wpcf7-form-control wpcf7-text wpcf7-validates-as-required form-control\" aria-required=\"true\" aria-invalid=\"false\" value=\"\" type=\"text\" name=\"your-name\" \/><\/span>\n    <\/div>\n    <div class=\"form-group col-md-6\">\n      <label for=\"inputEmail\">E-Mail Adresse*<\/label>\n      <span class=\"wpcf7-form-control-wrap\" data-name=\"your-email\"><input size=\"40\" maxlength=\"400\" class=\"wpcf7-form-control wpcf7-email wpcf7-validates-as-required wpcf7-text wpcf7-validates-as-email form-control\" aria-required=\"true\" aria-invalid=\"false\" value=\"\" type=\"email\" name=\"your-email\" \/><\/span>\n    <\/div>\n  <\/div>\n<div class=\"form-row\">\n  <div class=\"form-group col-md-6\">\n      <label for=\"inputTel\">Rufnummer*<\/label>\n      <span class=\"wpcf7-form-control-wrap\" data-name=\"tel-27\"><input size=\"40\" maxlength=\"400\" class=\"wpcf7-form-control wpcf7-tel wpcf7-validates-as-required wpcf7-text wpcf7-validates-as-tel form-control\" aria-required=\"true\" aria-invalid=\"false\" value=\"\" type=\"tel\" name=\"tel-27\" \/><\/span>\n    <\/div>\n    <div class=\"form-group col-md-6\">\n      <label for=\"inputCompany\">Firmenname<\/label>\n      <span class=\"wpcf7-form-control-wrap\" data-name=\"your-company\"><input size=\"40\" maxlength=\"400\" class=\"wpcf7-form-control wpcf7-text form-control\" aria-invalid=\"false\" value=\"\" type=\"text\" name=\"your-company\" \/><\/span>\n    <\/div>\n<\/div>\n<div class=\"form-row\">\n  <div class=\"form-group col-md-12\">\n      <label for=\"inputMessage\">Nachricht<\/label>\n      <span class=\"wpcf7-form-control-wrap\" data-name=\"your-message\"><textarea cols=\"40\" rows=\"3\" maxlength=\"2000\" class=\"wpcf7-form-control wpcf7-textarea form-control\" aria-invalid=\"false\" name=\"your-message\"><\/textarea><\/span>\n    <\/div>\n<\/div>\n  \n<span class=\"wpcf7-form-control-wrap\" data-name=\"checkbox-583\"><span class=\"wpcf7-form-control wpcf7-checkbox wpcf7-validates-as-required\"><span class=\"wpcf7-list-item first last\"><input type=\"checkbox\" name=\"checkbox-583[]\" value=\"Ich bin mit den Datenschutzbestimmungen einverstanden\" \/><span class=\"wpcf7-list-item-label\">Ich bin mit den Datenschutzbestimmungen einverstanden<\/span><\/span><\/span><\/span>\n<p><small><a href=\"de\/privacy-policy\" target=\"_blank\">Lesen Sie unsere Datenschutzrichtlinie<\/a><\/small><\/p>\n\n<input class=\"wpcf7-form-control wpcf7-submit has-spinner btn btn-primary\" type=\"submit\" value=\"Einreichen\" \/><p style=\"display: none !important;\" class=\"akismet-fields-container\" data-prefix=\"_wpcf7_ak_\"><label>&#916;<textarea name=\"_wpcf7_ak_hp_textarea\" cols=\"45\" rows=\"8\" maxlength=\"100\"><\/textarea><\/label><input type=\"hidden\" id=\"ak_js_1\" name=\"_wpcf7_ak_js\" value=\"89\"\/><script>document.getElementById( \"ak_js_1\" ).setAttribute( \"value\", ( new Date() ).getTime() );<\/script><\/p><div class=\"wpcf7-response-output\" aria-hidden=\"true\"><\/div>\n<\/form>\n<\/div>\n[\/vc_column][\/vc_row][vc_row][vc_column][vc_empty_space][\/vc_column][\/vc_row][vc_row full_width=&#8220;stretch_row&#8220; css=&#8220;.vc_custom_1619781112576{background-color: #f2f2f2 !important;}&#8220;][vc_column width=&#8220;1\/2&#8243;][vc_single_image image=&#8220;492&#8243; img_size=&#8220;full&#8220;][\/vc_column][vc_column width=&#8220;1\/2&#8243;][vc_gmaps link=&#8220;#E-8_JTNDaWZyYW1lJTIwc3JjJTNEJTIyaHR0cHMlM0ElMkYlMkZ3d3cuZ29vZ2xlLmNvbSUyRm1hcHMlMkZlbWJlZCUzRnBiJTNEJTIxMW0xOCUyMTFtMTIlMjExbTMlMjExZDI0ODQuNzA2NjUzOTk0NDMzJTIxMmQ1LjQyMDAzNzYxNTk1MTA2OCUyMTNkNTEuNDgxODk4NjIwMzg4MTElMjEybTMlMjExZjAlMjEyZjAlMjEzZjAlMjEzbTIlMjExaTEwMjQlMjEyaTc2OCUyMTRmMTMuMSUyMTNtMyUyMTFtMiUyMTFzMHg0N2M2ZGMwZThhYWM1ZmI5JTI1M0EweGU4MjEwMTRjZjI3NmUwYWMlMjEyc1N0ZWVub3ZlbiUyNTIwNEMlMjUyQyUyNTIwNTYyNiUyNTIwREslMjUyMEVpbmRob3ZlbiUyMTVlMCUyMTNtMiUyMTFzbmwlMjEyc25sJTIxNHYxNjE5NzgwODcwMTA1JTIxNW0yJTIxMXNubCUyMTJzbmwlMjIlMjB3aWR0aCUzRCUyMjEwMCUyNSUyMiUyMGhlaWdodCUzRCUyMjUxNSUyMiUyMHN0eWxlJTNEJTIyYm9yZGVyJTNBMCUzQiUyMiUyMGFsbG93ZnVsbHNjcmVlbiUzRCUyMiUyMiUyMGxvYWRpbmclM0QlMjJsYXp5JTIyJTNFJTNDJTJGaWZyYW1lJTNF&#8220; size=&#8220;505&#8243;][\/vc_column][\/vc_row][vc_row][vc_column][vc_custom_heading text=&#8220;Unsere internationalen Partner&#8220; font_container=&#8220;tag:h2|font_size:32px|text_align:center&#8220; use_theme_fonts=&#8220;yes&#8220;][vc_empty_space][\/vc_column][\/vc_row][vc_row gap=&#8220;15&#8243; equal_height=&#8220;yes&#8220;][vc_column width=&#8220;1\/2&#8243; css=&#8220;.vc_custom_1620636007397{border-top-width: 2px !important;border-right-width: 2px !important;border-bottom-width: 2px !important;border-left-width: 2px !important;border-left-color: rgba(0,0,0,0.1) !important;border-left-style: solid !important;border-right-color: rgba(0,0,0,0.1) !important;border-right-style: solid !important;border-top-color: rgba(0,0,0,0.1) !important;border-top-style: solid !important;border-bottom-color: rgba(0,0,0,0.1) !important;border-bottom-style: solid !important;}&#8220;][vc_column_text]<strong>M-Wall Qatar &#8211; H&amp;Z Trading<\/strong><br \/>\nPO Box 214216<br \/>\nHiteen Street, Al Muntazah<br \/>\nDoha &#8211; Qatar[\/vc_column_text][vc_btn title=&#8220;+974 4468 9764&#8243; style=&#8220;custom&#8220; custom_background=&#8220;#408fc7&#8243; custom_text=&#8220;#ffffff&#8220; shape=&#8220;square&#8220; align=&#8220;left&#8220; i_icon_fontawesome=&#8220;fas fa-phone-square-alt&#8220; button_block=&#8220;true&#8220; add_icon=&#8220;true&#8220; link=&#8220;url:tel%3A0097444689764&#8243;][vc_btn title=&#8220;info@handzqatar.com&#8220; style=&#8220;custom&#8220; custom_background=&#8220;#408fc7&#8243; custom_text=&#8220;#ffffff&#8220; shape=&#8220;square&#8220; align=&#8220;left&#8220; i_icon_fontawesome=&#8220;fas fa-envelope-square&#8220; button_block=&#8220;true&#8220; add_icon=&#8220;true&#8220; link=&#8220;url:mailto%3Ainfo%40handzqatar.com|&#8220;][\/vc_column][vc_column width=&#8220;1\/2&#8243; css=&#8220;.vc_custom_1620636012776{border-top-width: 2px !important;border-right-width: 2px !important;border-bottom-width: 2px !important;border-left-width: 2px !important;border-left-color: rgba(0,0,0,0.1) !important;border-left-style: solid !important;border-right-color: rgba(0,0,0,0.1) !important;border-right-style: solid !important;border-top-color: rgba(0,0,0,0.1) !important;border-top-style: solid !important;border-bottom-color: rgba(0,0,0,0.1) !important;border-bottom-style: solid !important;}&#8220;][vc_column_text]<strong>M-Wall Dubai<\/strong><br \/>\nBusiness Bay &#8211; Shobha Tower 2<br \/>\nOffice 602<br \/>\nDubai UAE[\/vc_column_text][vc_btn title=&#8220;michael@mwall.ae&#8220; style=&#8220;custom&#8220; custom_background=&#8220;#408fc7&#8243; custom_text=&#8220;#ffffff&#8220; shape=&#8220;square&#8220; align=&#8220;left&#8220; i_icon_fontawesome=&#8220;fas fa-envelope-square&#8220; button_block=&#8220;true&#8220; add_icon=&#8220;true&#8220; link=&#8220;url:mailto%3Amichael%40mwall.ae|&#8220;][\/vc_column][\/vc_row][vc_row][vc_column][vc_empty_space][\/vc_column][\/vc_row]<\/p>\n<\/div>","protected":false},"excerpt":{"rendered":"<p>[vc_row full_width=&#8220;stretch_row&#8220; equal_height=&#8220;yes&#8220; el_class=&#8220;white-content&#8220;][vc_column width=&#8220;1\/2&#8243; el_class=&#8220;white-content&#8220;][vc_column_text css=&#8220;.vc_custom_1634128525557{margin-bottom: 25px !important;}&#8220;] Haben Sie noch Fragen? Kontakt M-Wall Der Kunde steht bei M-Wall im Mittelpunkt und seine Anliegen sind unsere Leidenschaft! M-Wall ist ein Spezialist f\u00fcr die Herstellung von hochwertigen Wandverkleidungen. Unsere Wandverkleidungen, T\u00fcrschutzvorrichtungen und Eckschutzvorrichtungen eignen sich perfekt f\u00fcr Umgebungen mit hohem Pflegeaufwand, k\u00f6nnen aber auch in [&hellip;]<\/p>\n","protected":false},"author":1,"featured_media":0,"parent":0,"menu_order":0,"comment_status":"closed","ping_status":"closed","template":"","meta":{"footnotes":""},"class_list":["post-2272","page","type-page","status-publish","hentry"],"yoast_head":"<!-- This site is optimized with the Yoast SEO plugin v27.3 - https:\/\/yoast.com\/product\/yoast-seo-wordpress\/ -->\n<title>Kontakt - M-Wall<\/title>\n<meta name=\"description\" content=\"Haben Sie Fragen zu unseren Produkten und\/oder Dienstleistungen? Dann kontaktieren Sie uns bitte. Unser professionelles Team ist bereit, Ihre Fragen zu beantworten.\" \/>\n<meta name=\"robots\" content=\"index, follow, max-snippet:-1, max-image-preview:large, max-video-preview:-1\" \/>\n<link rel=\"canonical\" href=\"https:\/\/www.mwall.eu\/contact\/\" \/>\n<meta property=\"og:locale\" content=\"de_DE\" \/>\n<meta property=\"og:type\" content=\"article\" \/>\n<meta property=\"og:title\" content=\"Kontakt - M-Wall\" \/>\n<meta property=\"og:description\" content=\"Haben Sie Fragen zu unseren Produkten und\/oder Dienstleistungen? Dann kontaktieren Sie uns bitte. Unser professionelles Team ist bereit, Ihre Fragen zu beantworten.\" \/>\n<meta property=\"og:url\" content=\"https:\/\/www.mwall.eu\/contact\/\" \/>\n<meta property=\"og:site_name\" content=\"M-Wall\" \/>\n<meta property=\"article:modified_time\" content=\"2023-12-19T20:00:40+00:00\" \/>\n<meta name=\"twitter:card\" content=\"summary_large_image\" \/>\n<meta name=\"twitter:label1\" content=\"Gesch\u00e4tzte Lesezeit\" \/>\n\t<meta name=\"twitter:data1\" content=\"2\u00a0Minuten\" \/>\n<script type=\"application\/ld+json\" class=\"yoast-schema-graph\">{\"@context\":\"https:\\\/\\\/schema.org\",\"@graph\":[{\"@type\":\"WebPage\",\"@id\":\"https:\\\/\\\/www.mwall.eu\\\/contact\\\/\",\"url\":\"https:\\\/\\\/www.mwall.eu\\\/contact\\\/\",\"name\":\"Kontakt - M-Wall\",\"isPartOf\":{\"@id\":\"https:\\\/\\\/www.mwall.eu\\\/#website\"},\"datePublished\":\"2021-12-10T13:41:57+00:00\",\"dateModified\":\"2023-12-19T20:00:40+00:00\",\"description\":\"Haben Sie Fragen zu unseren Produkten und\\\/oder Dienstleistungen? Dann kontaktieren Sie uns bitte. Unser professionelles Team ist bereit, Ihre Fragen zu beantworten.\",\"breadcrumb\":{\"@id\":\"https:\\\/\\\/www.mwall.eu\\\/contact\\\/#breadcrumb\"},\"inLanguage\":\"de\",\"potentialAction\":[{\"@type\":\"ReadAction\",\"target\":[\"https:\\\/\\\/www.mwall.eu\\\/contact\\\/\"]}]},{\"@type\":\"BreadcrumbList\",\"@id\":\"https:\\\/\\\/www.mwall.eu\\\/contact\\\/#breadcrumb\",\"itemListElement\":[{\"@type\":\"ListItem\",\"position\":1,\"name\":\"Home\",\"item\":\"https:\\\/\\\/www.mwall.eu\\\/de\\\/\"},{\"@type\":\"ListItem\",\"position\":2,\"name\":\"Kontakt\"}]},{\"@type\":\"WebSite\",\"@id\":\"https:\\\/\\\/www.mwall.eu\\\/#website\",\"url\":\"https:\\\/\\\/www.mwall.eu\\\/\",\"name\":\"M-Wall\",\"description\":\"\",\"potentialAction\":[{\"@type\":\"SearchAction\",\"target\":{\"@type\":\"EntryPoint\",\"urlTemplate\":\"https:\\\/\\\/www.mwall.eu\\\/?s={search_term_string}\"},\"query-input\":{\"@type\":\"PropertyValueSpecification\",\"valueRequired\":true,\"valueName\":\"search_term_string\"}}],\"inLanguage\":\"de\"}]}<\/script>\n<!-- \/ Yoast SEO plugin. -->","yoast_head_json":{"title":"Kontakt - M-Wall","description":"Haben Sie Fragen zu unseren Produkten und\/oder Dienstleistungen? Dann kontaktieren Sie uns bitte. Unser professionelles Team ist bereit, Ihre Fragen zu beantworten.","robots":{"index":"index","follow":"follow","max-snippet":"max-snippet:-1","max-image-preview":"max-image-preview:large","max-video-preview":"max-video-preview:-1"},"canonical":"https:\/\/www.mwall.eu\/contact\/","og_locale":"de_DE","og_type":"article","og_title":"Kontakt - M-Wall","og_description":"Haben Sie Fragen zu unseren Produkten und\/oder Dienstleistungen? Dann kontaktieren Sie uns bitte. Unser professionelles Team ist bereit, Ihre Fragen zu beantworten.","og_url":"https:\/\/www.mwall.eu\/contact\/","og_site_name":"M-Wall","article_modified_time":"2023-12-19T20:00:40+00:00","twitter_card":"summary_large_image","twitter_misc":{"Gesch\u00e4tzte Lesezeit":"2\u00a0Minuten"},"schema":{"@context":"https:\/\/schema.org","@graph":[{"@type":"WebPage","@id":"https:\/\/www.mwall.eu\/contact\/","url":"https:\/\/www.mwall.eu\/contact\/","name":"Kontakt - M-Wall","isPartOf":{"@id":"https:\/\/www.mwall.eu\/#website"},"datePublished":"2021-12-10T13:41:57+00:00","dateModified":"2023-12-19T20:00:40+00:00","description":"Haben Sie Fragen zu unseren Produkten und\/oder Dienstleistungen? Dann kontaktieren Sie uns bitte. Unser professionelles Team ist bereit, Ihre Fragen zu beantworten.","breadcrumb":{"@id":"https:\/\/www.mwall.eu\/contact\/#breadcrumb"},"inLanguage":"de","potentialAction":[{"@type":"ReadAction","target":["https:\/\/www.mwall.eu\/contact\/"]}]},{"@type":"BreadcrumbList","@id":"https:\/\/www.mwall.eu\/contact\/#breadcrumb","itemListElement":[{"@type":"ListItem","position":1,"name":"Home","item":"https:\/\/www.mwall.eu\/de\/"},{"@type":"ListItem","position":2,"name":"Kontakt"}]},{"@type":"WebSite","@id":"https:\/\/www.mwall.eu\/#website","url":"https:\/\/www.mwall.eu\/","name":"M-Wall","description":"","potentialAction":[{"@type":"SearchAction","target":{"@type":"EntryPoint","urlTemplate":"https:\/\/www.mwall.eu\/?s={search_term_string}"},"query-input":{"@type":"PropertyValueSpecification","valueRequired":true,"valueName":"search_term_string"}}],"inLanguage":"de"}]}},"_links":{"self":[{"href":"https:\/\/www.mwall.eu\/de\/wp-json\/wp\/v2\/pages\/2272","targetHints":{"allow":["GET"]}}],"collection":[{"href":"https:\/\/www.mwall.eu\/de\/wp-json\/wp\/v2\/pages"}],"about":[{"href":"https:\/\/www.mwall.eu\/de\/wp-json\/wp\/v2\/types\/page"}],"author":[{"embeddable":true,"href":"https:\/\/www.mwall.eu\/de\/wp-json\/wp\/v2\/users\/1"}],"replies":[{"embeddable":true,"href":"https:\/\/www.mwall.eu\/de\/wp-json\/wp\/v2\/comments?post=2272"}],"version-history":[{"count":12,"href":"https:\/\/www.mwall.eu\/de\/wp-json\/wp\/v2\/pages\/2272\/revisions"}],"predecessor-version":[{"id":4541,"href":"https:\/\/www.mwall.eu\/de\/wp-json\/wp\/v2\/pages\/2272\/revisions\/4541"}],"wp:attachment":[{"href":"https:\/\/www.mwall.eu\/de\/wp-json\/wp\/v2\/media?parent=2272"}],"curies":[{"name":"wp","href":"https:\/\/api.w.org\/{rel}","templated":true}]}}